{"id":121293,"date":"2025-09-19T00:00:00","date_gmt":"2025-09-18T22:00:00","guid":{"rendered":"https:\/\/gpl-love.com\/fr\/produit\/css-igniter-nozama-woocommerce-theme\/"},"modified":"2026-03-20T22:59:49","modified_gmt":"2026-03-20T21:59:49","slug":"css-igniter-nozama-woocommerce-theme","status":"publish","type":"product","link":"https:\/\/gpl-love.com\/fr\/produit\/css-igniter-nozama-woocommerce-theme\/","title":{"rendered":"CSS Igniter Nozama WooCommerce Theme 1.4.6"},"content":{"rendered":"<h3>CSS Igniter Nozama WooCommerce Theme Traits<\/h3>\n<p>Le th\u00e8me de Nozama WooCommerce, d\u00e9velopp\u00e9 par CSS Igniter, est un th\u00e8me de commerce \u00e9lectronique premium qui offre une opportunit\u00e9 exceptionnelle pour les personnes qui aspirent \u00e0 \u00e9tablir une boutique en ligne avec une apparence professionnelle. Ce th\u00e8me poss\u00e8de un design \u00e9l\u00e9gant et contemporain qui peut \u00eatre enti\u00e8rement personnalis\u00e9, permettant aux utilisateurs de personnaliser l&rsquo;apparence et l&rsquo;ambiance de leur magasin pour s&rsquo;aligner sur leur identit\u00e9 de marque sp\u00e9cifique. De plus, ce th\u00e8me a \u00e9t\u00e9 strat\u00e9giquement optimis\u00e9 pour WooCommerce, ce qui rend les utilisateurs sans effort pour vendre sans effort les produits physiques et num\u00e9riques, g\u00e9rer efficacement leur inventaire et \u00e9tablir des pr\u00e9f\u00e9rences d&rsquo;exp\u00e9dition et fiscales appropri\u00e9es. De plus, une myriade de fonctionnalit\u00e9s convaincantes sont int\u00e9gr\u00e9es dans ce th\u00e8me, englobant un assortiment de dispositions de page d&rsquo;accueil, de pages de produits et de cat\u00e9gorie, ainsi qu&rsquo;un pied de page enti\u00e8rement personnalisable, entre autres attributs remarquables. En exploitant la puissance du th\u00e8me CSS Igniter Nozama WooCommerce, les utilisateurs peuvent \u00e9laborer de mani\u00e8re transparente une boutique en ligne qui poss\u00e8de un m\u00e9lange extraordinaire d&rsquo;allure esth\u00e9tique et d&rsquo;excellence fonctionnelle, am\u00e9liorant ainsi consid\u00e9rablement leur capacit\u00e9 \u00e0 captiver et \u00e0 convertir une base de clients plus large.<\/p>\n<ul>\n<li>Un th\u00e8me de commerce \u00e9lectronique \u00e9l\u00e9gant et moderne pour WordPress<\/li>\n<li>Construit avec le plugin WooCommerce populaire pour des ventes en ligne faciles et une gestion des stocks<\/li>\n<li>Page d&rsquo;accueil personnalisable avec plusieurs dispositions pour pr\u00e9senter des produits et des promotions<\/li>\n<li>Fonction de vue rapide pour les clients pour afficher facilement les d\u00e9tails du produit sans quitter la page d&rsquo;accueil<\/li>\n<li>B\u00e2teur de page glisser-d\u00e9poser pour une personnalisation facile des pages de produits individuelles<\/li>\n<li>Options de filtrage et de tri des produits int\u00e9gr\u00e9s pour une exp\u00e9rience utilisateur am\u00e9lior\u00e9e<\/li>\n<li>Conception r\u00e9active pour une visualisation transparente sur les appareils mobiles<\/li>\n<li>Int\u00e9gration avec les plateformes de m\u00e9dias sociaux populaires pour un partage facile et une notation accrue de la marque<\/li>\n<li>SEO optimis\u00e9 pour am\u00e9liorer les classements des moteurs de recherche et accru la visibilit\u00e9 en ligne<\/li>\n<li>Mises \u00e0 jour du th\u00e8me r\u00e9gulier et soutien d\u00e9di\u00e9 de l&rsquo;\u00e9quipe CSS Igniter<\/li>\n<\/ul>\n","protected":false},"excerpt":{"rendered":"<p>D\u00e9couvrez le pouvoir et la flexibilit\u00e9 du th\u00e8me de Nozama WooCommerce de CSS Igniter. Ce th\u00e8me sp\u00e9cifique au commerce \u00e9lectronique est con\u00e7u pour offrir une exp\u00e9rience d&rsquo;achat optimale \u00e0 vos clients. Nozama est enti\u00e8rement int\u00e9gr\u00e9 \u00e0 WooCommerce, le premier plugin de commerce \u00e9lectronique, ce qui en fait un choix id\u00e9al pour tout d\u00e9taillant en ligne. Le th\u00e8me est livr\u00e9 avec une gamme de fonctionnalit\u00e9s personnalisables, vous permettant de concevoir une boutique en ligne unique et attrayante. La conception r\u00e9active garantit que votre site Web a fi\u00e8re allure sur n&rsquo;importe quel appareil, augmentant l&rsquo;accessibilit\u00e9 pour vos clients. Le th\u00e8me b\u00e9n\u00e9ficie \u00e9galement de l&rsquo;optimisation du r\u00e9f\u00e9rencement, de l&rsquo;am\u00e9lioration de la visibilit\u00e9 de votre site sur les moteurs de recherche populaires et de la conduite de plus de trafic vers votre magasin. Le design propre et moderne de Nozama, associ\u00e9 \u00e0 sa fonctionnalit\u00e9, en fait un choix populaire pour les d\u00e9taillants en ligne. Avec le th\u00e8me Nozama WooCommerce de CSS Igniter, vous avez la libert\u00e9 de cr\u00e9er une boutique en ligne qui refl\u00e8te vraiment l&rsquo;identit\u00e9 de votre marque.<\/p>\n","protected":false},"featured_media":143472,"comment_status":"open","ping_status":"open","template":"","meta":[],"product_brand":[2499],"product_cat":[1238,1851,1212],"product_tag":[2187],"class_list":{"0":"post-121293","1":"product","2":"type-product","3":"status-publish","4":"has-post-thumbnail","6":"product_brand-css-igniter","7":"product_cat-commerce-electronique-themes","8":"product_cat-entreprise-commerce-electronique-themes","9":"product_cat-themes","10":"product_tag-css-igniter","11":"member-discount","12":"discount-restricted","14":"first","15":"instock","16":"sale","17":"downloadable","18":"virtual","19":"sold-individually","20":"purchasable","21":"product-type-simple"},"_links":{"self":[{"href":"https:\/\/gpl-love.com\/fr\/wp-json\/wp\/v2\/product\/121293","targetHints":{"allow":["GET"]}}],"collection":[{"href":"https:\/\/gpl-love.com\/fr\/wp-json\/wp\/v2\/product"}],"about":[{"href":"https:\/\/gpl-love.com\/fr\/wp-json\/wp\/v2\/types\/product"}],"replies":[{"embeddable":true,"href":"https:\/\/gpl-love.com\/fr\/wp-json\/wp\/v2\/comments?post=121293"}],"wp:featuredmedia":[{"embeddable":true,"href":"https:\/\/gpl-love.com\/fr\/wp-json\/wp\/v2\/media\/143472"}],"wp:attachment":[{"href":"https:\/\/gpl-love.com\/fr\/wp-json\/wp\/v2\/media?parent=121293"}],"wp:term":[{"taxonomy":"product_brand","embeddable":true,"href":"https:\/\/gpl-love.com\/fr\/wp-json\/wp\/v2\/product_brand?post=121293"},{"taxonomy":"product_cat","embeddable":true,"href":"https:\/\/gpl-love.com\/fr\/wp-json\/wp\/v2\/product_cat?post=121293"},{"taxonomy":"product_tag","embeddable":true,"href":"https:\/\/gpl-love.com\/fr\/wp-json\/wp\/v2\/product_tag?post=121293"}],"curies":[{"name":"wp","href":"https:\/\/api.w.org\/{rel}","templated":true}]}}