{"id":121292,"date":"2023-01-24T00:00:00","date_gmt":"2023-01-23T23:00:00","guid":{"rendered":"https:\/\/gpl-love.com\/fr\/produit\/css-igniter-noozbeat-wordpress-theme\/"},"modified":"2026-03-20T22:59:48","modified_gmt":"2026-03-20T21:59:48","slug":"css-igniter-noozbeat-wordpress-theme","status":"publish","type":"product","link":"https:\/\/gpl-love.com\/fr\/produit\/css-igniter-noozbeat-wordpress-theme\/","title":{"rendered":"CSS Igniter Noozbeat WordPress Theme 1.3.3"},"content":{"rendered":"<h3>CSS Igniter Noozbeat WordPress Theme Traits<\/h3>\n<p>Le th\u00e8me WordPress CSS Igniter Noozbeat s&rsquo;av\u00e8re \u00eatre la solution ultime pour les personnes cherchant \u00e0 \u00e9tablir un site Web de nouvelles ou de magazines hautement professionnel. Ce th\u00e8me exceptionnel offre une pl\u00e9thore d&rsquo;options de personnalisation, offrant aux utilisateurs la possibilit\u00e9 d&rsquo;adapter m\u00e9ticuleusement la disposition, les couleurs et les polices pour s&rsquo;aligner de mani\u00e8re transparente avec leurs identit\u00e9s de marque respectives. De plus, Noodbeat garantit une interface pleinement r\u00e9active, garantissant un attrait visuel et une fonctionnalit\u00e9 optimaux sur un \u00e9ventail diversifi\u00e9 d&rsquo;appareils. Non seulement ce th\u00e8me remarquable poss\u00e8de un vaste \u00e9ventail de fonctionnalit\u00e9s, notamment des widgets personnalis\u00e9s, une int\u00e9gration des m\u00e9dias sociaux et un panel d&rsquo;options de th\u00e8me robuste, mais il excelle \u00e9galement dans la pr\u00e9sentation du contenu d&rsquo;une mani\u00e8re claire et visuellement captivante sans effort, facilitant ainsi une navigabilit\u00e9 am\u00e9lior\u00e9e et am\u00e9lior\u00e9 et am\u00e9lior\u00e9 exp\u00e9rience utilisateur. Tout bien consid\u00e9r\u00e9, le th\u00e8me WordPress NOOZBEAT CSS Igniter repr\u00e9sente sans aucun doute un choix id\u00e9al pour les individus aspirant \u00e0 \u00e9tablir un site Web d&rsquo;actualit\u00e9s ou de magazine de haut niveau.<\/p>\n<ul>\n<li>Design moderne et \u00e9l\u00e9gant qui est parfait pour les sites Web d&rsquo;actualit\u00e9s et de magazines<\/li>\n<li>Disposition enti\u00e8rement r\u00e9active qui garantit de grandes performances sur tous les appareils<\/li>\n<li>Plusieurs dispositions de page d&rsquo;accueil au choix, vous donnant la flexibilit\u00e9 pour cr\u00e9er un look unique<\/li>\n<li>Prise en charge int\u00e9gr\u00e9e pour les polices Google, vous permettant de styliser votre contenu avec facilit\u00e9<\/li>\n<li>Un panneau d&rsquo;options de th\u00e8me puissant qui vous donne un contr\u00f4le complet sur l&rsquo;apparence de votre site<\/li>\n<li>Int\u00e9gration avec des plugins de g\u00e9n\u00e9rateur de page populaires comme Elementor et Beaver Builder<\/li>\n<li>Group\u00e9 avec une vari\u00e9t\u00e9 de widgets personnalis\u00e9s, y compris des ic\u00f4nes de m\u00e9dias sociaux, des publications r\u00e9centes et plus<\/li>\n<li>Code optimis\u00e9 SEO pour donner un coup de pouce \u00e0 votre site dans le classement des moteurs de recherche<\/li>\n<li>Compatible avec tous les principaux plugins WordPress, y compris le r\u00e9f\u00e9rencement Yoast, les WPForms, et plus<\/li>\n<li>Documentation compl\u00e8te et support fiable pour vous guider \u00e0 travers la configuration et la personnalisation.<\/li>\n<\/ul>\n","protected":false},"excerpt":{"rendered":"<p>Le th\u00e8me WordPress Noozbeat par CSS Igniter est un th\u00e8me dynamique et r\u00e9actif con\u00e7u sp\u00e9cifiquement pour les sites Web d&rsquo;actualit\u00e9s et de magazines. Avec son design \u00e9l\u00e9gant et sa interface facile \u00e0 utiliser, Noozbeat offre une exp\u00e9rience utilisateur transparente pour les administrateurs et les lecteurs de site. Le th\u00e8me est rempli de fonctionnalit\u00e9s telles que des dispositions personnalisables, des sch\u00e9mas de couleurs et plusieurs mod\u00e8les de cat\u00e9gorie, vous donnant un contr\u00f4le complet sur l&rsquo;aspect et la sensation de votre site Web. La conception conviviale de r\u00e9f\u00e9rencement garantit la visibilit\u00e9 de votre site, tandis que les options de partage social int\u00e9gr\u00e9es permettent \u00e0 vos lecteurs de partager votre contenu facilement. Avec le th\u00e8me WordPress Noozbeat de CSS Igniter, vous pouvez cr\u00e9er un site Web d&rsquo;actualit\u00e9s riches en fonctionnalit\u00e9s visuellement qui se d\u00e9marque de la foule.<\/p>\n","protected":false},"featured_media":143471,"comment_status":"open","ping_status":"open","template":"","meta":[],"product_brand":[2499],"product_cat":[1220,1212,1213],"product_tag":[2187],"class_list":{"0":"post-121292","1":"product","2":"type-product","3":"status-publish","4":"has-post-thumbnail","6":"product_brand-css-igniter","7":"product_cat-blog-magazine","8":"product_cat-themes","9":"product_cat-wordpress-themes","10":"product_tag-css-igniter","11":"member-discount","12":"discount-restricted","14":"first","15":"instock","16":"sale","17":"downloadable","18":"virtual","19":"sold-individually","20":"purchasable","21":"product-type-simple"},"_links":{"self":[{"href":"https:\/\/gpl-love.com\/fr\/wp-json\/wp\/v2\/product\/121292","targetHints":{"allow":["GET"]}}],"collection":[{"href":"https:\/\/gpl-love.com\/fr\/wp-json\/wp\/v2\/product"}],"about":[{"href":"https:\/\/gpl-love.com\/fr\/wp-json\/wp\/v2\/types\/product"}],"replies":[{"embeddable":true,"href":"https:\/\/gpl-love.com\/fr\/wp-json\/wp\/v2\/comments?post=121292"}],"wp:featuredmedia":[{"embeddable":true,"href":"https:\/\/gpl-love.com\/fr\/wp-json\/wp\/v2\/media\/143471"}],"wp:attachment":[{"href":"https:\/\/gpl-love.com\/fr\/wp-json\/wp\/v2\/media?parent=121292"}],"wp:term":[{"taxonomy":"product_brand","embeddable":true,"href":"https:\/\/gpl-love.com\/fr\/wp-json\/wp\/v2\/product_brand?post=121292"},{"taxonomy":"product_cat","embeddable":true,"href":"https:\/\/gpl-love.com\/fr\/wp-json\/wp\/v2\/product_cat?post=121292"},{"taxonomy":"product_tag","embeddable":true,"href":"https:\/\/gpl-love.com\/fr\/wp-json\/wp\/v2\/product_tag?post=121292"}],"curies":[{"name":"wp","href":"https:\/\/api.w.org\/{rel}","templated":true}]}}