{"id":121291,"date":"2022-02-10T00:00:00","date_gmt":"2022-02-09T23:00:00","guid":{"rendered":"https:\/\/gpl-love.com\/fr\/produit\/advanced-custom-fields-repeater-field-addon\/"},"modified":"2026-03-20T22:53:35","modified_gmt":"2026-03-20T21:53:35","slug":"advanced-custom-fields-repeater-field-addon","status":"publish","type":"product","link":"https:\/\/gpl-love.com\/fr\/produit\/advanced-custom-fields-repeater-field-addon\/","title":{"rendered":"Advanced Custom Fields Repeater Field Addon 1.1.1"},"content":{"rendered":"<h3>Advanced Custom Fields Repeater Field Addon Traits<\/h3>\n<p>L&rsquo;addon de champ de r\u00e9p\u00e9teur de champs personnalis\u00e9 avanc\u00e9 est un outil incroyablement robuste et influent qui r\u00e9pond aux besoins des utilisateurs de WordPress qui souhaitent construire des sites Web complexes et en constante \u00e9volution. Ce plugin remarquable offre aux utilisateurs la possibilit\u00e9 de g\u00e9n\u00e9rer des champs qui peuvent \u00eatre r\u00e9p\u00e9t\u00e9s dans leurs types de messages personnalis\u00e9s, simplifiant ainsi la t\u00e2che d&rsquo;incorporer et de g\u00e9rer diverses formes de donn\u00e9es telles que des images, des vid\u00e9os et du texte. B\u00e9n\u00e9ficiant d&rsquo;une interface incroyablement conviviale et d&rsquo;un \u00e9ventail d&rsquo;options flexibles, l&rsquo;addon de champ r\u00e9p\u00e9teur rationalise efficacement le processus ardu de construire des pages et des dispositions personnalis\u00e9es, ce qui entra\u00eene des \u00e9conomies de temps et d&rsquo;efforts importantes. Que vous soyez un d\u00e9veloppeur professionnel chevronn\u00e9 ou un propri\u00e9taire de site Web autonome qui pr\u00e9f\u00e8re l&rsquo;approche \u00e0 faire soi-m\u00eame, ce plugin exemplaire sert sans aucun doute un outil vraiment irrempla\u00e7able dans votre arsenal.<\/p>\n<ul>\n<li>Permet aux utilisateurs de cr\u00e9er et de g\u00e9rer facilement les champs de r\u00e9p\u00e9teur dans des champs personnalis\u00e9s avanc\u00e9s<\/li>\n<li>Fournit une interface utilisateur tr\u00e8s intuitive pour ajouter de nouvelles lignes de r\u00e9p\u00e9teur et \u00e9diter des lignes existantes<\/li>\n<li>Offre une gamme d&rsquo;options personnalisables, y compris des limites de lignes maximales et des associations de groupes de terrain<\/li>\n<li>Stockage et r\u00e9cup\u00e8re efficacement les donn\u00e9es de r\u00e9p\u00e9teur, optimisant les performances et r\u00e9duisant les temps de chargement du site<\/li>\n<li>Permet aux utilisateurs d&rsquo;afficher les donn\u00e9es de champ de r\u00e9p\u00e9teur de diverses mani\u00e8res, via des mod\u00e8les, des extraits de code ou des constructeurs de pages<\/li>\n<li>S&rsquo;int\u00e8gre parfaitement \u00e0 d&rsquo;autres extensions et modules compl\u00e9mentaires de champs personnalis\u00e9s avanc\u00e9s, permettant aux utilisateurs d&rsquo;am\u00e9liorer davantage leurs capacit\u00e9s de gestion des donn\u00e9es<\/li>\n<li>Offre un support client d\u00e9di\u00e9 et des mises \u00e0 jour r\u00e9guli\u00e8res pour assurer une fonctionnalit\u00e9 et une compatibilit\u00e9 maximales avec les derni\u00e8res versions de WordPress et ACF.<\/li>\n<\/ul>\n","protected":false},"excerpt":{"rendered":"<p>La fonctionnalit\u00e9 avanc\u00e9e du plugin de champs personnalis\u00e9s offre de nombreux avantages aux d\u00e9veloppeurs, concepteurs et cr\u00e9ateurs de contenu. Il permet de g\u00e9rer facilement les structures de donn\u00e9es complexes dans WordPress. L&rsquo;une de ses fonctionnalit\u00e9s les plus importantes est l&rsquo;addon de champ de r\u00e9p\u00e9teur de champs personnalis\u00e9 avanc\u00e9, qui fournit des am\u00e9liorations aux fonctionnalit\u00e9s de base en permettant une r\u00e9p\u00e9tition et une organisation efficaces des champs.<\/p>\n<p>Cet addon a \u00e9t\u00e9 sp\u00e9cialement con\u00e7u pour rationaliser la cr\u00e9ation de champ personnalis\u00e9e avanc\u00e9e, ce qui rend le processus de cr\u00e9ation de contenu plus simple et plus efficace. Il propose des param\u00e8tres de configuration conviviaux pour les champs de champs, ce qui vous permet de g\u00e9n\u00e9rer un champ r\u00e9p\u00e9titif dans WordPress sans effort.<\/p>\n<p>De plus, il fournit \u00e9galement des outils de manipulation de champs dans le champ, tels que l&rsquo;addition, la suppression et la r\u00e9organisation. Cette flexibilit\u00e9 facilite la cr\u00e9ation de contenu adaptable et dynamique dans WordPress, ce qui donne aux utilisateurs un plus grand contr\u00f4le sur leur gestion de contenu.<\/p>\n<p>Un avantage cl\u00e9 de l&rsquo;addon de champ de r\u00e9p\u00e9teur de champs personnalis\u00e9s avanc\u00e9 est qu&rsquo;il contribue \u00e0 une organisation de contenu sup\u00e9rieure dans WordPress. La facilit\u00e9 de gestion avec le plugin Advanced Custom Fields est une aubaine pour ceux qui recherchent une gestion efficace du site Web WordPress.<\/p>\n<p>Dans<\/p>\n","protected":false},"featured_media":143062,"comment_status":"open","ping_status":"open","template":"","meta":[],"product_brand":[2448],"product_cat":[1189,1181,1186],"product_tag":[1194],"class_list":{"0":"post-121291","1":"product","2":"type-product","3":"status-publish","4":"has-post-thumbnail","6":"product_brand-advanced-custom-fields","7":"product_cat-personnalisation","8":"product_cat-plugins","9":"product_cat-wordpress-plugins","10":"product_tag-advanced-custom-fields","11":"member-discount","12":"discount-restricted","14":"first","15":"instock","16":"sale","17":"downloadable","18":"virtual","19":"sold-individually","20":"purchasable","21":"product-type-simple"},"_links":{"self":[{"href":"https:\/\/gpl-love.com\/fr\/wp-json\/wp\/v2\/product\/121291","targetHints":{"allow":["GET"]}}],"collection":[{"href":"https:\/\/gpl-love.com\/fr\/wp-json\/wp\/v2\/product"}],"about":[{"href":"https:\/\/gpl-love.com\/fr\/wp-json\/wp\/v2\/types\/product"}],"replies":[{"embeddable":true,"href":"https:\/\/gpl-love.com\/fr\/wp-json\/wp\/v2\/comments?post=121291"}],"wp:featuredmedia":[{"embeddable":true,"href":"https:\/\/gpl-love.com\/fr\/wp-json\/wp\/v2\/media\/143062"}],"wp:attachment":[{"href":"https:\/\/gpl-love.com\/fr\/wp-json\/wp\/v2\/media?parent=121291"}],"wp:term":[{"taxonomy":"product_brand","embeddable":true,"href":"https:\/\/gpl-love.com\/fr\/wp-json\/wp\/v2\/product_brand?post=121291"},{"taxonomy":"product_cat","embeddable":true,"href":"https:\/\/gpl-love.com\/fr\/wp-json\/wp\/v2\/product_cat?post=121291"},{"taxonomy":"product_tag","embeddable":true,"href":"https:\/\/gpl-love.com\/fr\/wp-json\/wp\/v2\/product_tag?post=121291"}],"curies":[{"name":"wp","href":"https:\/\/api.w.org\/{rel}","templated":true}]}}