{"id":121290,"date":"2022-02-10T00:00:00","date_gmt":"2022-02-09T23:00:00","guid":{"rendered":"https:\/\/gpl-love.com\/fr\/produit\/advanced-custom-fields-options-page-addon\/"},"modified":"2026-03-20T22:53:34","modified_gmt":"2026-03-20T21:53:34","slug":"advanced-custom-fields-options-page-addon","status":"publish","type":"product","link":"https:\/\/gpl-love.com\/fr\/produit\/advanced-custom-fields-options-page-addon\/","title":{"rendered":"Advanced Custom Fields Options Page Addon 1.2"},"content":{"rendered":"<h3>Advanced Custom Fields Options Page Addon Traits<\/h3>\n<p>L&rsquo;addition de page d&rsquo;options de champs personnalis\u00e9es avanc\u00e9 est un outil indispensable qui est absolument crucial pour les d\u00e9veloppeurs WordPress qui ont besoin d&rsquo;un degr\u00e9 de flexibilit\u00e9 et de personnalisation plus \u00e9lev\u00e9. Cet outil remarquable amplifie non seulement les capacit\u00e9s d\u00e9j\u00e0 formidables du plugin Advanced Custom Fields, mais permet \u00e9galement aux utilisateurs de cr\u00e9er et de g\u00e9rer sans effort des champs personnalis\u00e9s. En int\u00e9grant de mani\u00e8re transparente avec n&rsquo;importe quelle page d&rsquo;options sur leur site WordPress, ce plugin permet aux utilisateurs d&rsquo;exercer une autorit\u00e9 compl\u00e8te sur et de personnaliser chaque aspect de la conception et de la fonctionnalit\u00e9 de leur site. Avec son interface remarquablement intuitive et un \u00e9ventail \u00e9tendu de fonctionnalit\u00e9s robustes, l&rsquo;addon de page d&rsquo;options de champs personnalis\u00e9s avanc\u00e9s est incontestablement un choix exceptionnel pour tous ceux qui cherchent \u00e0 \u00e9lever leur comp\u00e9tence dans le d\u00e9veloppement WordPress.<\/p>\n<ul>\n<li>Ajoute un nouvel \u00e9l\u00e9ment de menu au tableau de bord WordPress pour g\u00e9rer toutes les pages d&rsquo;options ACF en un seul endroit<\/li>\n<li>Capacit\u00e9 \u00e0 cr\u00e9er, \u00e9diter et supprimer facilement les pages d&rsquo;options ACF sans toucher \u00e0 aucun code<\/li>\n<li>Fournit une interface conviviale pour l&rsquo;ajout de champs, de groupes et de dispositions aux pages d&rsquo;options<\/li>\n<li>Permet des options de personnalisation avanc\u00e9es telles que la logique conditionnelle et les r\u00e9p\u00e9teurs<\/li>\n<li>Rend simple \u00e0 exporter et \u00e0 importer des param\u00e8tres de page d&rsquo;options ACF entre diff\u00e9rents environnements<\/li>\n<li>S&rsquo;int\u00e8gre enti\u00e8rement au plugin Advanced Custom Fields pour les fonctionnalit\u00e9s transparentes<\/li>\n<li>Gave le temps et augmente la productivit\u00e9 en rationalisant le processus de gestion des pages d&rsquo;options ACF<\/li>\n<li>Parfait pour les d\u00e9veloppeurs, les concepteurs et les propri\u00e9taires de sites qui souhaitent avoir plus de contr\u00f4le sur leurs sites WordPress avec des champs personnalis\u00e9s avanc\u00e9s.<\/li>\n<\/ul>\n","protected":false},"excerpt":{"rendered":"<p>L&rsquo;addon de page Advanced Custom Fields Options, un puissant outil pour le plugin Advanced Custom Fields, services les exigences des d\u00e9veloppeurs et des propri\u00e9taires de sites Web. Cet addon permet la cr\u00e9ation d&rsquo;une page d&rsquo;options d\u00e9di\u00e9e pour les champs personnalis\u00e9s, augmentant la fonctionnalit\u00e9 du site Web et fournissant une plus grande domination sur l&rsquo;affichage et la gestion du contenu. Avec les champs personnalis\u00e9s avanc\u00e9s, l&rsquo;administration de m\u00e9ta-bo\u00eetes personnalis\u00e9es et la cr\u00e9ation sans effort de taxonomies sont facilit\u00e9es.<\/p>\n<p>Les fonctionnalit\u00e9s avanc\u00e9es de l&rsquo;addon de page d&rsquo;options de champs personnalis\u00e9es avanc\u00e9es sont consolid\u00e9es dans un seul param\u00e8tre pour faciliter la gestion des fonctionnalit\u00e9s. Ainsi, qu&rsquo;il s&rsquo;agisse de la cr\u00e9ation de sites Web avec l&rsquo;addon des champs personnalis\u00e9s avanc\u00e9s ou de la qu\u00eate de plus de contr\u00f4le sur son contenu, cet addon est un ajout indispensable \u00e0 toute bo\u00eete \u00e0 outils de d\u00e9veloppement Web.<\/p>\n","protected":false},"featured_media":143061,"comment_status":"open","ping_status":"open","template":"","meta":[],"product_brand":[2448],"product_cat":[1189,1181,1186],"product_tag":[1194],"class_list":{"0":"post-121290","1":"product","2":"type-product","3":"status-publish","4":"has-post-thumbnail","6":"product_brand-advanced-custom-fields","7":"product_cat-personnalisation","8":"product_cat-plugins","9":"product_cat-wordpress-plugins","10":"product_tag-advanced-custom-fields","11":"member-discount","12":"discount-restricted","14":"first","15":"instock","16":"sale","17":"downloadable","18":"virtual","19":"sold-individually","20":"purchasable","21":"product-type-simple"},"_links":{"self":[{"href":"https:\/\/gpl-love.com\/fr\/wp-json\/wp\/v2\/product\/121290","targetHints":{"allow":["GET"]}}],"collection":[{"href":"https:\/\/gpl-love.com\/fr\/wp-json\/wp\/v2\/product"}],"about":[{"href":"https:\/\/gpl-love.com\/fr\/wp-json\/wp\/v2\/types\/product"}],"replies":[{"embeddable":true,"href":"https:\/\/gpl-love.com\/fr\/wp-json\/wp\/v2\/comments?post=121290"}],"wp:featuredmedia":[{"embeddable":true,"href":"https:\/\/gpl-love.com\/fr\/wp-json\/wp\/v2\/media\/143061"}],"wp:attachment":[{"href":"https:\/\/gpl-love.com\/fr\/wp-json\/wp\/v2\/media?parent=121290"}],"wp:term":[{"taxonomy":"product_brand","embeddable":true,"href":"https:\/\/gpl-love.com\/fr\/wp-json\/wp\/v2\/product_brand?post=121290"},{"taxonomy":"product_cat","embeddable":true,"href":"https:\/\/gpl-love.com\/fr\/wp-json\/wp\/v2\/product_cat?post=121290"},{"taxonomy":"product_tag","embeddable":true,"href":"https:\/\/gpl-love.com\/fr\/wp-json\/wp\/v2\/product_tag?post=121290"}],"curies":[{"name":"wp","href":"https:\/\/api.w.org\/{rel}","templated":true}]}}