{"id":121289,"date":"2022-02-10T00:00:00","date_gmt":"2022-02-09T23:00:00","guid":{"rendered":"https:\/\/gpl-love.com\/fr\/produit\/advanced-custom-fields-gallery-field-addon\/"},"modified":"2026-03-20T22:53:33","modified_gmt":"2026-03-20T21:53:33","slug":"advanced-custom-fields-gallery-field-addon","status":"publish","type":"product","link":"https:\/\/gpl-love.com\/fr\/produit\/advanced-custom-fields-gallery-field-addon\/","title":{"rendered":"Advanced Custom Fields Gallery Field Addon 1.1.1"},"content":{"rendered":"<h3>Advanced Custom Fields Gallery Field Addon Traits<\/h3>\n<p>L&rsquo;addon de champ Advanced Custom Fields Gallery est un outil indispensable pour les d\u00e9veloppeurs de sites Web qui visent \u00e0 cr\u00e9er sans effort des galeries d&rsquo;images captivantes visuellement. En utilisant cet addon, les utilisateurs sont autoris\u00e9s \u00e0 g\u00e9n\u00e9rer sans effort des galeries d&rsquo;images personnalis\u00e9es, \u00e0 ins\u00e9rer de mani\u00e8re transparente les images et \u00e0 adapter la disposition et la conception pour s&rsquo;aligner parfaitement avec l&rsquo;esth\u00e9tique de leur site Web. De plus, le champ de galerie fournit un m\u00e9canisme pratique pour g\u00e9rer les images, simplifiant le processus d&rsquo;ajout ou de suppression des images si n\u00e9cessaire. En augmentant la fonctionnalit\u00e9 du plugin avanc\u00e9 des champs personnalis\u00e9s, cet addon puissant devient un atout essentiel pour tout propri\u00e9taire de site Web s&rsquo;effor\u00e7ant de fa\u00e7onner des galeries visuellement frappantes sur sa plate-forme en ligne.<\/p>\n<ul>\n<li>Permet aux utilisateurs de cr\u00e9er des champs de galerie personnalis\u00e9s dans des champs personnalis\u00e9s avanc\u00e9s<\/li>\n<li>Prend en charge plusieurs t\u00e9l\u00e9chargements d&rsquo;images pour les galeries<\/li>\n<li>Permet aux utilisateurs de personnaliser la disposition et le style de leurs galeries<\/li>\n<li>Intregate de mani\u00e8re transparente \u00e0 la biblioth\u00e8que de m\u00e9dias WordPress pour une gestion d&rsquo;images faciles<\/li>\n<li>Compatible avec les th\u00e8mes et plugins WordPress populaires<\/li>\n<li>Fournit une documentation d\u00e9taill\u00e9e et une prise en charge de la mise en \u0153uvre et du d\u00e9pannage<\/li>\n<li>\u00c9conomise du temps et des efforts en simplifiant le processus de cr\u00e9ation et de gestion des galeries sur un site WordPress.<\/li>\n<\/ul>\n","protected":false},"excerpt":{"rendered":"<p>L&rsquo;addon de champ de galerie de champs personnalis\u00e9s avanc\u00e9 est un outil robuste pour les galeries d&rsquo;images, con\u00e7us pour permettre aux utilisateurs de g\u00e9n\u00e9rer des galeries d&rsquo;images captivantes visuellement sans effort sur leurs sites Web. Ce compl\u00e9ment puissant vous permet d&rsquo;int\u00e9grer des galeries d&rsquo;images dans les publications, pages ou types de publication personnalis\u00e9s de votre site Web en utilisant une interface incroyablement flexible et conviviale.<\/p>\n<p>Avec la prise en charge de plusieurs t\u00e9l\u00e9chargements d&rsquo;images, vous pouvez remplir facilement vos galeries et m\u00eame r\u00e9organiser les images sans effort en fonction de votre pr\u00e9f\u00e9rence. Les temps de chargement rapides pour les galeries d&rsquo;images garantissent que vos visiteurs ont une exp\u00e9rience de navigation transparente.<\/p>\n<p>De plus, l&rsquo;addon est livr\u00e9 avec des tailles d&rsquo;image personnalisables, vous donnant un contr\u00f4le total sur l&rsquo;apparition de vos images. La fonction de redimensionnement d&rsquo;image r\u00e9active garantit que vos galeries sont superbes sur n&rsquo;importe quel appareil, tandis que la prise en charge compl\u00e8te des outils d&rsquo;\u00e9dition d&rsquo;image WordPress vous permet d&rsquo;affiner vos images \u00e0 la perfection.<\/p>\n<p>Que vous construisiez un portefeuille avec des champs personnalis\u00e9s avanc\u00e9s, que vous \u00e9tabliez une galerie d&rsquo;images ou que vous int\u00e9griez simplement des images dans votre blog, l&rsquo;addon de champ de galerie de champs personnalis\u00e9 avanc\u00e9 est un outil indispensable. Cela vous permet de fabriquer<\/p>\n","protected":false},"featured_media":143059,"comment_status":"open","ping_status":"open","template":"","meta":[],"product_brand":[2448],"product_cat":[1189,1181,1186],"product_tag":[1194],"class_list":{"0":"post-121289","1":"product","2":"type-product","3":"status-publish","4":"has-post-thumbnail","6":"product_brand-advanced-custom-fields","7":"product_cat-personnalisation","8":"product_cat-plugins","9":"product_cat-wordpress-plugins","10":"product_tag-advanced-custom-fields","11":"member-discount","12":"discount-restricted","14":"first","15":"instock","16":"sale","17":"downloadable","18":"virtual","19":"sold-individually","20":"purchasable","21":"product-type-simple"},"_links":{"self":[{"href":"https:\/\/gpl-love.com\/fr\/wp-json\/wp\/v2\/product\/121289","targetHints":{"allow":["GET"]}}],"collection":[{"href":"https:\/\/gpl-love.com\/fr\/wp-json\/wp\/v2\/product"}],"about":[{"href":"https:\/\/gpl-love.com\/fr\/wp-json\/wp\/v2\/types\/product"}],"replies":[{"embeddable":true,"href":"https:\/\/gpl-love.com\/fr\/wp-json\/wp\/v2\/comments?post=121289"}],"wp:featuredmedia":[{"embeddable":true,"href":"https:\/\/gpl-love.com\/fr\/wp-json\/wp\/v2\/media\/143059"}],"wp:attachment":[{"href":"https:\/\/gpl-love.com\/fr\/wp-json\/wp\/v2\/media?parent=121289"}],"wp:term":[{"taxonomy":"product_brand","embeddable":true,"href":"https:\/\/gpl-love.com\/fr\/wp-json\/wp\/v2\/product_brand?post=121289"},{"taxonomy":"product_cat","embeddable":true,"href":"https:\/\/gpl-love.com\/fr\/wp-json\/wp\/v2\/product_cat?post=121289"},{"taxonomy":"product_tag","embeddable":true,"href":"https:\/\/gpl-love.com\/fr\/wp-json\/wp\/v2\/product_tag?post=121289"}],"curies":[{"name":"wp","href":"https:\/\/api.w.org\/{rel}","templated":true}]}}