{"id":121288,"date":"2022-02-10T00:00:00","date_gmt":"2022-02-09T23:00:00","guid":{"rendered":"https:\/\/gpl-love.com\/fr\/produit\/advanced-custom-fields-flexible-content-addon\/"},"modified":"2026-03-20T22:53:31","modified_gmt":"2026-03-20T21:53:31","slug":"advanced-custom-fields-flexible-content-addon","status":"publish","type":"product","link":"https:\/\/gpl-love.com\/fr\/produit\/advanced-custom-fields-flexible-content-addon\/","title":{"rendered":"Advanced Custom Fields Flexible Content Addon 1.1.0"},"content":{"rendered":"<h3>Advanced Custom Fields Flexible Content Addon Traits<\/h3>\n<p>L&rsquo;addon flexible de contenu flexible Advanced Fields, un outil robuste, poss\u00e8de la capacit\u00e9 d&rsquo;autonomiser les utilisateurs dans leur cr\u00e9ation de champs personnalis\u00e9s, les int\u00e9grant par la suite dans leurs sites Web WordPress. En utilisant cet addon indispensable, les entreprises peuvent d\u00e9velopper des dispositions distinctives et dynamiques sp\u00e9cifiquement adapt\u00e9es \u00e0 leur marque et aux exigences de leur client\u00e8le. Cet addon offre aux utilisateurs la capacit\u00e9 transparente \u00e0 incorporer un \u00e9ventail de types de contenu divers, englobant mais sans s&rsquo;y limiter les images, les vid\u00e9os et le texte. La flexibilit\u00e9 in\u00e9gal\u00e9e offerte par cet addon en fait un atout inestimable pour les entreprises dans la recherche d&rsquo;une exp\u00e9rience sur mesure pour leur public cible. De plus, les champs personnalis\u00e9s avanc\u00e9s Addon de contenu flexible se pr\u00e9sentent comme convivial et s&rsquo;int\u00e8gre parfaitement \u00e0 divers plugins et fonctionnalit\u00e9s, amplifiant ainsi la fonctionnalit\u00e9 globale d&rsquo;un site Web donn\u00e9. Pour r\u00e9sumer, l&rsquo;addon de contenu flexible des champs de personnalit\u00e9 avanc\u00e9s appara\u00eet comme un outil indispensable, pr\u00eat \u00e0 permettre aux entreprises qui cherchent \u00e0 cr\u00e9er un site Web \u00e0 la fois dynamique et unique \u00e0 leurs besoins sp\u00e9cifiques.<\/p>\n<ul>\n<li>Fournit une solution puissante pour cr\u00e9er des dispositions de contenu flexibles et dynamiques sur votre site Web<\/li>\n<li>Compatible avec les champs personnalis\u00e9s avanc\u00e9s, le premier plugin WordPress pour la gestion des champs personnalis\u00e9s<\/li>\n<li>Offre une interface de glisser-d\u00e9poser pour cr\u00e9er des structures de contenu complexes, sans aucune comp\u00e9tence de codage requise<\/li>\n<li>Vous permet de cr\u00e9er des dispositions r\u00e9p\u00e9tables, de groupe ou d&rsquo;onglet et d&rsquo;ajouter facilement ou de supprimer les champs selon les besoins<\/li>\n<li>Fournit une vari\u00e9t\u00e9 de types de champs, y compris du texte, de l&rsquo;image, de la galerie, de la vid\u00e9o, de la citation, etc., pour enrichir votre contenu<\/li>\n<li>Vous permet de cr\u00e9er une logique conditionnelle pour les champs et les groupes, et d\u00e9finir des r\u00e8gles pour les afficher ou les masquer en fonction de la saisie des utilisateurs ou d&rsquo;autres variables<\/li>\n<li>Comprend des param\u00e8tres de style pour chaque champ, vous permettant de personnaliser l&rsquo;apparence et la sensation de vos blocs de contenu<\/li>\n<li>S&rsquo;int\u00e8gre \u00e0 d&rsquo;autres plugins populaires tels que WooCommerce, les formulaires de gravit\u00e9, le formulaire de contact 7, et plus encore pour une fonctionnalit\u00e9 am\u00e9lior\u00e9e<\/li>\n<li>Offre une documentation et un support approfondis, y compris une base de connaissances conviviale, un forum communautaire et un syst\u00e8me de billets.<\/li>\n<\/ul>\n","protected":false},"excerpt":{"rendered":"<p>L&rsquo;addition de contenu flexible Advanced Custom Fields est un outil polyvalent pour l&rsquo;am\u00e9lioration du site Web. Il a \u00e9t\u00e9 soigneusement con\u00e7u pour optimiser les fonctionnalit\u00e9s du site Web et vous offrir la capacit\u00e9 de cr\u00e9er des dispositions de contenu dynamiques. Cet outil est exceptionnel dans sa fourniture de dispositions de contenu sur mesure pour WordPress, vous permettant de personnaliser votre site conform\u00e9ment \u00e0 vos exigences uniques.<\/p>\n<p>La g\u00e9n\u00e9ration de champs sur mesure pour les publications et les pages WordPress est un jeu d&rsquo;enfant avec cet addon. Il vous donne la libert\u00e9 d&rsquo;inclure une grande vari\u00e9t\u00e9 de types de contenu, du texte brut aux images et vid\u00e9os engageantes. Il s&rsquo;agit d&rsquo;incorporer des types de contenu \u00e9tendus pour cr\u00e9er un site captivant et visuellement attrayant.<\/p>\n<p>L&rsquo;int\u00e9gration du site Web avec les champs personnalis\u00e9s avanc\u00e9s conduit \u00e0 une conception de site Web efficace avec l&rsquo;addon de contenu flexible. Il d\u00e9tient le pouvoir de capturer et de saisir votre public cible. L&rsquo;attrait visuel avec des champs personnalis\u00e9s avanc\u00e9s est ind\u00e9niable, ce qui fait que votre site Web se d\u00e9marque de la foule.<\/p>\n<p>Si vous souhaitez \u00e9lever la qualit\u00e9 de votre site Web avec des champs personnalis\u00e9s avanc\u00e9s, cet addon est la solution parfaite pour l&rsquo;optimisation du site Web.<\/p>\n","protected":false},"featured_media":143057,"comment_status":"open","ping_status":"open","template":"","meta":[],"product_brand":[2448],"product_cat":[1189,1181,1186],"product_tag":[1194],"class_list":{"0":"post-121288","1":"product","2":"type-product","3":"status-publish","4":"has-post-thumbnail","6":"product_brand-advanced-custom-fields","7":"product_cat-personnalisation","8":"product_cat-plugins","9":"product_cat-wordpress-plugins","10":"product_tag-advanced-custom-fields","11":"member-discount","12":"discount-restricted","14":"first","15":"instock","16":"sale","17":"downloadable","18":"virtual","19":"sold-individually","20":"purchasable","21":"product-type-simple"},"_links":{"self":[{"href":"https:\/\/gpl-love.com\/fr\/wp-json\/wp\/v2\/product\/121288","targetHints":{"allow":["GET"]}}],"collection":[{"href":"https:\/\/gpl-love.com\/fr\/wp-json\/wp\/v2\/product"}],"about":[{"href":"https:\/\/gpl-love.com\/fr\/wp-json\/wp\/v2\/types\/product"}],"replies":[{"embeddable":true,"href":"https:\/\/gpl-love.com\/fr\/wp-json\/wp\/v2\/comments?post=121288"}],"wp:featuredmedia":[{"embeddable":true,"href":"https:\/\/gpl-love.com\/fr\/wp-json\/wp\/v2\/media\/143057"}],"wp:attachment":[{"href":"https:\/\/gpl-love.com\/fr\/wp-json\/wp\/v2\/media?parent=121288"}],"wp:term":[{"taxonomy":"product_brand","embeddable":true,"href":"https:\/\/gpl-love.com\/fr\/wp-json\/wp\/v2\/product_brand?post=121288"},{"taxonomy":"product_cat","embeddable":true,"href":"https:\/\/gpl-love.com\/fr\/wp-json\/wp\/v2\/product_cat?post=121288"},{"taxonomy":"product_tag","embeddable":true,"href":"https:\/\/gpl-love.com\/fr\/wp-json\/wp\/v2\/product_tag?post=121288"}],"curies":[{"name":"wp","href":"https:\/\/api.w.org\/{rel}","templated":true}]}}