{"id":121249,"date":"2025-10-23T00:00:00","date_gmt":"2025-10-22T22:00:00","guid":{"rendered":"https:\/\/gpl-love.com\/fr\/produit\/wpforms-zapier\/"},"modified":"2026-03-20T23:51:44","modified_gmt":"2026-03-20T22:51:44","slug":"wpforms-zapier","status":"publish","type":"product","link":"https:\/\/gpl-love.com\/fr\/produit\/wpforms-zapier\/","title":{"rendered":"WPForms Zapier 1.8.0"},"content":{"rendered":"<h3>WPForms Zapier Traits<\/h3>\n<p>WPForms Zapier est un outil d&rsquo;int\u00e9gration incroyablement robuste qui offre une gamme de capacit\u00e9s expansive, vous permettant de relier sans effort vos soumissions de formulaires WPFORMS avec plus de 2000 applications Web diff\u00e9rentes. En tirant parti de la puissance de WPForms Zapier, vous pouvez automatiser et optimiser de mani\u00e8re transparente tous vos flux de travail, rationaliser efficacement vos processus globaux et finalement vous \u00e9viter un temps et des efforts inestimables. Que vous cherchiez \u00e0 vous int\u00e9grer \u00e0 des plateformes de marketing par e-mail tr\u00e8s populaires et largement utilis\u00e9es, des outils de gestion de projet de pointe ou des syst\u00e8mes CRM de pointe, WPForms Zapier est \u00e9quip\u00e9 sans \u00e9quivoque pour r\u00e9pondre \u00e0 tous vos besoins et exigences . De plus, la facilit\u00e9 avec laquelle vous pouvez configurer cet outil extraordinaire coupl\u00e9 \u00e0 son interface con\u00e7ue intuitivement garantit que vous pouvez commencer rapidement et efficacement l&rsquo;automatisation de vos soumissions WPFORMS en seulement quelques clics. Par cons\u00e9quent, si vous aspirez \u00e0 am\u00e9liorer vos niveaux de productivit\u00e9 et \u00e0 propulser votre entreprise \u00e0 des hauteurs sans pr\u00e9c\u00e9dent, faites savoir que WPForms Zapier est sans \u00e9quivoque l&rsquo;outil ultime que vous avez recherch\u00e9 avec ferveur.<\/p>\n<ul>\n<li>WPForms Zapier connecte de mani\u00e8re transparente votre compte WPFORMS avec plus de 2 000 applications.<\/li>\n<li>Cette int\u00e9gration vous permet d&rsquo;automatiser les t\u00e2ches r\u00e9p\u00e9titives et de rationaliser votre flux de travail.<\/li>\n<li>Cr\u00e9ez facilement des workflows personnalis\u00e9s qui d\u00e9clenchent des actions sp\u00e9cifiques lorsqu&rsquo;un formulaire est soumis dans WPFORMS.<\/li>\n<li>Envoyez des donn\u00e9es de formulaire \u00e0 Google Sheets, cr\u00e9ez des pistes Zoho CRM ou m\u00eame envoyez des messages Slack personnalis\u00e9s lorsqu&rsquo;un formulaire est soumis.<\/li>\n<li>Gagnez du temps et r\u00e9duisez les erreurs avec le transfert de donn\u00e9es automatis\u00e9 entre WPFORMS et vos autres applications commerciales.<\/li>\n<li>Aucun codage requis &#8211; la configuration de l&rsquo;int\u00e9gration est rapide et conviviale.<\/li>\n<li>WPForms Zapier est un outil puissant pour les entreprises de toutes tailles qui cherchent \u00e0 am\u00e9liorer leur automatisation et leur productivit\u00e9.<\/li>\n<\/ul>\n","protected":false},"excerpt":{"rendered":"<p>En utilisant Zapier, les WPForms peuvent \u00eatre int\u00e9gr\u00e9s de mani\u00e8re transparente \u00e0 un nombre stup\u00e9fiant de plus de 2 000 applications et services divers! Cette fonctionnalit\u00e9 remarquable vous permet d&rsquo;\u00e9conomiser efficacement le temps et d&rsquo;am\u00e9liorer la douceur de votre flux de travail en automatisant le processus de soumission de vos formulaires \u00e0 l&rsquo;aide de cet outil convivial. Avec WPForms Zapier \u00e0 votre disposition, \u00e9tablir des connexions entre vos formulaires et vos outils pr\u00e9f\u00e9r\u00e9s, tels que Google Sheets, Salesforce, MailChimp et de nombreux autres, est une brise absolue. Ne perdez pas de temps et lancez votre voyage avec WPForms Zapier imm\u00e9diatement, garantissant que vous ne manquez jamais de d\u00e9tails cruciaux!<\/p>\n","protected":false},"featured_media":146280,"comment_status":"open","ping_status":"open","template":"","meta":[],"product_brand":[2724],"product_cat":[1189,1181,1186],"product_tag":[1415],"class_list":{"0":"post-121249","1":"product","2":"type-product","3":"status-publish","4":"has-post-thumbnail","6":"product_brand-wp-forms","7":"product_cat-personnalisation","8":"product_cat-plugins","9":"product_cat-wordpress-plugins","10":"product_tag-wp-forms","11":"member-discount","12":"discount-restricted","14":"first","15":"instock","16":"sale","17":"downloadable","18":"virtual","19":"sold-individually","20":"purchasable","21":"product-type-simple"},"_links":{"self":[{"href":"https:\/\/gpl-love.com\/fr\/wp-json\/wp\/v2\/product\/121249","targetHints":{"allow":["GET"]}}],"collection":[{"href":"https:\/\/gpl-love.com\/fr\/wp-json\/wp\/v2\/product"}],"about":[{"href":"https:\/\/gpl-love.com\/fr\/wp-json\/wp\/v2\/types\/product"}],"replies":[{"embeddable":true,"href":"https:\/\/gpl-love.com\/fr\/wp-json\/wp\/v2\/comments?post=121249"}],"wp:featuredmedia":[{"embeddable":true,"href":"https:\/\/gpl-love.com\/fr\/wp-json\/wp\/v2\/media\/146280"}],"wp:attachment":[{"href":"https:\/\/gpl-love.com\/fr\/wp-json\/wp\/v2\/media?parent=121249"}],"wp:term":[{"taxonomy":"product_brand","embeddable":true,"href":"https:\/\/gpl-love.com\/fr\/wp-json\/wp\/v2\/product_brand?post=121249"},{"taxonomy":"product_cat","embeddable":true,"href":"https:\/\/gpl-love.com\/fr\/wp-json\/wp\/v2\/product_cat?post=121249"},{"taxonomy":"product_tag","embeddable":true,"href":"https:\/\/gpl-love.com\/fr\/wp-json\/wp\/v2\/product_tag?post=121249"}],"curies":[{"name":"wp","href":"https:\/\/api.w.org\/{rel}","templated":true}]}}