{"id":121247,"date":"2025-11-14T00:00:00","date_gmt":"2025-11-13T23:00:00","guid":{"rendered":"https:\/\/gpl-love.com\/fr\/produit\/wpforms-surveys-et-polls\/"},"modified":"2026-03-20T23:51:41","modified_gmt":"2026-03-20T22:51:41","slug":"wpforms-surveys-et-polls","status":"publish","type":"product","link":"https:\/\/gpl-love.com\/fr\/produit\/wpforms-surveys-et-polls\/","title":{"rendered":"WPForms Surveys et Polls 1.16.0"},"content":{"rendered":"<h3>WPForms Surveys et Polls Traits<\/h3>\n<p>Les enqu\u00eates et sondages WPForms sont un outil tr\u00e8s robuste et efficace qui a \u00e9t\u00e9 m\u00e9ticuleusement con\u00e7u pour aider les entreprises \u00e0 la cr\u00e9ation et \u00e0 l&rsquo;ex\u00e9cution d&rsquo;enqu\u00eates et de sondages de mani\u00e8re transparente. En utilisant une interface de tra\u00een\u00e9e et de d\u00e9p\u00f4t extr\u00eamement conviviale, les individus sont autoris\u00e9s \u00e0 \u00e9laborer des formes, des enqu\u00eates et des sondages personnalis\u00e9s, leur permettant ainsi d&rsquo;amasser des quantit\u00e9s importantes de donn\u00e9es vitales, de commentaires et d&rsquo;opinions provenant d&rsquo;un \u00e9ventail de sources, y compris leur client\u00e8le estim\u00e9 , employ\u00e9s d\u00e9vou\u00e9s, ou m\u00eame leurs estim\u00e9s visiteurs du site Web. Cet outil extraordinaire poss\u00e8de un \u00e9ventail impressionnant de fonctionnalit\u00e9s, y compris, mais sans s&rsquo;y limiter, \u00e0 un vaste gamme de mod\u00e8les pr\u00e9d\u00e9finis, \u00e0 l&rsquo;incorporation de la logique conditionnelle, \u00e0 la fourniture d&rsquo;analyses avanc\u00e9es et de fonctionnalit\u00e9s de rapport, ainsi qu&rsquo;\u00e0 une int\u00e9gration transparente avec le marketing de courrier \u00e9lectronique tr\u00e8s populaire et les outils de gestion de la relation client (CRM). Les enqu\u00eates et les sondages de WPForms sont la quintessence de la perfection pour les entreprises qui souhaitent augmenter leurs efforts d&rsquo;engagement client, de rassembler des id\u00e9es inestimables et de prendre des d\u00e9cisions bien inform\u00e9es bas\u00e9es sur des donn\u00e9es irr\u00e9futables. Incontestablement, avec l&rsquo;aide des enqu\u00eates et des sondages de WPFORM, les entreprises pourront g\u00e9n\u00e9rer rapidement et sans effort sans effort des enqu\u00eates et des sondages, leur permettant ainsi d&rsquo;obtenir les informations indispensables qui sont n\u00e9cessaires pour leur croissance globale et leur prosp\u00e9rit\u00e9 subs\u00e9quente.<\/p>\n<ul>\n<li>Cr\u00e9ez des enqu\u00eates et des sondages beaux et engageants avec un g\u00e9n\u00e9rateur de glisser-d\u00e9poser facile \u00e0 utiliser<\/li>\n<li>Personnalisez vos enqu\u00eates et vos sondages avec divers types de questions, th\u00e8mes et options de style<\/li>\n<li>Collecter et analyser les r\u00e9ponses en temps r\u00e9el, avec des rapports et des analyses d\u00e9taill\u00e9s<\/li>\n<li>Atteignez un public plus large en int\u00e9grant des enqu\u00eates et des sondages sur votre site Web, blog ou m\u00e9dias sociaux<\/li>\n<li>Rationalisez votre flux de travail avec des options d&rsquo;automatisation et d&rsquo;int\u00e9gration, y compris les notifications par e-mail, Zapier, et plus<\/li>\n<li>Augmenter l&rsquo;engagement et les conversions des utilisateurs en utilisant des enqu\u00eates et des sondages pour recueillir des commentaires, am\u00e9liorer l&rsquo;exp\u00e9rience client et augmenter les ventes<\/li>\n<\/ul>\n","protected":false},"excerpt":{"rendered":"<p>Les enqu\u00eates et sondages WPFORMS sont un outil incroyablement robuste et efficace qui vous accorde la possibilit\u00e9 de g\u00e9n\u00e9rer et d&rsquo;effectuer sans effort des enqu\u00eates et des sondages directement sur votre site Web. En raison de son interface remarquablement conviviale, vous \u00eates en mesure de fa\u00e7onner rapidement des enqu\u00eates et des sondages et de sondages qui s&rsquo;alignent parfaitement avec vos exigences distinctes et individuelles. Cet outil inestimable vous pr\u00e9sente un syst\u00e8me de rapports hautement sophistiqu\u00e9 qui pr\u00e9sente un rendement habilement des r\u00e9sultats d&rsquo;une mani\u00e8re \u00e0 la fois compl\u00e8te et compr\u00e9hensible sans effort. De plus, vous avez l&rsquo;occasion inestimable de susciter des informations profondes sur votre public cible, en acqu\u00e9rant ainsi une compr\u00e9hension plus profonde de leurs pr\u00e9f\u00e9rences, et en prenant par la suite des d\u00e9cisions judicieuses qui sont fermement enracin\u00e9es dans les donn\u00e9es am\u00e9liorant ainsi consid\u00e9rablement et augmentent votre entreprise. Par cons\u00e9quent, il n&rsquo;y a pas de temps comme le pr\u00e9sent pour s&rsquo;engager activement avec votre public gr\u00e2ce au d\u00e9ploiement des enqu\u00eates et des sondages WPFORMS!<\/p>\n","protected":false},"featured_media":146277,"comment_status":"open","ping_status":"open","template":"","meta":[],"product_brand":[2724],"product_cat":[1191,1181,1186],"product_tag":[1415],"class_list":{"0":"post-121247","1":"product","2":"type-product","3":"status-publish","4":"has-post-thumbnail","6":"product_brand-wp-forms","7":"product_cat-formes","8":"product_cat-plugins","9":"product_cat-wordpress-plugins","10":"product_tag-wp-forms","11":"member-discount","12":"discount-restricted","14":"first","15":"instock","16":"sale","17":"downloadable","18":"virtual","19":"sold-individually","20":"purchasable","21":"product-type-simple"},"_links":{"self":[{"href":"https:\/\/gpl-love.com\/fr\/wp-json\/wp\/v2\/product\/121247","targetHints":{"allow":["GET"]}}],"collection":[{"href":"https:\/\/gpl-love.com\/fr\/wp-json\/wp\/v2\/product"}],"about":[{"href":"https:\/\/gpl-love.com\/fr\/wp-json\/wp\/v2\/types\/product"}],"replies":[{"embeddable":true,"href":"https:\/\/gpl-love.com\/fr\/wp-json\/wp\/v2\/comments?post=121247"}],"wp:featuredmedia":[{"embeddable":true,"href":"https:\/\/gpl-love.com\/fr\/wp-json\/wp\/v2\/media\/146277"}],"wp:attachment":[{"href":"https:\/\/gpl-love.com\/fr\/wp-json\/wp\/v2\/media?parent=121247"}],"wp:term":[{"taxonomy":"product_brand","embeddable":true,"href":"https:\/\/gpl-love.com\/fr\/wp-json\/wp\/v2\/product_brand?post=121247"},{"taxonomy":"product_cat","embeddable":true,"href":"https:\/\/gpl-love.com\/fr\/wp-json\/wp\/v2\/product_cat?post=121247"},{"taxonomy":"product_tag","embeddable":true,"href":"https:\/\/gpl-love.com\/fr\/wp-json\/wp\/v2\/product_tag?post=121247"}],"curies":[{"name":"wp","href":"https:\/\/api.w.org\/{rel}","templated":true}]}}