{"id":121245,"date":"2025-04-28T00:00:00","date_gmt":"2025-04-27T22:00:00","guid":{"rendered":"https:\/\/gpl-love.com\/fr\/produit\/wpforms-stripe\/"},"modified":"2026-03-20T23:51:41","modified_gmt":"2026-03-20T22:51:41","slug":"wpforms-stripe","status":"publish","type":"product","link":"https:\/\/gpl-love.com\/fr\/produit\/wpforms-stripe\/","title":{"rendered":"WPForms Stripe 3.5.0"},"content":{"rendered":"<h3>WPForms Stripe Traits<\/h3>\n<p>WPForms Stripe, un outil d&rsquo;int\u00e9gration de paiement robuste, a \u00e9t\u00e9 sp\u00e9cialement con\u00e7u pour simplifier et optimiser le processus de r\u00e9alisation de transactions en ligne. Tapp\u00e9 aux entreprises et aux particuliers, ce produit exceptionnel s&rsquo;int\u00e8gre sans effort avec le plugin WPFORMS pour \u00e9tablir une passerelle de paiement s\u00e9curis\u00e9e et fiable. Les utilisateurs de WPForms Stripe jouissent de la commodit\u00e9 d&rsquo;accepter sans effort les paiements, de g\u00e9rer efficacement les abonnements et de personnaliser leurs formulaires de paiement pour s&rsquo;aligner sur leurs exigences individualis\u00e9es. Outre ces avantages fondamentaux, cet outil remarquable poss\u00e8de \u00e9galement des fonctionnalit\u00e9s avanc\u00e9es comme la protection contre la fraude, la possibilit\u00e9 de personnaliser les champs de paiement et le soutien aux paiements r\u00e9currents. Que vous soyez un propri\u00e9taire d&rsquo;une petite entreprise ou une grande entreprise, WPForms Stripe est l&rsquo;outil d&rsquo;int\u00e9gration de paiement par excellence qui \u00e9limine efficacement les complexit\u00e9s g\u00e9n\u00e9ralement associ\u00e9es aux transactions en ligne.<\/p>\n<ul>\n<li>Int\u00e9grer sans effort le traitement des paiements Stripe sur WPFORMS<\/li>\n<li>Accepter les paiements des clients<\/li>\n<li>Profitez d&rsquo;une exp\u00e9rience de paiement sans couture pour vos clients<\/li>\n<li>Configurez facilement les paiements uniques ou r\u00e9currents<\/li>\n<li>Surveiller les transactions et les revenus directement \u00e0 partir de votre compte WPFORMS<\/li>\n<li>Personnalisez les formulaires de paiement pour s&rsquo;adapter \u00e0 votre marque avec des champs et des th\u00e8mes faciles \u00e0 utiliser<\/li>\n<li>Simplifier les processus de facturation et am\u00e9liorer les taux de conversion<\/li>\n<li>Renforcer les clients avec des protocoles de s\u00e9curit\u00e9 de pointe de l&rsquo;industrie en place<\/li>\n<li>Restez comp\u00e9titif dans une \u00e9conomie num\u00e9rique au rythme rapide avec une solution de paiement rationalis\u00e9e<\/li>\n<li>Acc\u00e8s \u00e0 la prise en charge et aux ressources 24\/7 pour optimiser votre flux de travail de paiement.<\/li>\n<\/ul>\n","protected":false},"excerpt":{"rendered":"<p>WPForms Stripe est un module compl\u00e9mentaire robuste et hautement s\u00e9curis\u00e9 qui am\u00e9liore les capacit\u00e9s de traitement des paiements des utilisateurs en facilitant l&rsquo;int\u00e9gration transparente des options de paiement Stripe dans leurs formulaires WordPress. En tirant parti de la puissance de la bande de WPForms, les utilisateurs sont autoris\u00e9s \u00e0 rassembler sans effort les paiements, les dons et les abonnements tout en assurant la plus grande s\u00e9curit\u00e9 et efficacit\u00e9. Le module compl\u00e9mentaire offre une flexibilit\u00e9 in\u00e9gal\u00e9e gr\u00e2ce \u00e0 ses options de personnalisation compl\u00e8tes, permettant aux utilisateurs d&rsquo;adapter leur processus de collecte de paiement en fonction de leurs exigences uniques. De plus, WPForms Stripe poss\u00e8de des fonctionnalit\u00e9s de paiement avanc\u00e9es, y compris les paiements d&rsquo;abonnement, la capture des paiements et les e-mails de confirmation de paiement, augmentant ainsi l&rsquo;exp\u00e9rience globale de traitement des paiements. En plus de simplifier le paysage de traitement des paiements, WPForms Stripe offre \u00e9galement aux utilisateurs des informations inestimables sur leurs donn\u00e9es de paiement, leur permettant de prendre des d\u00e9cisions \u00e9clair\u00e9es et d&rsquo;optimiser leurs op\u00e9rations financi\u00e8res. Quelle que soit la taille organisationnelle, que ce soit une petite entreprise ou une grande entreprise, WPForms Stripe appara\u00eet comme un outil indispensable qui permet aux organisations de rationaliser et d&rsquo;acc\u00e9l\u00e9rer leur processus de collecte de paiement.<\/p>\n","protected":false},"featured_media":146276,"comment_status":"open","ping_status":"open","template":"","meta":[],"product_brand":[2724],"product_cat":[1253,1181,1186],"product_tag":[1415],"class_list":{"0":"post-121245","1":"product","2":"type-product","3":"status-publish","4":"has-post-thumbnail","6":"product_brand-wp-forms","7":"product_cat-paiement","8":"product_cat-plugins","9":"product_cat-wordpress-plugins","10":"product_tag-wp-forms","11":"member-discount","12":"discount-restricted","14":"first","15":"instock","16":"sale","17":"downloadable","18":"virtual","19":"sold-individually","20":"purchasable","21":"product-type-simple"},"_links":{"self":[{"href":"https:\/\/gpl-love.com\/fr\/wp-json\/wp\/v2\/product\/121245","targetHints":{"allow":["GET"]}}],"collection":[{"href":"https:\/\/gpl-love.com\/fr\/wp-json\/wp\/v2\/product"}],"about":[{"href":"https:\/\/gpl-love.com\/fr\/wp-json\/wp\/v2\/types\/product"}],"replies":[{"embeddable":true,"href":"https:\/\/gpl-love.com\/fr\/wp-json\/wp\/v2\/comments?post=121245"}],"wp:featuredmedia":[{"embeddable":true,"href":"https:\/\/gpl-love.com\/fr\/wp-json\/wp\/v2\/media\/146276"}],"wp:attachment":[{"href":"https:\/\/gpl-love.com\/fr\/wp-json\/wp\/v2\/media?parent=121245"}],"wp:term":[{"taxonomy":"product_brand","embeddable":true,"href":"https:\/\/gpl-love.com\/fr\/wp-json\/wp\/v2\/product_brand?post=121245"},{"taxonomy":"product_cat","embeddable":true,"href":"https:\/\/gpl-love.com\/fr\/wp-json\/wp\/v2\/product_cat?post=121245"},{"taxonomy":"product_tag","embeddable":true,"href":"https:\/\/gpl-love.com\/fr\/wp-json\/wp\/v2\/product_tag?post=121245"}],"curies":[{"name":"wp","href":"https:\/\/api.w.org\/{rel}","templated":true}]}}