{"id":121243,"date":"2025-09-16T00:00:00","date_gmt":"2025-09-15T22:00:00","guid":{"rendered":"https:\/\/gpl-love.com\/fr\/produit\/wpforms-signatures\/"},"modified":"2026-03-20T23:51:39","modified_gmt":"2026-03-20T22:51:39","slug":"wpforms-signatures","status":"publish","type":"product","link":"https:\/\/gpl-love.com\/fr\/produit\/wpforms-signatures\/","title":{"rendered":"WPForms Signatures 1.13.0"},"content":{"rendered":"<h3>WPForms Signatures Traits<\/h3>\n<p>WPFORMS Signatures, un compl\u00e9ment impressionnant pour WPFORMS, accorde aux utilisateurs la capacit\u00e9 d&rsquo;incorporer sans effort les champs de signature dans leurs formes num\u00e9riques. La pr\u00e9sence de cette fonctionnalit\u00e9 permet aux utilisateurs d&rsquo;obtenir sans effort des signatures manuscrites directement \u00e0 partir des visiteurs de leur site Web, ce qui le rend une solution impeccable pour les n\u00e9cessit\u00e9s de signature en ligne englobant des contrats, des accords et des feuillets d&rsquo;autorisation. Les signatures WPForms compl\u00e8tent en outre cette fonctionnalit\u00e9 en offrant une exp\u00e9rience transparente et centr\u00e9e sur l&rsquo;utilisateur, facilitant les signatures des visiteurs par l&rsquo;utilisation d&rsquo;une souris ou d&rsquo;un appareil tactile. En outre, les utilisateurs ont la capacit\u00e9 d&rsquo;adapter le champ de signature pour s&rsquo;aligner sur leurs composants de marque tout en incorporant en outre des r\u00e8gles de validation pour garantir la pr\u00e9cision de la signature rendue. Les signatures WPForms rationalisent efficacement le processus de signature en ligne pour les utilisateurs, \u00e9liminant les complications inutiles et simplifiant la t\u00e2che d&rsquo;acqu\u00e9rir des signataires \u00e0 partir de n&rsquo;importe quel emplacement mondial.<\/p>\n<ul>\n<li>Permet aux utilisateurs d&rsquo;ajouter des champs de signature aux formulaires WPForms<\/li>\n<li>Capture les signatures \u00e9lectroniquement et les enregistre sous forme de fichiers d&rsquo;image<\/li>\n<li>Interface de glisser-d\u00e9poser facile \u00e0 utiliser pour ajouter des champs de signature aux formulaires<\/li>\n<li>Compatible avec les services de marketing par e-mail populaires tels que MailChimp et Aweber<\/li>\n<li>Offre plusieurs styles de champ de signature au choix pour la personnalisation<\/li>\n<li>Fournit une exp\u00e9rience de signature fluide et conviviale pour les utilisateurs de formulaires<\/li>\n<li>Assure la conformit\u00e9 l\u00e9gale en enregistrant automatiquement la date et les horodatages pour les signatures<\/li>\n<li>Offre des options avanc\u00e9es pour la validation et la v\u00e9rification de la signature<\/li>\n<li>Fournit des rapports et des analyses d\u00e9taill\u00e9s sur les donn\u00e9es de signature \u00e0 des fins de suivi et d&rsquo;analyse<\/li>\n<li>INT\u00c9RAGE SEMBLABLEMENT AVEC D&rsquo;AUTRES ADDONS WPFORMS tels que le traitement des paiements et les t\u00e9l\u00e9chargements de fichiers.<\/li>\n<\/ul>\n","protected":false},"excerpt":{"rendered":"<p>Le module compl\u00e9mentaire WPFORMS Signatures pour WPFORMS est un outil exceptionnellement robuste qui offre la possibilit\u00e9 de capturer sans effort des signatures num\u00e9riques directement sur votre site Web. Il est r\u00e9volu le temps des documents fastidieux et des retards inutiles, car les signatures WPForms r\u00e9volutionnent le processus en vous permettant de signer des documents, des contrats et des accords en ligne avec la plus grande facilit\u00e9 et la commodit\u00e9. Ce module compl\u00e9mentaire remarquable poss\u00e8de une interface conviviale et une r\u00e9activit\u00e9 mobile transparente, garantissant que vous pouvez obtenir des signatures sans effort sur n&rsquo;importe quel appareil ou navigateur. De plus, WPForms Signatures offre un niveau de personnalisation exceptionnel, vous permettant de personnaliser vos champs et documents de signature avec vos propres \u00e9l\u00e9ments de marque unique et votre logo d&rsquo;entreprise. \u00c9levez votre exp\u00e9rience WPForms \u00e0 de nouveaux sommets en embrassant sans d\u00e9lai la puissance et la polyvalence des signatures WPFORM.<\/p>\n","protected":false},"featured_media":146274,"comment_status":"open","ping_status":"open","template":"","meta":[],"product_brand":[2724],"product_cat":[1191,1181,1186],"product_tag":[1415],"class_list":{"0":"post-121243","1":"product","2":"type-product","3":"status-publish","4":"has-post-thumbnail","6":"product_brand-wp-forms","7":"product_cat-formes","8":"product_cat-plugins","9":"product_cat-wordpress-plugins","10":"product_tag-wp-forms","11":"member-discount","12":"discount-restricted","14":"first","15":"instock","16":"sale","17":"downloadable","18":"virtual","19":"sold-individually","20":"purchasable","21":"product-type-simple"},"_links":{"self":[{"href":"https:\/\/gpl-love.com\/fr\/wp-json\/wp\/v2\/product\/121243","targetHints":{"allow":["GET"]}}],"collection":[{"href":"https:\/\/gpl-love.com\/fr\/wp-json\/wp\/v2\/product"}],"about":[{"href":"https:\/\/gpl-love.com\/fr\/wp-json\/wp\/v2\/types\/product"}],"replies":[{"embeddable":true,"href":"https:\/\/gpl-love.com\/fr\/wp-json\/wp\/v2\/comments?post=121243"}],"wp:featuredmedia":[{"embeddable":true,"href":"https:\/\/gpl-love.com\/fr\/wp-json\/wp\/v2\/media\/146274"}],"wp:attachment":[{"href":"https:\/\/gpl-love.com\/fr\/wp-json\/wp\/v2\/media?parent=121243"}],"wp:term":[{"taxonomy":"product_brand","embeddable":true,"href":"https:\/\/gpl-love.com\/fr\/wp-json\/wp\/v2\/product_brand?post=121243"},{"taxonomy":"product_cat","embeddable":true,"href":"https:\/\/gpl-love.com\/fr\/wp-json\/wp\/v2\/product_cat?post=121243"},{"taxonomy":"product_tag","embeddable":true,"href":"https:\/\/gpl-love.com\/fr\/wp-json\/wp\/v2\/product_tag?post=121243"}],"curies":[{"name":"wp","href":"https:\/\/api.w.org\/{rel}","templated":true}]}}