{"id":121241,"date":"2025-03-27T00:00:00","date_gmt":"2025-03-26T23:00:00","guid":{"rendered":"https:\/\/gpl-love.com\/fr\/produit\/wpforms-post-submissions\/"},"modified":"2026-03-20T23:51:34","modified_gmt":"2026-03-20T22:51:34","slug":"wpforms-post-submissions","status":"publish","type":"product","link":"https:\/\/gpl-love.com\/fr\/produit\/wpforms-post-submissions\/","title":{"rendered":"WPForms Post Submissions 1.8.0"},"content":{"rendered":"<h3>WPForms Post Submissions Traits<\/h3>\n<p>WPFORMS POST Soumissions est un outil incroyablement robuste et efficace qui permet aux utilisateurs de concevoir et d&rsquo;\u00e9tablir des formulaires sans effort pour soumettre une multitude de contenus divers \u00e0 leurs sites Web WordPress bien-aim\u00e9s. En profitant des WPForms, les utilisateurs peuvent fabriquer et personnaliser sans effort les formulaires de mani\u00e8re hautement personnalis\u00e9e via une interface de glisser-d\u00e9poser intuitive et sans couture, garantissant ainsi un niveau de commodit\u00e9 et de facilit\u00e9 sans pr\u00e9c\u00e9dent. En outre, WPFORMS profite \u00e9galement aux utilisateurs la fonctionnalit\u00e9 inestimable de la r\u00e9ception de notifications rapides chaque fois qu&rsquo;un nouveau lot de contenu est soumis avec succ\u00e8s. The plugin&rsquo;s repertoire of advanced functionalities is nothing short of awe-inspiring, encompassing the capability to construct elaborate forms imbued with conditional logic, seamless integration with the leading email marketing platforms, as well as the unparalleled potential to concoct and designate bespoke post types for the Contenu volumineux qui est constamment soumis. Les soumissions de publication WPFORMS repr\u00e9sentent vraiment un v\u00e9ritable changeur de jeu dans le domaine de la gestion efficace et de la gestion du contenu g\u00e9n\u00e9r\u00e9 par les utilisateurs sur votre site Web WordPress ch\u00e9ri, consolidant ainsi fermement son statut d&rsquo;actif indispensable dans tout arsenal de webmaster discernant.<\/p>\n<ul>\n<li>Rationalise le processus de soumission des articles sur votre site Web WordPress avec WPFORMS<\/li>\n<li>Permet aux utilisateurs de soumettre rapidement et facilement des articles de blog, des articles ou d&rsquo;autres contenus \u00e0 partir d&rsquo;un formulaire frontal convivial<\/li>\n<li>Offre des champs de formulaire personnalisables pour les utilisateurs pour saisir le titre, le contenu, le nom de l&rsquo;auteur ou la biographie, l&rsquo;image en vedette, les balises et plus encore<\/li>\n<li>Accepte les t\u00e9l\u00e9chargements de fichiers, y compris les images et les vid\u00e9os, pour la cr\u00e9ation de contenu riche en m\u00e9dias<\/li>\n<li>Effectue une v\u00e9rification automatique du spam et de la v\u00e9rification de la soumission<\/li>\n<li>Permet aux administrateurs de sites d&rsquo;examiner, de modifier et d&rsquo;approuver les messages soumis avant de publier<\/li>\n<li>\u00c9vite la n\u00e9cessit\u00e9 pour les utilisateurs d&rsquo;avoir acc\u00e8s au backend du tableau de bord WordPress, r\u00e9duisant le risque de modifications accidentelles du site ou d&rsquo;erreurs<\/li>\n<li>S&rsquo;int\u00e8gre parfaitement \u00e0 WPFORMS, un plugin de formulaire de formulaire populaire et fiable pour les sites WordPress<\/li>\n<li>Fournit une exp\u00e9rience utilisateur plus lisse pour les visiteurs du site et les cr\u00e9ateurs de contenu, entra\u00eenant une augmentation de l&rsquo;engagement et de la productivit\u00e9.<\/li>\n<\/ul>\n","protected":false},"excerpt":{"rendered":"<p>WPFORMS POST Soumissions, un plugin tr\u00e8s robuste, offre aux utilisateurs la capacit\u00e9 remarquable de soumettre sans effort des publications via WPFORMS. Au moyen de ce plugin, vous avez la possibilit\u00e9 d&rsquo;amasser facilement le contenu de vos utilisateurs estim\u00e9s et de le divulguer par la suite sur votre site Web de mani\u00e8re extr\u00eamement con\u00e7ue. De plus, vous avez \u00e9galement la capacit\u00e9 de fabriquer des formes personnalis\u00e9es parfaitement align\u00e9es sur vos exigences uniques, facilitant efficacement la gestion transparente du contenu soumis. En outre, les soumissions de post WPFORMS garantissent une exp\u00e9rience utilisateur in\u00e9gal\u00e9e en raison de sa nature conviviale, vous permettant ainsi d&rsquo;optimiser l&rsquo;efficacit\u00e9 de la collecte d&rsquo;informations pivots et de la publier par la suite sur votre site Web visuellement engageant.<\/p>\n","protected":false},"featured_media":146269,"comment_status":"open","ping_status":"open","template":"","meta":[],"product_brand":[2724],"product_cat":[1191,1181,1186],"product_tag":[1415],"class_list":{"0":"post-121241","1":"product","2":"type-product","3":"status-publish","4":"has-post-thumbnail","6":"product_brand-wp-forms","7":"product_cat-formes","8":"product_cat-plugins","9":"product_cat-wordpress-plugins","10":"product_tag-wp-forms","11":"member-discount","12":"discount-restricted","14":"first","15":"instock","16":"sale","17":"downloadable","18":"virtual","19":"sold-individually","20":"purchasable","21":"product-type-simple"},"_links":{"self":[{"href":"https:\/\/gpl-love.com\/fr\/wp-json\/wp\/v2\/product\/121241","targetHints":{"allow":["GET"]}}],"collection":[{"href":"https:\/\/gpl-love.com\/fr\/wp-json\/wp\/v2\/product"}],"about":[{"href":"https:\/\/gpl-love.com\/fr\/wp-json\/wp\/v2\/types\/product"}],"replies":[{"embeddable":true,"href":"https:\/\/gpl-love.com\/fr\/wp-json\/wp\/v2\/comments?post=121241"}],"wp:featuredmedia":[{"embeddable":true,"href":"https:\/\/gpl-love.com\/fr\/wp-json\/wp\/v2\/media\/146269"}],"wp:attachment":[{"href":"https:\/\/gpl-love.com\/fr\/wp-json\/wp\/v2\/media?parent=121241"}],"wp:term":[{"taxonomy":"product_brand","embeddable":true,"href":"https:\/\/gpl-love.com\/fr\/wp-json\/wp\/v2\/product_brand?post=121241"},{"taxonomy":"product_cat","embeddable":true,"href":"https:\/\/gpl-love.com\/fr\/wp-json\/wp\/v2\/product_cat?post=121241"},{"taxonomy":"product_tag","embeddable":true,"href":"https:\/\/gpl-love.com\/fr\/wp-json\/wp\/v2\/product_tag?post=121241"}],"curies":[{"name":"wp","href":"https:\/\/api.w.org\/{rel}","templated":true}]}}