{"id":121239,"date":"2024-02-22T00:00:00","date_gmt":"2024-02-21T23:00:00","guid":{"rendered":"https:\/\/gpl-love.com\/fr\/produit\/wpforms-paypal-standard\/"},"modified":"2026-03-20T23:51:33","modified_gmt":"2026-03-20T22:51:33","slug":"wpforms-paypal-standard","status":"publish","type":"product","link":"https:\/\/gpl-love.com\/fr\/produit\/wpforms-paypal-standard\/","title":{"rendered":"WPForms PayPal Standard 1.10.0"},"content":{"rendered":"<h3>WPForms PayPal Standard Traits<\/h3>\n<p>WPForms PayPal Standard est un plugin remarquablement robuste et puissant qui vous accorde la commodit\u00e9 d&rsquo;int\u00e9grer de mani\u00e8re transparente les paiements PayPal dans votre site Web WordPress. En utilisant ce plugin exceptionnel, vous avez la possibilit\u00e9 d&rsquo;\u00e9laborer sans effort des formulaires de paiement personnalis\u00e9s en quelques minutes, permettant ainsi l&rsquo;acceptation des paiements des individus couvrant le globe. Notamment, ce plugin est fier de son interface extr\u00eamement conviviale, ce qui l&rsquo;a rendu accessible aux personnes poss\u00e9dant une comp\u00e9tence technique limit\u00e9e, car ils peuvent configurer sans effort leurs formulaires de paiement avec la plus grande facilit\u00e9. WPForms PayPal Standard offre un degr\u00e9 de personnalisation remarquable, vous offrant la possibilit\u00e9 de s\u00e9lectionner parmi un vaste \u00e9ventail de mod\u00e8les et d&rsquo;adapter l&rsquo;apparence et l&rsquo;essence de vos formulaires pour s&rsquo;aligner parfaitement sur la marque distinctive de votre site Web. De plus, ce plugin est \u00e9quip\u00e9 de dispositions avanc\u00e9es de s\u00e9curit\u00e9, garantissant que toutes les transactions sont sauvegard\u00e9es et que les informations utilisateur restent bien prot\u00e9g\u00e9es. Dans l&rsquo;ensemble, WPForms PayPal Standard appara\u00eet comme un outil exceptionnel qui permet aux entreprises de chercher \u00e0 se lancer dans l&rsquo;acceptation des paiements en ligne.<\/p>\n<ul>\n<li>Int\u00e9grez facilement les paiements PayPal dans vos WPForms<\/li>\n<li>S\u00e9curiser les paiements en ligne avec PayPal<\/li>\n<li>Diverses options de paiement disponibles<\/li>\n<li>Processus de configuration simple<\/li>\n<li>Pas besoin de codage ou de comp\u00e9tences techniques<\/li>\n<li>Suivre les paiements et g\u00e9rer les transactions<\/li>\n<li>Support client 24\/7 disponible<\/li>\n<li>Confiance par des milliers d&rsquo;entreprises<\/li>\n<li>Compatible avec tous les plans WPForms<\/li>\n<\/ul>\n","protected":false},"excerpt":{"rendered":"<p>WPFORMS PayPal Standard est un add-on incroyablement efficace con\u00e7u sp\u00e9cifiquement pour le plugin WPFORMS, visant \u00e0 rationaliser et \u00e0 simplifier le processus plut\u00f4t compliqu\u00e9 d&rsquo;accepter les paiements sur votre site Web. Cet outil remarquable offre une int\u00e9gration s\u00e9curis\u00e9e et transparente des paiements PayPal directement dans vos formulaires, assurant des transactions en ligne rapides et sans effort. Faites adieu \u00e0 des proc\u00e9dures de paiement perplexes et complexes, et adoptez plut\u00f4t un syst\u00e8me de paiement fluide et sans probl\u00e8me qui va certainement obtenir l&rsquo;adoration de vos clients estim\u00e9s. Que votre objectif soit de vendre des produits ou de rassembler des dons, WPForms PayPal Standard facilite sans effort une r\u00e9ception de paiement rapide et s\u00e9curis\u00e9.<\/p>\n","protected":false},"featured_media":146268,"comment_status":"open","ping_status":"open","template":"","meta":[],"product_brand":[2724],"product_cat":[1253,1181,1186],"product_tag":[1415],"class_list":{"0":"post-121239","1":"product","2":"type-product","3":"status-publish","4":"has-post-thumbnail","6":"product_brand-wp-forms","7":"product_cat-paiement","8":"product_cat-plugins","9":"product_cat-wordpress-plugins","10":"product_tag-wp-forms","11":"member-discount","12":"discount-restricted","14":"first","15":"instock","16":"sale","17":"downloadable","18":"virtual","19":"sold-individually","20":"purchasable","21":"product-type-simple"},"_links":{"self":[{"href":"https:\/\/gpl-love.com\/fr\/wp-json\/wp\/v2\/product\/121239","targetHints":{"allow":["GET"]}}],"collection":[{"href":"https:\/\/gpl-love.com\/fr\/wp-json\/wp\/v2\/product"}],"about":[{"href":"https:\/\/gpl-love.com\/fr\/wp-json\/wp\/v2\/types\/product"}],"replies":[{"embeddable":true,"href":"https:\/\/gpl-love.com\/fr\/wp-json\/wp\/v2\/comments?post=121239"}],"wp:featuredmedia":[{"embeddable":true,"href":"https:\/\/gpl-love.com\/fr\/wp-json\/wp\/v2\/media\/146268"}],"wp:attachment":[{"href":"https:\/\/gpl-love.com\/fr\/wp-json\/wp\/v2\/media?parent=121239"}],"wp:term":[{"taxonomy":"product_brand","embeddable":true,"href":"https:\/\/gpl-love.com\/fr\/wp-json\/wp\/v2\/product_brand?post=121239"},{"taxonomy":"product_cat","embeddable":true,"href":"https:\/\/gpl-love.com\/fr\/wp-json\/wp\/v2\/product_cat?post=121239"},{"taxonomy":"product_tag","embeddable":true,"href":"https:\/\/gpl-love.com\/fr\/wp-json\/wp\/v2\/product_tag?post=121239"}],"curies":[{"name":"wp","href":"https:\/\/api.w.org\/{rel}","templated":true}]}}