{"id":121237,"date":"2024-06-18T00:00:00","date_gmt":"2024-06-17T22:00:00","guid":{"rendered":"https:\/\/gpl-love.com\/fr\/produit\/wpforms-getresponse\/"},"modified":"2026-03-20T23:51:28","modified_gmt":"2026-03-20T22:51:28","slug":"wpforms-getresponse","status":"publish","type":"product","link":"https:\/\/gpl-love.com\/fr\/produit\/wpforms-getresponse\/","title":{"rendered":"WPForms GetResponse 1.7.0"},"content":{"rendered":"<h3>WPForms GetResponse Traits<\/h3>\n<p>WPForms GetResponse est un outil d&rsquo;int\u00e9gration incroyablement robuste qui sert \u00e0 connecter de mani\u00e8re transparente vos formulaires de contact WPFORMS au logiciel de marketing de messagerie GetResponse tr\u00e8s acclam\u00e9. En tirant parti de cette int\u00e9gration, vous pouvez automatiser sans effort vos campagnes de marketing par e-mail, assurant ainsi une exp\u00e9rience personnalis\u00e9e et sur mesure pour vos abonn\u00e9s estim\u00e9s. Cet outil exceptionnel vous permet d&rsquo;offrir une vaste gamme de fonctionnalit\u00e9s impressionnantes, telles que la capacit\u00e9 remarquable d&rsquo;ajouter de mani\u00e8re transparente les abonn\u00e9s \u00e0 des listes sp\u00e9cifiques, de r\u00e9partir sans effort et de se accueillir des e-mails, ainsi que de suivre m\u00e9ticuleusement vos soumissions de formulaire. De plus, l&rsquo;interface utilisateur con\u00e7ue intuitivement fait le processus de configuration et de gestion efficace de vos campagnes une brise absolue, m\u00eame si vous poss\u00e9dez une exp\u00e9rience limit\u00e9e ou pas pr\u00e9alable dans le domaine du marketing par e-mail. Sans aucun doute, WPForms GetResponse appara\u00eet comme un outil indispensable pour les personnes qui souhaitent \u00e9tendre leur liste d&rsquo;abonn\u00e9s par e-mail et am\u00e9liorer consid\u00e9rablement leur niveau d&rsquo;engagement avec leur public cible.<\/p>\n<ul>\n<li>Int\u00e8gre GetResponse avec WPFORMS pour la g\u00e9n\u00e9ration de leads et le marketing par e-mail sans couture<\/li>\n<li>Permet aux utilisateurs de collecter facilement les informations de contact et de les ajouter automatiquement aux campagnes de messagerie GetResponse<\/li>\n<li>Formulaires enti\u00e8rement personnalisables avec une fonctionnalit\u00e9 de glisser-d\u00e9poser pour la flexibilit\u00e9 de la conception<\/li>\n<li>Des formulaires adapt\u00e9s aux mobiles qui fonctionnent sur n&rsquo;importe quel appareil ou plate-forme<\/li>\n<li>Condition Logique et champs intelligents pour des exp\u00e9riences de forme cibl\u00e9e et personnalis\u00e9e<\/li>\n<li>Formulaires de plusieurs pages et barres de progression pour cr\u00e9er une exp\u00e9rience utilisateur fluide et engageante<\/li>\n<li>Rapports avanc\u00e9s et analyses pour suivre les taux de performance et de conversion des formulaires<\/li>\n<li>Fonctionnement de la conformit\u00e9 et de la s\u00e9curit\u00e9 du RGPD pour prot\u00e9ger les donn\u00e9es des utilisateurs et la confidentialit\u00e9<\/li>\n<li>Versions gratuites et pro disponibles avec diff\u00e9rents niveaux de fonctionnalit\u00e9s et de support<\/li>\n<li>Facile \u00e0 installer et \u00e0 configurer avec des instructions et des tutoriels \u00e9tape par \u00e9tape.<\/li>\n<\/ul>\n","protected":false},"excerpt":{"rendered":"<p>L&rsquo;int\u00e9gration WPForms GetResponse offre une connexion robuste et efficace entre les formulaires de votre site Web et la plate-forme de marketing par e-mail GetResponse. En utilisant cette int\u00e9gration, les soumissions faites via vos formulaires peuvent \u00eatre int\u00e9gr\u00e9es de mani\u00e8re transparente dans votre liste de diffusion, facilitant ainsi l&rsquo;expansion de votre public et la culture de vos prospects. De plus, le formidable constructeur de formulaires de WPForms peut \u00eatre exploit\u00e9 pour concevoir des formulaires d&rsquo;inscription personnalis\u00e9s qui s&rsquo;alignent avec votre marque et rassembler les informations n\u00e9cessaires pour construire des campagnes percutantes. Que votre objectif implique d&rsquo;am\u00e9liorer vos efforts de marketing par e-mail ou de rationaliser vos proc\u00e9dures de gestion des prospects, WPForms GetResponse sert de solution id\u00e9ale.<\/p>\n","protected":false},"featured_media":146262,"comment_status":"open","ping_status":"open","template":"","meta":[],"product_brand":[2724],"product_cat":[1207,1181,1186],"product_tag":[1415],"class_list":{"0":"post-121237","1":"product","2":"type-product","3":"status-publish","4":"has-post-thumbnail","6":"product_brand-wp-forms","7":"product_cat-commercialisation-wordpress-plugins","8":"product_cat-plugins","9":"product_cat-wordpress-plugins","10":"product_tag-wp-forms","11":"member-discount","12":"discount-restricted","14":"first","15":"instock","16":"sale","17":"downloadable","18":"virtual","19":"sold-individually","20":"purchasable","21":"product-type-simple"},"_links":{"self":[{"href":"https:\/\/gpl-love.com\/fr\/wp-json\/wp\/v2\/product\/121237","targetHints":{"allow":["GET"]}}],"collection":[{"href":"https:\/\/gpl-love.com\/fr\/wp-json\/wp\/v2\/product"}],"about":[{"href":"https:\/\/gpl-love.com\/fr\/wp-json\/wp\/v2\/types\/product"}],"replies":[{"embeddable":true,"href":"https:\/\/gpl-love.com\/fr\/wp-json\/wp\/v2\/comments?post=121237"}],"wp:featuredmedia":[{"embeddable":true,"href":"https:\/\/gpl-love.com\/fr\/wp-json\/wp\/v2\/media\/146262"}],"wp:attachment":[{"href":"https:\/\/gpl-love.com\/fr\/wp-json\/wp\/v2\/media?parent=121237"}],"wp:term":[{"taxonomy":"product_brand","embeddable":true,"href":"https:\/\/gpl-love.com\/fr\/wp-json\/wp\/v2\/product_brand?post=121237"},{"taxonomy":"product_cat","embeddable":true,"href":"https:\/\/gpl-love.com\/fr\/wp-json\/wp\/v2\/product_cat?post=121237"},{"taxonomy":"product_tag","embeddable":true,"href":"https:\/\/gpl-love.com\/fr\/wp-json\/wp\/v2\/product_tag?post=121237"}],"curies":[{"name":"wp","href":"https:\/\/api.w.org\/{rel}","templated":true}]}}