{"id":121235,"date":"2025-10-18T00:00:00","date_gmt":"2025-10-17T22:00:00","guid":{"rendered":"https:\/\/gpl-love.com\/fr\/produit\/wpforms-geolocation\/"},"modified":"2026-03-20T23:51:27","modified_gmt":"2026-03-20T22:51:27","slug":"wpforms-geolocation","status":"publish","type":"product","link":"https:\/\/gpl-love.com\/fr\/produit\/wpforms-geolocation\/","title":{"rendered":"WPForms Geolocation 2.12.0"},"content":{"rendered":"<h3>WPForms Geolocation Traits<\/h3>\n<p>Le module compl\u00e9mentaire WPForms Geolocation est une fonctionnalit\u00e9 exceptionnellement robuste et formidable qui permet aux utilisateurs d&rsquo;acqu\u00e9rir et d&rsquo;enregistrer sans effort le sort des personnes visitant leurs sites Web. Gr\u00e2ce \u00e0 l&rsquo;utilisation de cette fonctionnalit\u00e9 de pointe, les propri\u00e9taires de sites Web peuvent surveiller de mani\u00e8re transparente les emplacements g\u00e9ographiques de leurs visiteurs estim\u00e9s et exploiter par la suite ces informations inestimables pour effectuer des d\u00e9terminations commerciales inform\u00e9es et judicieuses. Notamment, on peut cibler adroitement des r\u00e9gions g\u00e9ographiques sp\u00e9cifiques pour des campagnes de marketing tr\u00e8s efficaces ou adapter des contenus avec experte conform\u00e9ment \u00e0 l&#8217;emplacement g\u00e9ographique du visiteur. Ce composant suppl\u00e9mentaire profite \u00e0 un degr\u00e9 de pr\u00e9cision et de fiabilit\u00e9 superlatif en termes de donn\u00e9es de g\u00e9olocalisation, ce qui en fait un outil indispensable pour toute entreprise pr\u00e9dictive sur des informations ax\u00e9es sur la localisation. En se pr\u00e9voyant de la myriade d&rsquo;avantages conf\u00e9r\u00e9s par WPForms Geolocation, les utilisateurs peuvent adopter efficacement et examiner les donn\u00e9es ancr\u00e9es dans la situation g\u00e9ographique, perfectionner et am\u00e9liorer leur pr\u00e9sence virtuelle et, finalement, augmenter le flux de trafic, renforcer les chiffres des ventes et catalyser une augmentation des conversions.<\/p>\n<ul>\n<li>Donn\u00e9es de g\u00e9olocalisation pr\u00e9cises et fiables pour vos formulaires<\/li>\n<li>Interface intuitive et conviviale pour une personnalisation facile<\/li>\n<li>Caract\u00e9ristiques puissantes de l&#8217;emplacement, y compris la distance et les conditions du rayon<\/li>\n<li>Int\u00e9gration simple avec votre site WordPress existant<\/li>\n<li>Parfait pour les entreprises ayant besoin de collecter des donn\u00e9es sp\u00e9cifiques \u00e0 la localisation des utilisateurs<\/li>\n<li>Fonctionnalit\u00e9 avanc\u00e9e, telles que le support multi-langues et les marqueurs personnalis\u00e9s<\/li>\n<li>Int\u00e9gration de Google Maps int\u00e9gr\u00e9e pour une exp\u00e9rience utilisateur transparent<\/li>\n<li>Mises \u00e0 jour r\u00e9guli\u00e8res et soutien continu de l&rsquo;\u00e9quipe WPFORMS<\/li>\n<li>Conforme au RGPD et assure la confidentialit\u00e9 des donn\u00e9es pour les utilisateurs<\/li>\n<li>Aucun codage requis, ce qui le rend accessible pour les utilisateurs de tous les niveaux de comp\u00e9tence.<\/li>\n<\/ul>\n","protected":false},"excerpt":{"rendered":"<p>WPForms Geolocation, un plugin innovant, offre la capacit\u00e9 d&rsquo;obtenir sans effort les donn\u00e9es de localisation des visiteurs de votre site Web. En int\u00e9grant de mani\u00e8re transparente les donn\u00e9es de g\u00e9olocalisation dans vos formulaires, cet outil puissant vous permet d&rsquo;acqu\u00e9rir de pr\u00e9cieuses informations sur les comportements de vos utilisateurs. Peu importe si vous exploitez un site Web de commerce \u00e9lectronique, sollicitez les commentaires des clients ou effectuez des \u00e9tudes de march\u00e9, l&rsquo;utilisation de la g\u00e9olocalisation WPFORMS peut am\u00e9liorer consid\u00e9rablement votre strat\u00e9gie marketing et faciliter l&rsquo;expansion des entreprises. Par cons\u00e9quent, pourquoi retarder plus longtemps? Acqu\u00e9rir la g\u00e9olocalisation WPForms aujourd&rsquo;hui et commencer \u00e0 exploiter le potentiel influent des donn\u00e9es bas\u00e9es sur la localisation!<\/p>\n","protected":false},"featured_media":146261,"comment_status":"open","ping_status":"open","template":"","meta":[],"product_brand":[2724],"product_cat":[1189,1181,1186],"product_tag":[1415],"class_list":{"0":"post-121235","1":"product","2":"type-product","3":"status-publish","4":"has-post-thumbnail","6":"product_brand-wp-forms","7":"product_cat-personnalisation","8":"product_cat-plugins","9":"product_cat-wordpress-plugins","10":"product_tag-wp-forms","11":"member-discount","12":"discount-restricted","14":"first","15":"instock","16":"sale","17":"downloadable","18":"virtual","19":"sold-individually","20":"purchasable","21":"product-type-simple"},"_links":{"self":[{"href":"https:\/\/gpl-love.com\/fr\/wp-json\/wp\/v2\/product\/121235","targetHints":{"allow":["GET"]}}],"collection":[{"href":"https:\/\/gpl-love.com\/fr\/wp-json\/wp\/v2\/product"}],"about":[{"href":"https:\/\/gpl-love.com\/fr\/wp-json\/wp\/v2\/types\/product"}],"replies":[{"embeddable":true,"href":"https:\/\/gpl-love.com\/fr\/wp-json\/wp\/v2\/comments?post=121235"}],"wp:featuredmedia":[{"embeddable":true,"href":"https:\/\/gpl-love.com\/fr\/wp-json\/wp\/v2\/media\/146261"}],"wp:attachment":[{"href":"https:\/\/gpl-love.com\/fr\/wp-json\/wp\/v2\/media?parent=121235"}],"wp:term":[{"taxonomy":"product_brand","embeddable":true,"href":"https:\/\/gpl-love.com\/fr\/wp-json\/wp\/v2\/product_brand?post=121235"},{"taxonomy":"product_cat","embeddable":true,"href":"https:\/\/gpl-love.com\/fr\/wp-json\/wp\/v2\/product_cat?post=121235"},{"taxonomy":"product_tag","embeddable":true,"href":"https:\/\/gpl-love.com\/fr\/wp-json\/wp\/v2\/product_tag?post=121235"}],"curies":[{"name":"wp","href":"https:\/\/api.w.org\/{rel}","templated":true}]}}