{"id":121233,"date":"2022-02-08T00:00:00","date_gmt":"2022-02-07T23:00:00","guid":{"rendered":"https:\/\/gpl-love.com\/fr\/produit\/wpforms-form-templates-pack\/"},"modified":"2026-03-20T23:51:27","modified_gmt":"2026-03-20T22:51:27","slug":"wpforms-form-templates-pack","status":"publish","type":"product","link":"https:\/\/gpl-love.com\/fr\/produit\/wpforms-form-templates-pack\/","title":{"rendered":"WPForms Form Templates Pack 1.2.2"},"content":{"rendered":"<h3>WPForms Form Templates Pack Traits<\/h3>\n<p>Le pack de mod\u00e8les de formulaires WPFORMS fournit un outil indispensable pour les entreprises et les personnes qui souhaitent construire des formulaires Web professionnels et personnalisables. Comprenant une vaste collection de plus de 100 mod\u00e8les pr\u00e9-con\u00e7us, ce pack offre la plus grande commodit\u00e9 dans la personnalisation pour r\u00e9pondre \u00e0 vos exigences sp\u00e9cifiques, que ce soit la cr\u00e9ation d&rsquo;un formulaire de contact, d&rsquo;une enqu\u00eate, d&rsquo;un formulaire d&rsquo;enregistrement ou de toute autre forme de votre choix. Ces mod\u00e8les sont non seulement enti\u00e8rement r\u00e9actifs, garantissant une apparence transparente sur tous les appareils, mais offrent \u00e9galement une int\u00e9gration sans effort avec des services de marketing par e-mail renomm\u00e9s comme MailChimp et un contact constant. En plus de cela, le pack de mod\u00e8les de formulaires WPFORMS poss\u00e8de un g\u00e9n\u00e9rateur de formulaires de glisser-d\u00e9poser, ainsi que d&rsquo;une gamme de fonctionnalit\u00e9s avanc\u00e9es, vous permettant de cr\u00e9er des formes visuellement captivantes et hautement fonctionnelles. Par cons\u00e9quent, en utilisant ce pack, vous pouvez \u00e9conomiser du temps et de l&rsquo;\u00e9nergie pr\u00e9cieux, tout en vous assurant que vos formulaires s&rsquo;alignent parfaitement avec votre marque et rassembler efficacement les informations souhait\u00e9es de votre public.<\/p>\n<ul>\n<li>Plus de 100 mod\u00e8les de formulaires con\u00e7us par des professionnels<\/li>\n<li>Compatible avec le plugin wpforms<\/li>\n<li>Facile \u00e0 utiliser et \u00e0 personnaliser<\/li>\n<li>\u00c9conomise du temps et des efforts pour cr\u00e9er des formes \u00e0 partir de z\u00e9ro<\/li>\n<li>Parfait pour les entreprises, les organisations et les sites Web personnels<\/li>\n<li>Couvre un large \u00e9ventail de formulaires, y compris le contact, l&rsquo;enregistrement, les enqu\u00eates et plus<\/li>\n<li>L&rsquo;acc\u00e8s \u00e0 de nouveaux mod\u00e8les ajout\u00e9s r\u00e9guli\u00e8rement<\/li>\n<li>Prix \u200b\u200babordable pour la valeur fournie<\/li>\n<li>Support client disponible pour toutes les questions ou pr\u00e9occupations<\/li>\n<li>Augmente la fonctionnalit\u00e9 globale et le professionnalisme de votre site Web.<\/li>\n<\/ul>\n","protected":false},"excerpt":{"rendered":"<p>Le pack de mod\u00e8les de formulaires WPFORMS offre une solution id\u00e9ale pour les personnes cherchant \u00e0 produire sans effort des formes visuellement \u00e9tonnantes et de premier ordre. Cet ensemble complet comprend un assortiment de mod\u00e8les m\u00e9ticuleusement con\u00e7us adapt\u00e9s \u00e0 des types de formulaires divers, englobant des formulaires de contact, des formulaires de r\u00e9troaction, des formulaires d&rsquo;enregistrement et un \u00e9ventail d&rsquo;autres. Chaque mod\u00e8le de ce pack est enti\u00e8rement personnalisable, vous permettant de modifier et affiner chaque \u00e9l\u00e9ment pour vous aligner impeccablement avec votre marque et vos exigences distinctives. En tirant parti du pack de mod\u00e8les de formulaire WPFORMS, vous pouvez \u00e9conomiser efficacement le temps et acc\u00e9l\u00e9rer votre processus de cr\u00e9ation de formulaire, tout en garantissant la livraison d&rsquo;un produit final raffin\u00e9 et professionnel.<\/p>\n","protected":false},"featured_media":146260,"comment_status":"open","ping_status":"open","template":"","meta":[],"product_brand":[2724],"product_cat":[1189,1181,1186],"product_tag":[1415],"class_list":{"0":"post-121233","1":"product","2":"type-product","3":"status-publish","4":"has-post-thumbnail","6":"product_brand-wp-forms","7":"product_cat-personnalisation","8":"product_cat-plugins","9":"product_cat-wordpress-plugins","10":"product_tag-wp-forms","11":"member-discount","12":"discount-restricted","14":"first","15":"instock","16":"sale","17":"downloadable","18":"virtual","19":"sold-individually","20":"purchasable","21":"product-type-simple"},"_links":{"self":[{"href":"https:\/\/gpl-love.com\/fr\/wp-json\/wp\/v2\/product\/121233","targetHints":{"allow":["GET"]}}],"collection":[{"href":"https:\/\/gpl-love.com\/fr\/wp-json\/wp\/v2\/product"}],"about":[{"href":"https:\/\/gpl-love.com\/fr\/wp-json\/wp\/v2\/types\/product"}],"replies":[{"embeddable":true,"href":"https:\/\/gpl-love.com\/fr\/wp-json\/wp\/v2\/comments?post=121233"}],"wp:featuredmedia":[{"embeddable":true,"href":"https:\/\/gpl-love.com\/fr\/wp-json\/wp\/v2\/media\/146260"}],"wp:attachment":[{"href":"https:\/\/gpl-love.com\/fr\/wp-json\/wp\/v2\/media?parent=121233"}],"wp:term":[{"taxonomy":"product_brand","embeddable":true,"href":"https:\/\/gpl-love.com\/fr\/wp-json\/wp\/v2\/product_brand?post=121233"},{"taxonomy":"product_cat","embeddable":true,"href":"https:\/\/gpl-love.com\/fr\/wp-json\/wp\/v2\/product_cat?post=121233"},{"taxonomy":"product_tag","embeddable":true,"href":"https:\/\/gpl-love.com\/fr\/wp-json\/wp\/v2\/product_tag?post=121233"}],"curies":[{"name":"wp","href":"https:\/\/api.w.org\/{rel}","templated":true}]}}