{"id":121231,"date":"2023-11-21T00:00:00","date_gmt":"2023-11-20T23:00:00","guid":{"rendered":"https:\/\/gpl-love.com\/fr\/produit\/wp-job-manager-simple-paid-listings-addon\/"},"modified":"2026-03-20T23:50:08","modified_gmt":"2026-03-20T22:50:08","slug":"wp-job-manager-simple-paid-listings-addon","status":"publish","type":"product","link":"https:\/\/gpl-love.com\/fr\/produit\/wp-job-manager-simple-paid-listings-addon\/","title":{"rendered":"WP Job Manager Simple Paid Listings Addon 2.0.2"},"content":{"rendered":"<h3>WP Job Manager Simple Paid Listings Addon Traits<\/h3>\n<p>L&rsquo;addition des listes de listes simples du WP Job Manager s&rsquo;av\u00e8re \u00eatre un instrument inestimable pour les propri\u00e9taires de sites Web qui aspirent \u00e0 capitaliser sur leur conseil d&rsquo;administration. Offrant aux demandeurs d&#8217;emploi la possibilit\u00e9 de se procurer des listes sup\u00e9rieures, cet addon leur conf\u00e8re un poste plus visible au sein du conseil d&rsquo;administration. De plus, il permet aux propri\u00e9taires de sites Web de percevoir des frais pour les offres d&#8217;emploi, engendrez ainsi une source suppl\u00e9mentaire de revenus. Ce plugin est caract\u00e9ris\u00e9 par sa nature conviviale et son int\u00e9gration transparente avec WP Job Manager, ce qui le rend un actif indispensable pour tout administrateur du conseil d&#8217;emploi. En se pr\u00e9voyant de la simple listes payantes, les propri\u00e9taires de sites Web peuvent augmenter leurs gains tout en am\u00e9liorant simultan\u00e9ment l&rsquo;exp\u00e9rience utilisateur pour les demandeurs d&#8217;emploi.<\/p>\n<ul>\n<li>Permet la cr\u00e9ation de listes d&#8217;emplois simples simples dans votre site WP Job Manager<\/li>\n<li>Propose des forfaits de tarification personnalisables pour les employeurs parmi lesquels choisir<\/li>\n<li>Prend en charge les passerelles de paiement courantes telles que PayPal et Stripe<\/li>\n<li>Fournit aux employeurs la possibilit\u00e9 de renouveler les listes ou de les d\u00e9finir pour expirer automatiquement<\/li>\n<li>Permet la cr\u00e9ation de cat\u00e9gories et de balises d&rsquo;inscription d&#8217;emplois<\/li>\n<li>Comprend un syst\u00e8me de rapports complet qui suit l&rsquo;\u00e9tat et les revenus de chaque liste d&#8217;emplois<\/li>\n<li>Int\u00e9gre parfaitement les autres modules et th\u00e8mes du gestionnaire d&#8217;emploi WP<\/li>\n<li>Fournit des options de raccourcis et de widgets faciles \u00e0 utiliser pour afficher les listes de travaux sur votre site<\/li>\n<li>Offre un support multilingue pour les entreprises mondiales<\/li>\n<li>Fournit un excellent support client et des mises \u00e0 jour fr\u00e9quentes pour assurer la compatibilit\u00e9 avec les derni\u00e8res versions de WordPress et WP Job Manager.<\/li>\n<\/ul>\n","protected":false},"excerpt":{"rendered":"<p>L&rsquo;addition de listes de listes payantes simples de WP Manager est une fonctionnalit\u00e9 incroyablement b\u00e9n\u00e9fique qui offre aux utilisateurs une solution pratique pour g\u00e9rer et mon\u00e9tiser efficacement leurs listes d&#8217;emplois. Cet addon particulier propose une m\u00e9thode transparente et sans effort pour \u00e9tablir des listes d&#8217;emplois payantes sur votre site Web, vous permettant ainsi de g\u00e9n\u00e9rer des revenus \u00e0 partir de votre trafic existant et potentiellement gagner des revenus suppl\u00e9mentaires. Avec cette fonctionnalit\u00e9 remarquable, vous avez la possibilit\u00e9 d&rsquo;\u00e9tablir rapidement et facilement et de superviser vos listes d&#8217;emplois payantes, ainsi que d&rsquo;adapter les prix et les forfaits pour r\u00e9pondre \u00e0 vos exigences sp\u00e9cifiques. Par cons\u00e9quent, cette solution s&rsquo;av\u00e8re \u00eatre un choix id\u00e9al pour les personnes cherchant \u00e0 g\u00e9n\u00e9rer un revenu suppl\u00e9mentaire \u00e0 partir de leur portail d&#8217;emploi ou de leur site de recrutement.<\/p>\n","protected":false},"featured_media":146170,"comment_status":"open","ping_status":"open","template":"","meta":[],"product_brand":[2722],"product_cat":[1189,1181,1186],"product_tag":[1419],"class_list":{"0":"post-121231","1":"product","2":"type-product","3":"status-publish","4":"has-post-thumbnail","6":"product_brand-wp-job-manager","7":"product_cat-personnalisation","8":"product_cat-plugins","9":"product_cat-wordpress-plugins","10":"product_tag-wp-job-manager","11":"member-discount","12":"discount-restricted","14":"first","15":"instock","16":"sale","17":"downloadable","18":"virtual","19":"sold-individually","20":"purchasable","21":"product-type-simple"},"_links":{"self":[{"href":"https:\/\/gpl-love.com\/fr\/wp-json\/wp\/v2\/product\/121231","targetHints":{"allow":["GET"]}}],"collection":[{"href":"https:\/\/gpl-love.com\/fr\/wp-json\/wp\/v2\/product"}],"about":[{"href":"https:\/\/gpl-love.com\/fr\/wp-json\/wp\/v2\/types\/product"}],"replies":[{"embeddable":true,"href":"https:\/\/gpl-love.com\/fr\/wp-json\/wp\/v2\/comments?post=121231"}],"wp:featuredmedia":[{"embeddable":true,"href":"https:\/\/gpl-love.com\/fr\/wp-json\/wp\/v2\/media\/146170"}],"wp:attachment":[{"href":"https:\/\/gpl-love.com\/fr\/wp-json\/wp\/v2\/media?parent=121231"}],"wp:term":[{"taxonomy":"product_brand","embeddable":true,"href":"https:\/\/gpl-love.com\/fr\/wp-json\/wp\/v2\/product_brand?post=121231"},{"taxonomy":"product_cat","embeddable":true,"href":"https:\/\/gpl-love.com\/fr\/wp-json\/wp\/v2\/product_cat?post=121231"},{"taxonomy":"product_tag","embeddable":true,"href":"https:\/\/gpl-love.com\/fr\/wp-json\/wp\/v2\/product_tag?post=121231"}],"curies":[{"name":"wp","href":"https:\/\/api.w.org\/{rel}","templated":true}]}}