{"id":121229,"date":"2023-09-09T00:00:00","date_gmt":"2023-09-08T22:00:00","guid":{"rendered":"https:\/\/gpl-love.com\/fr\/produit\/wp-job-manager-products-addon\/"},"modified":"2026-03-20T23:50:06","modified_gmt":"2026-03-20T22:50:06","slug":"wp-job-manager-products-addon","status":"publish","type":"product","link":"https:\/\/gpl-love.com\/fr\/produit\/wp-job-manager-products-addon\/","title":{"rendered":"WP Job Manager Products Addon 1.8.4"},"content":{"rendered":"<h3>WP Job Manager Products Addon Traits<\/h3>\n<p>Le WP Job Manager Products Addon, un outil tr\u00e8s robuste et efficace, donne aux entreprises la possibilit\u00e9 de g\u00e9n\u00e9rer et de r\u00e9glementer sans effort leurs propres produits via la c\u00e9l\u00e8bre plateforme WP Manager. Cet addon de pointe offre aux entreprises la capacit\u00e9 d&rsquo;int\u00e9grer de mani\u00e8re transparente de nouveaux produits, de g\u00e9rer efficacement les offres existantes et de pr\u00e9senter efficacement leur gamme de produits diversifi\u00e9e \u00e0 une client\u00e8le potentielle. En fournissant aux utilisateurs une interface intuitive, cet addon rationalise la t\u00e2che ardue de la gestion des produits en facilitant l&rsquo;ajout de descriptions compl\u00e8tes de produits, des images captivantes et des informations de prix pertinentes. De plus, il permet aux entreprises d&rsquo;adapter de mani\u00e8re experte la pr\u00e9sentation de leurs produits \u00e0 s&rsquo;aligner impeccablement avec leurs exigences uniques. Par cons\u00e9quent, l&rsquo;addon de produits WP Job Manager appara\u00eet comme la solution par excellence pour les entreprises, quelle que soit leur \u00e9chelle, qui aspirent \u00e0 promouvoir efficacement leurs produits avec le plus grand professionnalisme et l&rsquo;efficacit\u00e9 in\u00e9branlable.<\/p>\n<ul>\n<li>Ajoute un nouveau type de produit \u00e0 votre gestionnaire d&#8217;emploi WP<\/li>\n<li>Vous permet de cr\u00e9er et de g\u00e9rer de nouvelles listes de produits<\/li>\n<li>Comprend un formulaire personnalisable pour ajouter les d\u00e9tails du produit et les prix<\/li>\n<li>Affiche les images du produit, les descriptions et autres d\u00e9tails sur la page d&rsquo;inscription<\/li>\n<li>Vous permet de sp\u00e9cifier la cat\u00e9gorie de produits, les balises et autres attributs<\/li>\n<li>Prend en charge plusieurs options de tarification, telles que les tarifs horaires ou fixes<\/li>\n<li>Permet aux visiteurs d&rsquo;acheter des produits directement sur votre site Web, en utilisant PayPal ou Stripe<\/li>\n<li>Fournit des rapports d\u00e9taill\u00e9s sur les ventes de produits et les revenus<\/li>\n<li>Int\u00e8gre de mani\u00e8re transparente avec WP Job Manager et d&rsquo;autres plugins WordPress<\/li>\n<li>Offre un support et une documentation sans pr\u00e9c\u00e9dent de l&rsquo;\u00e9quipe de WP Job Manager.<\/li>\n<\/ul>\n","protected":false},"excerpt":{"rendered":"<p>Le WP Job Manager Products Addon se pr\u00e9sente comme un outil extr\u00eamement formidable et robuste qui conf\u00e8re \u00e0 ses utilisateurs la capacit\u00e9 d&rsquo;auteur, de g\u00e9n\u00e9rer et de superviser les produits dans le domaine de leur conseil d&rsquo;administration. En utilisant cet addon, on peut facilement ajouter des produits \u00e0 leurs listes d&#8217;emplois et offrir aux demandeurs d&#8217;emploi la possibilit\u00e9 de se procurer lesdits produits sans interm\u00e9diation directement via leur site Web. De plus, cet addon particulier \u00e9tend son soutien pour adopter des paiements r\u00e9currents, en plus de nombreuses alternatives de prix, ce qui le rend une solution particuli\u00e8rement optimale et excellente pour les entreprises qui souhaitent capitaliser sur leur conseil d&rsquo;administration. Que son intention soit de fournir des offres d&#8217;emploi ou d&rsquo;autres types de marchandises, l&rsquo;addon de produits WP Manager WP est indubitablement une acquisition imp\u00e9rative et non n\u00e9gociable pour tout op\u00e9rateur de conseil d&#8217;emploi exigeant.<\/p>\n","protected":false},"featured_media":146168,"comment_status":"open","ping_status":"open","template":"","meta":[],"product_brand":[2722],"product_cat":[1189,1181,1186],"product_tag":[1419],"class_list":{"0":"post-121229","1":"product","2":"type-product","3":"status-publish","4":"has-post-thumbnail","6":"product_brand-wp-job-manager","7":"product_cat-personnalisation","8":"product_cat-plugins","9":"product_cat-wordpress-plugins","10":"product_tag-wp-job-manager","11":"member-discount","12":"discount-restricted","14":"first","15":"instock","16":"sale","17":"downloadable","18":"virtual","19":"sold-individually","20":"purchasable","21":"product-type-simple"},"_links":{"self":[{"href":"https:\/\/gpl-love.com\/fr\/wp-json\/wp\/v2\/product\/121229","targetHints":{"allow":["GET"]}}],"collection":[{"href":"https:\/\/gpl-love.com\/fr\/wp-json\/wp\/v2\/product"}],"about":[{"href":"https:\/\/gpl-love.com\/fr\/wp-json\/wp\/v2\/types\/product"}],"replies":[{"embeddable":true,"href":"https:\/\/gpl-love.com\/fr\/wp-json\/wp\/v2\/comments?post=121229"}],"wp:featuredmedia":[{"embeddable":true,"href":"https:\/\/gpl-love.com\/fr\/wp-json\/wp\/v2\/media\/146168"}],"wp:attachment":[{"href":"https:\/\/gpl-love.com\/fr\/wp-json\/wp\/v2\/media?parent=121229"}],"wp:term":[{"taxonomy":"product_brand","embeddable":true,"href":"https:\/\/gpl-love.com\/fr\/wp-json\/wp\/v2\/product_brand?post=121229"},{"taxonomy":"product_cat","embeddable":true,"href":"https:\/\/gpl-love.com\/fr\/wp-json\/wp\/v2\/product_cat?post=121229"},{"taxonomy":"product_tag","embeddable":true,"href":"https:\/\/gpl-love.com\/fr\/wp-json\/wp\/v2\/product_tag?post=121229"}],"curies":[{"name":"wp","href":"https:\/\/api.w.org\/{rel}","templated":true}]}}