{"id":121227,"date":"2023-12-19T00:00:00","date_gmt":"2023-12-18T23:00:00","guid":{"rendered":"https:\/\/gpl-love.com\/fr\/produit\/wp-job-manager-listing-payments\/"},"modified":"2026-03-20T23:50:05","modified_gmt":"2026-03-20T22:50:05","slug":"wp-job-manager-listing-payments","status":"publish","type":"product","link":"https:\/\/gpl-love.com\/fr\/produit\/wp-job-manager-listing-payments\/","title":{"rendered":"WP Job Manager Listing Payments 2.2.5"},"content":{"rendered":"<h3>WP Job Manager Listing Payments Traits<\/h3>\n<p>WP Job Manager Listing Payments, une int\u00e9gration exceptionnelle du syst\u00e8me de paiement, fournit un moyen sans effort et hautement s\u00e9curis\u00e9 pour les employeurs de payer commod\u00e9ment leurs soumissions d&rsquo;inscription d&#8217;emplois. En incorporant de mani\u00e8re transparente avec des passerelles de paiement renomm\u00e9es comme PayPal, Stripe et Authorize.net, ce plugin remarquable simplifie consid\u00e9rablement le processus de paiement, fournissant aux employeurs un degr\u00e9 remarquable de flexibilit\u00e9 concernant leurs options de paiement. De plus, il poss\u00e8de un tableau de bord complet qui permet aux employeurs de surveiller m\u00e9ticuleusement leurs paiements et leurs listes d&#8217;emplois. Sans aucun doute, ce plugin indispensable repr\u00e9sente une n\u00e9cessit\u00e9 absolue pour tout propri\u00e9taire d&rsquo;entreprise astucieux ou recruteur exigeant qui cherche une approche efficace et transparente pour g\u00e9rer efficacement leurs listes d&#8217;emplois et leurs paiements sur leur site Web estim\u00e9.<\/p>\n<ul>\n<li>Permet aux propri\u00e9taires de sites Web de facturer aux utilisateurs des inscriptions sur leur site sur leur site<\/li>\n<li>Int\u00e8gre de mani\u00e8re transparente avec le plugin WP Job Manager<\/li>\n<li>Offre une vari\u00e9t\u00e9 de passerelles de paiement, y compris PayPal, Stripe et plus<\/li>\n<li>Permet aux propri\u00e9taires de sites Web de d\u00e9finir des options de prix pour diff\u00e9rents packages d&rsquo;inscription de travaux<\/li>\n<li>Fournit des rapports de paiement d\u00e9taill\u00e9s pour le propri\u00e9taire du site Web et l&rsquo;utilisateur<\/li>\n<li>Offre des rappels de paiement automatique pour garantir le paiement en temps opportun des listes<\/li>\n<li>Peut \u00eatre personnalis\u00e9 avec des options de marque pour correspondre \u00e0 la conception du site Web<\/li>\n<li>Fournit un traitement de paiement s\u00e9curis\u00e9 pour prot\u00e9ger les informations sensibles<\/li>\n<li>Offre des options de paiement flexibles telles que les paiements uniques ou les abonnements r\u00e9currents<\/li>\n<li>Peut \u00eatre utilis\u00e9 \u00e0 la fois pour les affectations de travaux uniques ou les forfaits de travail en vrac.<\/li>\n<\/ul>\n","protected":false},"excerpt":{"rendered":"<p>WP Job Manager Listing Payments est un plugin WordPress extr\u00eamement robuste et riches en fonctionnalit\u00e9s qui sert de conduit pour les utilisateurs \u00e0 rassembler sans effort et efficacement les paiements pour leurs listes d&#8217;emplois sur leur site Web. Ce plugin convivial et intuitif permet aux propri\u00e9taires de sites Web la possibilit\u00e9 de g\u00e9n\u00e9rer efficacement les revenus de leur conseil d&rsquo;administration en mettant en \u0153uvre un syst\u00e8me qui facture des utilisateurs pour le privil\u00e8ge de publier des listes d&#8217;emplois. En raison de ses structures de tarification hautement personnalisables et de ses options de paiement remarquablement flexibles, WP Job Manager Listing Payments offre aux administrateurs de sites Web un moyen sans couture et simple de surveiller et de superviser leurs op\u00e9rations de paiement sur leur site Web. En outre, ce plugin est compatible de mani\u00e8re transparente avec une gamme diversifi\u00e9e de passerelles de paiement extr\u00eamement populaires, facilitant ainsi un processus de publication d&#8217;emploi rationalis\u00e9 et acc\u00e9l\u00e9r\u00e9 tout en renfor\u00e7ant simultan\u00e9ment vos gains financiers. Nous vous implorons sans r\u00e9serve de d\u00e9couvrir les capacit\u00e9s in\u00e9gal\u00e9es et le potentiel illimit\u00e9 de WP Office Manager r\u00e9pertoriant les paiements de premi\u00e8re main et propulser votre comit\u00e9 d&#8217;emploi \u00e0 un niveau de r\u00e9ussite et de prosp\u00e9rit\u00e9 sans pr\u00e9c\u00e9dent.<\/p>\n","protected":false},"featured_media":146167,"comment_status":"open","ping_status":"open","template":"","meta":[],"product_brand":[2722],"product_cat":[1253,1181,1186],"product_tag":[1419],"class_list":{"0":"post-121227","1":"product","2":"type-product","3":"status-publish","4":"has-post-thumbnail","6":"product_brand-wp-job-manager","7":"product_cat-paiement","8":"product_cat-plugins","9":"product_cat-wordpress-plugins","10":"product_tag-wp-job-manager","11":"member-discount","12":"discount-restricted","14":"first","15":"instock","16":"sale","17":"downloadable","18":"virtual","19":"sold-individually","20":"purchasable","21":"product-type-simple"},"_links":{"self":[{"href":"https:\/\/gpl-love.com\/fr\/wp-json\/wp\/v2\/product\/121227","targetHints":{"allow":["GET"]}}],"collection":[{"href":"https:\/\/gpl-love.com\/fr\/wp-json\/wp\/v2\/product"}],"about":[{"href":"https:\/\/gpl-love.com\/fr\/wp-json\/wp\/v2\/types\/product"}],"replies":[{"embeddable":true,"href":"https:\/\/gpl-love.com\/fr\/wp-json\/wp\/v2\/comments?post=121227"}],"wp:featuredmedia":[{"embeddable":true,"href":"https:\/\/gpl-love.com\/fr\/wp-json\/wp\/v2\/media\/146167"}],"wp:attachment":[{"href":"https:\/\/gpl-love.com\/fr\/wp-json\/wp\/v2\/media?parent=121227"}],"wp:term":[{"taxonomy":"product_brand","embeddable":true,"href":"https:\/\/gpl-love.com\/fr\/wp-json\/wp\/v2\/product_brand?post=121227"},{"taxonomy":"product_cat","embeddable":true,"href":"https:\/\/gpl-love.com\/fr\/wp-json\/wp\/v2\/product_cat?post=121227"},{"taxonomy":"product_tag","embeddable":true,"href":"https:\/\/gpl-love.com\/fr\/wp-json\/wp\/v2\/product_tag?post=121227"}],"curies":[{"name":"wp","href":"https:\/\/api.w.org\/{rel}","templated":true}]}}