{"id":121225,"date":"2023-11-21T00:00:00","date_gmt":"2023-11-20T23:00:00","guid":{"rendered":"https:\/\/gpl-love.com\/fr\/produit\/wp-job-manager-job-tags-addon\/"},"modified":"2026-03-20T23:50:05","modified_gmt":"2026-03-20T22:50:05","slug":"wp-job-manager-job-tags-addon","status":"publish","type":"product","link":"https:\/\/gpl-love.com\/fr\/produit\/wp-job-manager-job-tags-addon\/","title":{"rendered":"WP Job Manager Job Tags Addon 1.4.6"},"content":{"rendered":"<h3>WP Job Manager Job Tags Addon Traits<\/h3>\n<p>Le WP Job Manager Tags Addon, un outil remarquablement puissant con\u00e7u pour am\u00e9liorer l&rsquo;efficacit\u00e9 de la publication et de la gestion des emplois sur les sites WordPress, s&rsquo;av\u00e8re \u00eatre un atout indispensable pour les propri\u00e9taires de sites. En exploitant les capacit\u00e9s de cet addon, les individus peuvent attribuer sans effort des cat\u00e9gories et des balises appropri\u00e9es aux offres d&#8217;emploi, facilitant ainsi le processus de recherche pour les demandeurs d&#8217;emploi potentiels qui sont \u00e0 l&rsquo;aff\u00fbt des opportunit\u00e9s les plus appropri\u00e9es. De plus, cet addon offre la caract\u00e9ristique avantageuse de l&rsquo;activation de la cr\u00e9ation de balises personnalis\u00e9es et de nuages \u200b\u200bde balises dynamiques, permettant ainsi aux propri\u00e9taires de sites avec une plus grande autorit\u00e9 sur les listes d&#8217;emplois affich\u00e9es sur leur plate-forme estim\u00e9e. Par cons\u00e9quent, l&rsquo;addon de tags d&#8217;emploi WP Manager \u00e9merge comme une inclusion imp\u00e9rative dans l&rsquo;arsenal de tout individu souhaitant avec ferveur d&rsquo;\u00e9tablir un conseil d&#8217;emploi global sur son site WordPress estim\u00e9.<\/p>\n<ul>\n<li>Permet aux utilisateurs d&rsquo;ajouter facilement des balises aux listes d&#8217;emplois dans WP Job Manager<\/li>\n<li>Aide les demandeurs d&#8217;emploi \u00e0 trouver des listes d&#8217;emplois pertinentes en recherchant des balises<\/li>\n<li>Fournit des affiches d&#8217;emploi un moyen de classer et d&rsquo;organiser les listes d&#8217;emplois<\/li>\n<li>Peut \u00eatre personnalis\u00e9 pour afficher des balises dans diff\u00e9rents formats et styles<\/li>\n<li>Compatible avec WP Job Manager et d&rsquo;autres plugins WordPress populaires<\/li>\n<li>Facile \u00e0 installer et \u00e0 utiliser avec des instructions \u00e9tape par \u00e9tape<\/li>\n<li>Aide \u00e0 am\u00e9liorer le r\u00e9f\u00e9rencement du site Web en permettant des r\u00e9sultats de recherche plus cibl\u00e9s<\/li>\n<li>Gave le temps en permettant l&rsquo;\u00e9dition en vrac et l&rsquo;ajout de balises<\/li>\n<li>Offre une solution rentable pour am\u00e9liorer les listes d&#8217;emplois et les fonctionnalit\u00e9s du site Web.<\/li>\n<\/ul>\n","protected":false},"excerpt":{"rendered":"<p>Le WP Job Manager Tags Addon, un outil incroyablement puissant, offre la capacit\u00e9 d&rsquo;ajouter des balises personnalis\u00e9es \u00e0 vos listes d&#8217;emplois, am\u00e9liorant ainsi leur visibilit\u00e9 et rationalisation du processus de recherche. Cet addon, qui interface sans effort avec le plugin WP Job Manager, pr\u00e9sente une solution sans effort et efficace pour g\u00e9rer efficacement les balises d&#8217;emploi. Tirant parti de l&rsquo;addon de balises d&#8217;emploi WP Manager, vous pouvez \u00e9lever vos listes d&#8217;emplois \u00e0 des hauteurs sans pr\u00e9c\u00e9dent, garantissant que vos postes vacants sont expos\u00e9s aux candidats les plus appropri\u00e9s et les plus qualifi\u00e9s.<\/p>\n","protected":false},"featured_media":146166,"comment_status":"open","ping_status":"open","template":"","meta":[],"product_brand":[2722],"product_cat":[1189,1181,1186],"product_tag":[1419],"class_list":{"0":"post-121225","1":"product","2":"type-product","3":"status-publish","4":"has-post-thumbnail","6":"product_brand-wp-job-manager","7":"product_cat-personnalisation","8":"product_cat-plugins","9":"product_cat-wordpress-plugins","10":"product_tag-wp-job-manager","11":"member-discount","12":"discount-restricted","14":"first","15":"instock","16":"sale","17":"downloadable","18":"virtual","19":"sold-individually","20":"purchasable","21":"product-type-simple"},"_links":{"self":[{"href":"https:\/\/gpl-love.com\/fr\/wp-json\/wp\/v2\/product\/121225","targetHints":{"allow":["GET"]}}],"collection":[{"href":"https:\/\/gpl-love.com\/fr\/wp-json\/wp\/v2\/product"}],"about":[{"href":"https:\/\/gpl-love.com\/fr\/wp-json\/wp\/v2\/types\/product"}],"replies":[{"embeddable":true,"href":"https:\/\/gpl-love.com\/fr\/wp-json\/wp\/v2\/comments?post=121225"}],"wp:featuredmedia":[{"embeddable":true,"href":"https:\/\/gpl-love.com\/fr\/wp-json\/wp\/v2\/media\/146166"}],"wp:attachment":[{"href":"https:\/\/gpl-love.com\/fr\/wp-json\/wp\/v2\/media?parent=121225"}],"wp:term":[{"taxonomy":"product_brand","embeddable":true,"href":"https:\/\/gpl-love.com\/fr\/wp-json\/wp\/v2\/product_brand?post=121225"},{"taxonomy":"product_cat","embeddable":true,"href":"https:\/\/gpl-love.com\/fr\/wp-json\/wp\/v2\/product_cat?post=121225"},{"taxonomy":"product_tag","embeddable":true,"href":"https:\/\/gpl-love.com\/fr\/wp-json\/wp\/v2\/product_tag?post=121225"}],"curies":[{"name":"wp","href":"https:\/\/api.w.org\/{rel}","templated":true}]}}