{"id":121223,"date":"2022-09-20T00:00:00","date_gmt":"2022-09-19T22:00:00","guid":{"rendered":"https:\/\/gpl-love.com\/fr\/produit\/wp-job-manager-indeed-integration-addon\/"},"modified":"2026-03-20T23:50:03","modified_gmt":"2026-03-20T22:50:03","slug":"wp-job-manager-indeed-integration-addon","status":"publish","type":"product","link":"https:\/\/gpl-love.com\/fr\/produit\/wp-job-manager-indeed-integration-addon\/","title":{"rendered":"WP Job Manager Indeed Integration Addon 2.2.0"},"content":{"rendered":"<h3>WP Job Manager Indeed Integration Addon Traits<\/h3>\n<p>Le WP Job Manager, en effet, l&rsquo;int\u00e9gration Addon, un outil tr\u00e8s efficace, a \u00e9t\u00e9 sp\u00e9cifiquement d\u00e9velopp\u00e9e pour faciliter la proc\u00e9dure de publication d&#8217;emplois pour les employeurs. Au moyen de cet addon, les employeurs peuvent importer sans effort les inscriptions d&#8217;emplois \u00e0 partir du plus grand moteur de recherche d&#8217;emploi dans le monde et les publier rapidement sur leur propre site Web. Par cons\u00e9quent, cet addon \u00e9vite la n\u00e9cessit\u00e9 de saisir manuellement les d\u00e9tails de l&#8217;emploi sur le site Web, ce qui permet d&rsquo;\u00e9conomiser du temps et de l&rsquo;effort. De plus, cet addon est \u00e9quip\u00e9 de filtres avanc\u00e9s qui permettent aux utilisateurs de d\u00e9couvrir facilement les listes d&#8217;emplois les plus pertinentes en fonction de leur industrie et de leur emplacement g\u00e9ographique. En outre, il s&rsquo;int\u00e8gre parfaitement au plugin WP Job Manager, garantissant ainsi la gestion et le suivi sans effort des demandes d&#8217;emploi. Si vous souhaitez rationaliser votre proc\u00e9dure d&#8217;embauche et attirer des talents de premier ordre, l&rsquo;addon d&rsquo;int\u00e9gration WP Manager WP constitue la solution optimale pour vous.<\/p>\n<ul>\n<li>Int\u00e8gre WP Job Manager avec En effet le moteur de recherche d&#8217;emploi<\/li>\n<li>Permet d&rsquo;envoyer automatiquement les listes d&#8217;emplois sur votre site<\/li>\n<li>Augmente la visibilit\u00e9 et la port\u00e9e de vos listes d&#8217;emplois<\/li>\n<li>Processus de configuration facile avec des instructions \u00e9tape par \u00e9tape<\/li>\n<li>Fournit des rapports d\u00e9taill\u00e9s sur les performances de la liste d&#8217;emplois sur en effet<\/li>\n<li>Mette \u00e0 jour automatiquement les listes d&#8217;emplois en effet chaque fois qu&rsquo;il y a des modifications sur votre site<\/li>\n<li>Am\u00e9liore l&rsquo;efficacit\u00e9 en \u00e9liminant la n\u00e9cessit\u00e9 d&rsquo;\u00e9num\u00e9rer manuellement les emplois sur plusieurs plateformes<\/li>\n<li>Augmente les chances d&rsquo;attirer des candidats qualifi\u00e9s en atteignant un public plus large<\/li>\n<li>Compatible avec tous les modules et th\u00e8mes du gestionnaire de travail WP<\/li>\n<li>\u00c9quipe d&rsquo;assistance r\u00e9active disponible pour aider \u00e0 tout probl\u00e8me ou questions.<\/li>\n<\/ul>\n","protected":false},"excerpt":{"rendered":"<p>Le WP Job Manager Addon en effet sert de plugin tr\u00e8s pr\u00e9cieux qui entra\u00eene une int\u00e9gration transparente de la publication d&#8217;emploi et de la recherche de fonctionnalit\u00e9s de recherche sur votre site WordPress. En incorporant cet addon dans votre plate-forme, vous pouvez fusionner sans effort votre gestionnaire de travail WP avec le c\u00e9l\u00e8bre Board en effet, am\u00e9liorant ainsi consid\u00e9rablement votre visibilit\u00e9 \u00e0 un vaste bassin de demandeurs d&#8217;emploi couvrant le globe. Remarquablement, ce plugin importe de mani\u00e8re transparente les listes d&#8217;emplois de l&#8217;emploi et les int\u00e8gre sans effort dans votre conseil d&rsquo;office existant, permettant ainsi \u00e0 votre public d&rsquo;explorer et de poursuivre un \u00e9ventail plus large de possibilit\u00e9s d&#8217;emploi. En outre, cet addon facilite le t\u00e9l\u00e9chargement rapide et sans tracas de curriculum vitae par les demandeurs d&#8217;emploi sur votre site, simplifiant par cons\u00e9quent le processus pour que les employeurs recherchent efficacement et identifient le candidat le plus appropri\u00e9 pour leur vacance professionnelle. Embrassez rapidement l&rsquo;utilisation de cet addon et r\u00e9volutionnez votre processus de recrutement comme jamais auparavant.<\/p>\n","protected":false},"featured_media":146164,"comment_status":"open","ping_status":"open","template":"","meta":[],"product_brand":[2722],"product_cat":[1207,1181,1186],"product_tag":[1419],"class_list":{"0":"post-121223","1":"product","2":"type-product","3":"status-publish","4":"has-post-thumbnail","6":"product_brand-wp-job-manager","7":"product_cat-commercialisation-wordpress-plugins","8":"product_cat-plugins","9":"product_cat-wordpress-plugins","10":"product_tag-wp-job-manager","11":"member-discount","12":"discount-restricted","14":"first","15":"instock","16":"sale","17":"downloadable","18":"virtual","19":"sold-individually","20":"purchasable","21":"product-type-simple"},"_links":{"self":[{"href":"https:\/\/gpl-love.com\/fr\/wp-json\/wp\/v2\/product\/121223","targetHints":{"allow":["GET"]}}],"collection":[{"href":"https:\/\/gpl-love.com\/fr\/wp-json\/wp\/v2\/product"}],"about":[{"href":"https:\/\/gpl-love.com\/fr\/wp-json\/wp\/v2\/types\/product"}],"replies":[{"embeddable":true,"href":"https:\/\/gpl-love.com\/fr\/wp-json\/wp\/v2\/comments?post=121223"}],"wp:featuredmedia":[{"embeddable":true,"href":"https:\/\/gpl-love.com\/fr\/wp-json\/wp\/v2\/media\/146164"}],"wp:attachment":[{"href":"https:\/\/gpl-love.com\/fr\/wp-json\/wp\/v2\/media?parent=121223"}],"wp:term":[{"taxonomy":"product_brand","embeddable":true,"href":"https:\/\/gpl-love.com\/fr\/wp-json\/wp\/v2\/product_brand?post=121223"},{"taxonomy":"product_cat","embeddable":true,"href":"https:\/\/gpl-love.com\/fr\/wp-json\/wp\/v2\/product_cat?post=121223"},{"taxonomy":"product_tag","embeddable":true,"href":"https:\/\/gpl-love.com\/fr\/wp-json\/wp\/v2\/product_tag?post=121223"}],"curies":[{"name":"wp","href":"https:\/\/api.w.org\/{rel}","templated":true}]}}