{"id":121221,"date":"2023-11-21T00:00:00","date_gmt":"2023-11-20T23:00:00","guid":{"rendered":"https:\/\/gpl-love.com\/fr\/produit\/wp-job-manager-embeddable-job-widget\/"},"modified":"2026-03-20T23:50:00","modified_gmt":"2026-03-20T22:50:00","slug":"wp-job-manager-embeddable-job-widget","status":"publish","type":"product","link":"https:\/\/gpl-love.com\/fr\/produit\/wp-job-manager-embeddable-job-widget\/","title":{"rendered":"WP Job Manager Embeddable Job Widget 1.1.6"},"content":{"rendered":"<h3>WP Job Manager Embeddable Job Widget Traits<\/h3>\n<p>Le WP Manager Embedddable Job Widget se pr\u00e9sente comme le rem\u00e8de ultime pour les propri\u00e9taires de sites Web qui souhaitent ardemment \u00e0 pr\u00e9senter sans effort et rapidement des listes d&#8217;emplois sur leurs sites respectifs. Ce widget a int\u00e9gr\u00e9 de mani\u00e8re transparente s&rsquo;amalgame harmonieusement avec votre site Web, vous accordant ainsi la capacit\u00e9 d&rsquo;exposer parfaitement les listes d&#8217;emplois \u00e0 partir de votre base de donn\u00e9es WP Job Manager. Avec une interface intrins\u00e8quement instinctive, vous \u00eates accord\u00e9 la capacit\u00e9 de personnaliser l&rsquo;esth\u00e9tique et le comportement global du widget pour s&rsquo;aligner de mani\u00e8re transparente sur l&rsquo;identit\u00e9 unique de votre marque. De plus, le WP Manager EmbedDable Job Widget est parfaitement optimis\u00e9 pour les plates-formes mobiles, rendant ainsi vos listes d&#8217;emplois visibles sans effort sur n&rsquo;importe quel appareil. En incorporant ce widget r\u00e9volutionnaire sur votre plate-forme, vous am\u00e9liorerez finalement l&rsquo;exp\u00e9rience utilisateur et allongerez un bassin augment\u00e9 de candidats hautement qualifi\u00e9s \u00e0 votre gamme d&rsquo;ouverture d&#8217;emploi.<\/p>\n<ul>\n<li>Int\u00e9grer facilement les listes d&#8217;emplois sur n&rsquo;importe quel site Web<\/li>\n<li>Personnalisez l&rsquo;apparence et la sensation du widget pour correspondre \u00e0 votre marque<\/li>\n<li>Filtre les listes d&#8217;emplois par cat\u00e9gorie, emplacement et autres crit\u00e8res<\/li>\n<li>Inclure ou exclure des travaux sp\u00e9cifiques de l&rsquo;affichage du widget<\/li>\n<li>La conception r\u00e9active garantit que le widget a fi\u00e8re allure sur n&rsquo;importe quel appareil<\/li>\n<li>Facile \u00e0 installer et \u00e0 utiliser sans codage requis<\/li>\n<li>Prend en charge plusieurs langues pour un public mondial<\/li>\n<li>Interface conviviale pour les demandeurs d&#8217;emploi pour naviguer facilement et postuler \u00e0 des emplois<\/li>\n<li>Compatible avec WP Job Manager et d&rsquo;autres plugins WordPress.<\/li>\n<\/ul>\n","protected":false},"excerpt":{"rendered":"<p>Le WP Job Manager Embedddable Job Widget est un outil incroyablement robuste et efficace qui accorde aux propri\u00e9taires de sites Web la capacit\u00e9 d&rsquo;afficher sans effort les listes d&#8217;emplois sur leurs sites Web. En int\u00e9grant simplement le widget sur votre site Web, il r\u00e9cup\u00e9rera sans effort les listes d&#8217;emplois \u00e0 partir de votre plugin WP Job Manager. Le widget peut \u00eatre facilement personnalis\u00e9 pour s&rsquo;harmoniser avec la marque et le style de votre site Web. Ce widget remarquable est particuli\u00e8rement id\u00e9al pour les entreprises visant \u00e0 attirer des talents exceptionnels, ainsi que pour les sites d&#8217;emploi et les recruteurs qui cherchent \u00e0 exposer leurs annonces.<\/p>\n","protected":false},"featured_media":146162,"comment_status":"open","ping_status":"open","template":"","meta":[],"product_brand":[2722],"product_cat":[1189,1181,1186],"product_tag":[1419],"class_list":{"0":"post-121221","1":"product","2":"type-product","3":"status-publish","4":"has-post-thumbnail","6":"product_brand-wp-job-manager","7":"product_cat-personnalisation","8":"product_cat-plugins","9":"product_cat-wordpress-plugins","10":"product_tag-wp-job-manager","11":"member-discount","12":"discount-restricted","14":"first","15":"instock","16":"sale","17":"downloadable","18":"virtual","19":"sold-individually","20":"purchasable","21":"product-type-simple"},"_links":{"self":[{"href":"https:\/\/gpl-love.com\/fr\/wp-json\/wp\/v2\/product\/121221","targetHints":{"allow":["GET"]}}],"collection":[{"href":"https:\/\/gpl-love.com\/fr\/wp-json\/wp\/v2\/product"}],"about":[{"href":"https:\/\/gpl-love.com\/fr\/wp-json\/wp\/v2\/types\/product"}],"replies":[{"embeddable":true,"href":"https:\/\/gpl-love.com\/fr\/wp-json\/wp\/v2\/comments?post=121221"}],"wp:featuredmedia":[{"embeddable":true,"href":"https:\/\/gpl-love.com\/fr\/wp-json\/wp\/v2\/media\/146162"}],"wp:attachment":[{"href":"https:\/\/gpl-love.com\/fr\/wp-json\/wp\/v2\/media?parent=121221"}],"wp:term":[{"taxonomy":"product_brand","embeddable":true,"href":"https:\/\/gpl-love.com\/fr\/wp-json\/wp\/v2\/product_brand?post=121221"},{"taxonomy":"product_cat","embeddable":true,"href":"https:\/\/gpl-love.com\/fr\/wp-json\/wp\/v2\/product_cat?post=121221"},{"taxonomy":"product_tag","embeddable":true,"href":"https:\/\/gpl-love.com\/fr\/wp-json\/wp\/v2\/product_tag?post=121221"}],"curies":[{"name":"wp","href":"https:\/\/api.w.org\/{rel}","templated":true}]}}