{"id":121219,"date":"2023-09-09T00:00:00","date_gmt":"2023-09-08T22:00:00","guid":{"rendered":"https:\/\/gpl-love.com\/fr\/produit\/wp-job-manager-claim-listing-addon\/"},"modified":"2026-03-20T23:50:00","modified_gmt":"2026-03-20T22:50:00","slug":"wp-job-manager-claim-listing-addon","status":"publish","type":"product","link":"https:\/\/gpl-love.com\/fr\/produit\/wp-job-manager-claim-listing-addon\/","title":{"rendered":"WP Job Manager Claim Listing Addon 3.12.4"},"content":{"rendered":"<h3>WP Job Manager Claim Listing Addon Traits<\/h3>\n<p>Le WP Job Manager affirme que la liste Addon, qui est un outil extr\u00eamement puissant, fournit aux entreprises et aux particuliers les moyens d&rsquo;affirmer leur autorit\u00e9 sur leurs listes d&#8217;emplois. En utilisant cet addon, les utilisateurs ont la capacit\u00e9 pratique de revendiquer la propri\u00e9t\u00e9 de leurs annonces, leur permettant d&rsquo;effectuer les mises \u00e0 jour ou les modifications n\u00e9cessaires. Cette fonctionnalit\u00e9 est un excellent moyen d&rsquo;assurer la pr\u00e9cision constante des listes d&#8217;emplois et de garantir qu&rsquo;ils re\u00e7oivent l&rsquo;exposition n\u00e9cessaire pour attirer des personnes hautement qualifi\u00e9es. De plus, l&rsquo;addition de listing de la liste des emplois WP offre aux utilisateurs une vaste gamme d&rsquo;options de personnalisation, facilitant ainsi l&rsquo;adaptation sans effort des listes d&#8217;emplois en fonction des exigences et des pr\u00e9f\u00e9rences sp\u00e9cifiques. Peu importe que l&rsquo;on soit propri\u00e9taire d&rsquo;une entreprise \u00e0 petite \u00e9chelle ou d&rsquo;un sp\u00e9cialiste du recrutement, l&rsquo;acquisition de cet addon est une mesure indispensable pour ceux qui cherchent \u00e0 rationaliser leurs processus de liste d&#8217;emploi et \u00e0 maximiser le potentiel de leurs listes.<\/p>\n<ul>\n<li>Permet aux visiteurs du site Web de revendiquer la propri\u00e9t\u00e9 d&rsquo;une liste d&#8217;emplois<\/li>\n<li>Permet aux administrateurs de sites Web d&rsquo;approuver ou de refuser les r\u00e9clamations de propri\u00e9t\u00e9<\/li>\n<li>Fournit une interface conviviale pour r\u00e9clamer et g\u00e9rer les listes<\/li>\n<li>S&rsquo;assure que seules les personnes autoris\u00e9es ont acc\u00e8s \u00e0 l&rsquo;\u00e9dition et \u00e0 la mise \u00e0 jour des listes d&#8217;emplois<\/li>\n<li>Rationalise le processus de gestion de la liste d&#8217;emplois<\/li>\n<li>Augmente la confiance des utilisateurs en v\u00e9rifiant la propri\u00e9t\u00e9 des annonces<\/li>\n<li>S&rsquo;int\u00e8gre facilement \u00e0 WP Job Manager et \u00e0 d&rsquo;autres plugins WordPress<\/li>\n<li>Comprend une documentation d\u00e9taill\u00e9e et un support client pour une impl\u00e9mentation en douceur<\/li>\n<li>Gave du temps et des efforts pour les demandeurs d&#8217;emploi et les administrateurs de sites Web.<\/li>\n<\/ul>\n","protected":false},"excerpt":{"rendered":"<p>Le WP Job Manager Rison Listing Addon facilite le processus par lequel les utilisateurs peuvent affirmer leurs droits de possession et de contr\u00f4le des listes d&#8217;emplois affich\u00e9es sur votre site Web. En incorporant cette caract\u00e9ristique suppl\u00e9mentaire, les employeurs et les demandeurs d&#8217;emploi peuvent facilement affirmer leur paternit\u00e9 sur leurs listes d&#8217;emplois respectives et mettre en \u0153uvre toutes les modifications n\u00e9cessaires. En tirant parti des capacit\u00e9s de cet outil robuste, votre site Web peut efficacement am\u00e9liorer ses fonctionnalit\u00e9s, augmentant ainsi sa signification en tant qu&rsquo;actif pr\u00e9cieux pour les demandeurs d&#8217;emploi et les employeurs.<\/p>\n","protected":false},"featured_media":146161,"comment_status":"open","ping_status":"open","template":"","meta":[],"product_brand":[2722],"product_cat":[1189,1181,1186],"product_tag":[1419],"class_list":{"0":"post-121219","1":"product","2":"type-product","3":"status-publish","4":"has-post-thumbnail","6":"product_brand-wp-job-manager","7":"product_cat-personnalisation","8":"product_cat-plugins","9":"product_cat-wordpress-plugins","10":"product_tag-wp-job-manager","11":"member-discount","12":"discount-restricted","14":"first","15":"instock","16":"sale","17":"downloadable","18":"virtual","19":"sold-individually","20":"purchasable","21":"product-type-simple"},"_links":{"self":[{"href":"https:\/\/gpl-love.com\/fr\/wp-json\/wp\/v2\/product\/121219","targetHints":{"allow":["GET"]}}],"collection":[{"href":"https:\/\/gpl-love.com\/fr\/wp-json\/wp\/v2\/product"}],"about":[{"href":"https:\/\/gpl-love.com\/fr\/wp-json\/wp\/v2\/types\/product"}],"replies":[{"embeddable":true,"href":"https:\/\/gpl-love.com\/fr\/wp-json\/wp\/v2\/comments?post=121219"}],"wp:featuredmedia":[{"embeddable":true,"href":"https:\/\/gpl-love.com\/fr\/wp-json\/wp\/v2\/media\/146161"}],"wp:attachment":[{"href":"https:\/\/gpl-love.com\/fr\/wp-json\/wp\/v2\/media?parent=121219"}],"wp:term":[{"taxonomy":"product_brand","embeddable":true,"href":"https:\/\/gpl-love.com\/fr\/wp-json\/wp\/v2\/product_brand?post=121219"},{"taxonomy":"product_cat","embeddable":true,"href":"https:\/\/gpl-love.com\/fr\/wp-json\/wp\/v2\/product_cat?post=121219"},{"taxonomy":"product_tag","embeddable":true,"href":"https:\/\/gpl-love.com\/fr\/wp-json\/wp\/v2\/product_tag?post=121219"}],"curies":[{"name":"wp","href":"https:\/\/api.w.org\/{rel}","templated":true}]}}