{"id":121217,"date":"2024-05-04T00:00:00","date_gmt":"2024-05-03T22:00:00","guid":{"rendered":"https:\/\/gpl-love.com\/fr\/produit\/wp-job-manager-bookmarks-addon\/"},"modified":"2026-03-20T23:49:59","modified_gmt":"2026-03-20T22:49:59","slug":"wp-job-manager-bookmarks-addon","status":"publish","type":"product","link":"https:\/\/gpl-love.com\/fr\/produit\/wp-job-manager-bookmarks-addon\/","title":{"rendered":"WP Job Manager Bookmarks Addon 1.5.0"},"content":{"rendered":"<h3>WP Job Manager Bookmarks Addon Traits<\/h3>\n<p>Le WP Job Manager Bookmarks Addon, un outil robuste, offre aux utilisateurs la possibilit\u00e9 de mettre en signet les listes d&#8217;emplois en signet, facilitant finalement leur processus d&rsquo;acc\u00e8s et de candidature pour de futures opportunit\u00e9s d&#8217;emploi. Gr\u00e2ce \u00e0 l&rsquo;utilisation de cet addon, les demandeurs d&#8217;emploi peuvent organiser une compilation personnalis\u00e9e de leurs listes d&#8217;emplois pr\u00e9f\u00e9r\u00e9es, tout en ayant la possibilit\u00e9 d&rsquo;inclure des notes et des \u00e9tiquettes pour r\u00e9f\u00e9rence sans effort. En outre, les individus peuvent m\u00eame choisir de recevoir des notifications par e-mail chaque fois que des emplois nouvellement publi\u00e9s s&rsquo;alignent avec leurs int\u00e9r\u00eats sp\u00e9cifi\u00e9s. Cet addon poss\u00e8de une interface conviviale, permettant une facilit\u00e9 de navigation, tout en offrant une vaste gamme d&rsquo;options de personnalisation. De plus, il s&rsquo;int\u00e8gre parfaitement au plugin WP Job Manager, \u00e9tablissant ainsi une solution compl\u00e8te de recherche d&#8217;emploi et de gestion pour les demandeurs d&#8217;emploi et les employeurs. Que l&rsquo;on soit un demandeur d&#8217;emploi visant \u00e0 suivre efficacement ses demandes d&#8217;emploi ou un employeur cherchant \u00e0 attirer et \u00e0 conserver des talents de haut niveau, l&rsquo;addon de biblioth\u00e8que du gestionnaire d&#8217;emploi WP est sans \u00e9quivoque un outil indispensable qui aidera sans aucun doute \u00e0 la r\u00e9alisation des objectifs souhait\u00e9s.<\/p>\n<ul>\n<li>Permet aux utilisateurs de mettre en signet les listes d&#8217;emplois sur votre site Web<\/li>\n<li>Fournit une interface de signet simple et intuitive<\/li>\n<li>Permet aux utilisateurs de g\u00e9rer facilement leurs signets et de les organiser par cat\u00e9gorie<\/li>\n<li>S&rsquo;int\u00e8gre de mani\u00e8re transparente au plugin WP Job Manager<\/li>\n<li>Fournit des options de placement de raccourcis pour une int\u00e9gration facile dans la conception de votre site Web<\/li>\n<li>Donne aux utilisateurs la possibilit\u00e9 de recevoir des notifications par e-mail lorsqu&rsquo;une publication d&#8217;emploi qu&rsquo;ils enregistrent est mise \u00e0 jour ou expire<\/li>\n<li>Fournit une fonctionnalit\u00e9 utile pour les demandeurs d&#8217;emploi qui souhaitent enregistrer les listes d&#8217;emplois pour r\u00e9f\u00e9rence future<\/li>\n<li>Peut aider \u00e0 accro\u00eetre l&rsquo;engagement et la r\u00e9tention des utilisateurs sur votre site Web<\/li>\n<\/ul>\n","protected":false},"excerpt":{"rendered":"<p>Le WP Job Manager Bookmarks Addon, qui est tr\u00e8s efficace, sert d&rsquo;outil remarquable permettant aux utilisateurs de mettre en signet les listes d&#8217;emplois en signet sur leur site Web. Par cons\u00e9quent, cela \u00e9limine la n\u00e9cessit\u00e9 pour eux de subir le processus ardu de rechercher les listes souhait\u00e9es \u00e0 plusieurs reprises. De plus, cet addon permet aux utilisateurs de classer leurs signets en dossiers distincts, simplifiant ainsi la t\u00e2che de gestion et de surveillance de leurs prospects d&#8217;emploi pr\u00e9f\u00e9r\u00e9s. En vertu de ses caract\u00e9ristiques et avantages remarquables, cet addon devient ind\u00e9niablement un atout indispensable pour tout site du conseil d&rsquo;administration, augmentant consid\u00e9rablement l&rsquo;exp\u00e9rience utilisateur globale et transformant la chasse au travail en une entreprise sans faille sans effort.<\/p>\n","protected":false},"featured_media":146160,"comment_status":"open","ping_status":"open","template":"","meta":[],"product_brand":[2722],"product_cat":[1189,1181,1186],"product_tag":[1419],"class_list":{"0":"post-121217","1":"product","2":"type-product","3":"status-publish","4":"has-post-thumbnail","6":"product_brand-wp-job-manager","7":"product_cat-personnalisation","8":"product_cat-plugins","9":"product_cat-wordpress-plugins","10":"product_tag-wp-job-manager","11":"member-discount","12":"discount-restricted","14":"first","15":"instock","16":"sale","17":"downloadable","18":"virtual","19":"sold-individually","20":"purchasable","21":"product-type-simple"},"_links":{"self":[{"href":"https:\/\/gpl-love.com\/fr\/wp-json\/wp\/v2\/product\/121217","targetHints":{"allow":["GET"]}}],"collection":[{"href":"https:\/\/gpl-love.com\/fr\/wp-json\/wp\/v2\/product"}],"about":[{"href":"https:\/\/gpl-love.com\/fr\/wp-json\/wp\/v2\/types\/product"}],"replies":[{"embeddable":true,"href":"https:\/\/gpl-love.com\/fr\/wp-json\/wp\/v2\/comments?post=121217"}],"wp:featuredmedia":[{"embeddable":true,"href":"https:\/\/gpl-love.com\/fr\/wp-json\/wp\/v2\/media\/146160"}],"wp:attachment":[{"href":"https:\/\/gpl-love.com\/fr\/wp-json\/wp\/v2\/media?parent=121217"}],"wp:term":[{"taxonomy":"product_brand","embeddable":true,"href":"https:\/\/gpl-love.com\/fr\/wp-json\/wp\/v2\/product_brand?post=121217"},{"taxonomy":"product_cat","embeddable":true,"href":"https:\/\/gpl-love.com\/fr\/wp-json\/wp\/v2\/product_cat?post=121217"},{"taxonomy":"product_tag","embeddable":true,"href":"https:\/\/gpl-love.com\/fr\/wp-json\/wp\/v2\/product_tag?post=121217"}],"curies":[{"name":"wp","href":"https:\/\/api.w.org\/{rel}","templated":true}]}}