{"id":121215,"date":"2022-02-08T00:00:00","date_gmt":"2022-02-07T23:00:00","guid":{"rendered":"https:\/\/gpl-love.com\/fr\/produit\/wp-job-manager-apply-with-xing-addon\/"},"modified":"2026-03-20T23:49:58","modified_gmt":"2026-03-20T22:49:58","slug":"wp-job-manager-apply-with-xing-addon","status":"publish","type":"product","link":"https:\/\/gpl-love.com\/fr\/produit\/wp-job-manager-apply-with-xing-addon\/","title":{"rendered":"WP Job Manager Apply With Xing Addon 1.1.0"},"content":{"rendered":"<h3>WP Job Manager Apply With Xing Addon Traits<\/h3>\n<p>Le gestionnaire d&#8217;emplois WP postule avec Xing Addon offre une multitude d&rsquo;avantages aux demandeurs d&#8217;emploi et aux employeurs, ce qui en fait un outil indispensable pour optimiser le processus de demande d&#8217;emploi. En tirant parti de la puissance de Xing, cet addon permet aux demandeurs d&#8217;emploi de soumettre sans effort leurs demandes en utilisant leur compte Xing existant, annulant la n\u00e9cessit\u00e9 d&rsquo;\u00e9tapes d&rsquo;enregistrement suppl\u00e9mentaires fastidieuses. Non seulement cela permet de gagner un temps pr\u00e9cieux pour les demandeurs d&#8217;emploi, mais cela \u00e9limine \u00e9galement les tracas de cr\u00e9er un autre compte. De plus, cet addon simplifie le processus de demande pour les employeurs en extraction et en capturant automatiquement les informations essentielles des candidats de Xing. Cette int\u00e9gration transparente garantit que les employeurs ont tous les d\u00e9tails n\u00e9cessaires \u00e0 port\u00e9e de main, ce qui en fait une \u00e9talage d&rsquo;examiner et d&rsquo;\u00e9valuer les applications. Gr\u00e2ce \u00e0 ses fonctionnalit\u00e9s de r\u00e9duction de temps et conviviales, le WP Job Manager postule avec Xing Addon est un outil indispensable pour toute entreprise avant-gardiste visant \u00e0 rationaliser son processus d&#8217;embauche et \u00e0 attirer des talents de haut niveau.<\/p>\n<ul>\n<li>Augmentez les demandes d&#8217;emploi en ajoutant la plate-forme de r\u00e9seau social Xing comme option d&rsquo;application<\/li>\n<li>L&rsquo;int\u00e9gration intelligente avec WP Job Manager signifie une exp\u00e9rience utilisateur transparente pour les demandeurs d&#8217;emploi<\/li>\n<li>Aucune connexion ou enregistrement suppl\u00e9mentaire requis, les candidats peuvent utiliser leurs informations d&rsquo;identification Xing existantes pour postuler \u00e0 des emplois<\/li>\n<li>Les employeurs b\u00e9n\u00e9ficient de la connexion avec des candidats potentiels via Xing, tout en recevant des demandes d&#8217;emploi dans leur compte WP Emplance Manager<\/li>\n<li>Les options d&rsquo;application personnalisables permettent aux employeurs de s\u00e9lectionner les m\u00e9thodes d&rsquo;application qu&rsquo;ils pr\u00e9f\u00e8rent, y compris Xing et d&rsquo;autres options populaires telles que les e-mails et le t\u00e9l\u00e9chargement de CV.<\/li>\n<\/ul>\n","protected":false},"excerpt":{"rendered":"<p>Le gestionnaire d&#8217;emploi WP postule avec Xing Addon, qui sert d&rsquo;outil puissant pour les demandeurs d&#8217;emploi et les employeurs, offre une multitude d&rsquo;avantages. En utilisant cet addon particulier, les candidats ont la commodit\u00e9 de postuler sans effort \u00e0 des postes de poste via leurs profils Xing, tandis que les employeurs sont en mesure d&rsquo;\u00e9valuer et de g\u00e9rer rapidement les demandes entrantes. Que vous soyez un propri\u00e9taire de petite entreprise ou une personne qui cherche un emploi avec le d\u00e9sir d&rsquo;optimiser vos efforts de recherche d&#8217;emploi, le gestionnaire d&#8217;emploi WP postule avec Xing Addon se pr\u00e9sente comme la solution ultime. Alors pourquoi prolonger l&rsquo;attente? Commencez votre voyage aujourd&rsquo;hui et \u00e9levez vos proc\u00e9dures de recrutement \u00e0 des hauteurs sans pr\u00e9c\u00e9dent!<\/p>\n","protected":false},"featured_media":146159,"comment_status":"open","ping_status":"open","template":"","meta":[],"product_brand":[2722],"product_cat":[1232,1181,1186],"product_tag":[1419],"class_list":{"0":"post-121215","1":"product","2":"type-product","3":"status-publish","4":"has-post-thumbnail","6":"product_brand-wp-job-manager","7":"product_cat-social","8":"product_cat-plugins","9":"product_cat-wordpress-plugins","10":"product_tag-wp-job-manager","11":"member-discount","12":"discount-restricted","14":"first","15":"instock","16":"sale","17":"downloadable","18":"virtual","19":"sold-individually","20":"purchasable","21":"product-type-simple"},"_links":{"self":[{"href":"https:\/\/gpl-love.com\/fr\/wp-json\/wp\/v2\/product\/121215","targetHints":{"allow":["GET"]}}],"collection":[{"href":"https:\/\/gpl-love.com\/fr\/wp-json\/wp\/v2\/product"}],"about":[{"href":"https:\/\/gpl-love.com\/fr\/wp-json\/wp\/v2\/types\/product"}],"replies":[{"embeddable":true,"href":"https:\/\/gpl-love.com\/fr\/wp-json\/wp\/v2\/comments?post=121215"}],"wp:featuredmedia":[{"embeddable":true,"href":"https:\/\/gpl-love.com\/fr\/wp-json\/wp\/v2\/media\/146159"}],"wp:attachment":[{"href":"https:\/\/gpl-love.com\/fr\/wp-json\/wp\/v2\/media?parent=121215"}],"wp:term":[{"taxonomy":"product_brand","embeddable":true,"href":"https:\/\/gpl-love.com\/fr\/wp-json\/wp\/v2\/product_brand?post=121215"},{"taxonomy":"product_cat","embeddable":true,"href":"https:\/\/gpl-love.com\/fr\/wp-json\/wp\/v2\/product_cat?post=121215"},{"taxonomy":"product_tag","embeddable":true,"href":"https:\/\/gpl-love.com\/fr\/wp-json\/wp\/v2\/product_tag?post=121215"}],"curies":[{"name":"wp","href":"https:\/\/api.w.org\/{rel}","templated":true}]}}