{"id":121213,"date":"2022-02-08T00:00:00","date_gmt":"2022-02-07T23:00:00","guid":{"rendered":"https:\/\/gpl-love.com\/fr\/produit\/wp-job-manager-apply-with-facebook-addon\/"},"modified":"2026-03-20T23:49:57","modified_gmt":"2026-03-20T22:49:57","slug":"wp-job-manager-apply-with-facebook-addon","status":"publish","type":"product","link":"https:\/\/gpl-love.com\/fr\/produit\/wp-job-manager-apply-with-facebook-addon\/","title":{"rendered":"WP Job Manager Apply With Facebook Addon 1.1.0"},"content":{"rendered":"<h3>WP Job Manager Apply With Facebook Addon Traits<\/h3>\n<p>Le gestionnaire d&#8217;emplois WP postule avec Facebook Addon, connu pour son efficacit\u00e9 et sa convivialit\u00e9, sert de plugin tr\u00e8s efficace qui accorde aux demandeurs d&#8217;emploi la possibilit\u00e9 de soumettre de mani\u00e8re pratique et rapide leurs demandes pour divers postes de poste en utilisant leurs profils Facebook. Cet addon offre aux candidats la possibilit\u00e9 d&rsquo;\u00e9tablir rapidement et sans effort un compte et de soumettre des candidatures pour les postes vacants, d&rsquo;\u00e9liminer compl\u00e8tement la t\u00e2che lourde de remplir des formulaires de candidature \u00e9tendus ou d&rsquo;attacher de nombreux documents. S&rsquo;int\u00e9grant de mani\u00e8re transparente avec le plugin WP Job Manager, cet addon facilite un processus de recrutement rationalis\u00e9 et efficace qui am\u00e9liore consid\u00e9rablement l&rsquo;exp\u00e9rience utilisateur globale pour les candidats et les recruteurs. En simplifiant les subtilit\u00e9s associ\u00e9es au processus de candidature et en capitalisant sur l&rsquo;immense pouvoir des m\u00e9dias sociaux, le WP Man Manager postule avec Facebook Addon sert de solution pratique qui aide les entreprises dans l&rsquo;attraction des talents de haut niveau et l&rsquo;optimisation de leurs proc\u00e9dures d&#8217;embauche .<\/p>\n<ul>\n<li>Ajoute la possibilit\u00e9 de postuler pour des emplois en utilisant Facebook<\/li>\n<li>Int\u00e9gration rapide et facile avec votre plugin WP Manager WP existant<\/li>\n<li>\u00c9conomise le temps des candidats en remplissant automatiquement leurs informations sur Facebook<\/li>\n<li>Fournit une exp\u00e9rience utilisateur sans couture aux demandeurs d&#8217;emploi qui pr\u00e9f\u00e8rent utiliser Facebook<\/li>\n<li>Augmente la probabilit\u00e9 de candidatures en offrant une alternative pratique aux m\u00e9thodes d&rsquo;application traditionnelles<\/li>\n<li>Compatible avec les appareils de bureau et mobiles<\/li>\n<li>Fonctionnalit\u00e9 facultative, ce qui signifie que vous pouvez choisir de l&rsquo;inclure ou non le bouton Facebook Appliquer sur vos listes d&#8217;emplois<\/li>\n<li>Fournit des analyses d\u00e9taill\u00e9es sur le nombre de demandes d&#8217;emploi re\u00e7ues via Facebook<\/li>\n<li>Interface conviviale pour une configuration et une configuration faciles de l&rsquo;addon<\/li>\n<li>Mises \u00e0 jour r\u00e9guli\u00e8res et soutien fourni par l&rsquo;\u00e9quipe WP Job Manager<\/li>\n<\/ul>\n","protected":false},"excerpt":{"rendered":"<p>Le WP Job Manager postule avec Facebook Addon sert d&rsquo;outil incroyablement puissant qui donne aux utilisateurs la possibilit\u00e9 de soumettre des demandes pour les listes d&#8217;emplois gr\u00e2ce \u00e0 l&rsquo;utilisation de leurs profils Facebook. Cet outil rationalise efficacement le processus de demande, entra\u00eenant une r\u00e9duction significative de la d\u00e9pense du temps et des efforts pour les demandeurs d&#8217;emploi et les employeurs. Au moyen de cet addon, les demandeurs d&#8217;emploi peuvent sans effort fournir leurs d\u00e9tails pertinents gr\u00e2ce \u00e0 l&rsquo;acte simple d&rsquo;un seul clic, tout tandis que les employeurs acqui\u00e8rent la capacit\u00e9 pratique pour acc\u00e9der facilement et g\u00e9rer facilement l&rsquo;afflux de candidats. Par cons\u00e9quent, il devient clairement clair que cet addon est un atout vraiment indispensable pour toute entreprise commerciale pour rationaliser leur processus d&#8217;embauche et attirer efficacement les talents exceptionnels.<\/p>\n","protected":false},"featured_media":146158,"comment_status":"open","ping_status":"open","template":"","meta":[],"product_brand":[2722],"product_cat":[1232,1181,1186],"product_tag":[1419],"class_list":{"0":"post-121213","1":"product","2":"type-product","3":"status-publish","4":"has-post-thumbnail","6":"product_brand-wp-job-manager","7":"product_cat-social","8":"product_cat-plugins","9":"product_cat-wordpress-plugins","10":"product_tag-wp-job-manager","11":"member-discount","12":"discount-restricted","14":"first","15":"instock","16":"sale","17":"downloadable","18":"virtual","19":"sold-individually","20":"purchasable","21":"product-type-simple"},"_links":{"self":[{"href":"https:\/\/gpl-love.com\/fr\/wp-json\/wp\/v2\/product\/121213","targetHints":{"allow":["GET"]}}],"collection":[{"href":"https:\/\/gpl-love.com\/fr\/wp-json\/wp\/v2\/product"}],"about":[{"href":"https:\/\/gpl-love.com\/fr\/wp-json\/wp\/v2\/types\/product"}],"replies":[{"embeddable":true,"href":"https:\/\/gpl-love.com\/fr\/wp-json\/wp\/v2\/comments?post=121213"}],"wp:featuredmedia":[{"embeddable":true,"href":"https:\/\/gpl-love.com\/fr\/wp-json\/wp\/v2\/media\/146158"}],"wp:attachment":[{"href":"https:\/\/gpl-love.com\/fr\/wp-json\/wp\/v2\/media?parent=121213"}],"wp:term":[{"taxonomy":"product_brand","embeddable":true,"href":"https:\/\/gpl-love.com\/fr\/wp-json\/wp\/v2\/product_brand?post=121213"},{"taxonomy":"product_cat","embeddable":true,"href":"https:\/\/gpl-love.com\/fr\/wp-json\/wp\/v2\/product_cat?post=121213"},{"taxonomy":"product_tag","embeddable":true,"href":"https:\/\/gpl-love.com\/fr\/wp-json\/wp\/v2\/product_tag?post=121213"}],"curies":[{"name":"wp","href":"https:\/\/api.w.org\/{rel}","templated":true}]}}