{"id":121211,"date":"2024-05-04T00:00:00","date_gmt":"2024-05-03T22:00:00","guid":{"rendered":"https:\/\/gpl-love.com\/fr\/produit\/wp-job-manager-application-deadline-addon\/"},"modified":"2026-03-20T23:49:55","modified_gmt":"2026-03-20T22:49:55","slug":"wp-job-manager-application-deadline-addon","status":"publish","type":"product","link":"https:\/\/gpl-love.com\/fr\/produit\/wp-job-manager-application-deadline-addon\/","title":{"rendered":"WP Job Manager Application Deadline Addon 1.3.0"},"content":{"rendered":"<h3>WP Job Manager Application Deadline Addon Traits<\/h3>\n<p>L&rsquo;adoption de la date limite de l&rsquo;application WP Job Manager est un outil extr\u00eamement b\u00e9n\u00e9fique que les entreprises peuvent utiliser pour rationaliser consid\u00e9rablement leur processus d&#8217;embauche. Cet addon particulier accorde aux employeurs la capacit\u00e9 d&rsquo;\u00e9tablir des d\u00e9lais de demande sp\u00e9cifiques pour leurs affectations d&#8217;emploi, incorporant ainsi une couche suppl\u00e9mentaire d&rsquo;organisation et d&rsquo;efficacit\u00e9 dans la proc\u00e9dure globale de recrutement. En raison de sa fonctionnalit\u00e9 remarquable qui permet la personnalisation des d\u00e9lais pour chaque publication individuelle, les employeurs peuvent efficacement s&rsquo;assurer qu&rsquo;ils re\u00e7oivent strictement les applications dans un d\u00e9lai d\u00e9sign\u00e9, diminuant ainsi la n\u00e9cessit\u00e9 de p\u00e9riodes de recrutement prolong\u00e9es inutilement. De plus, cet addon offre une myriade d&rsquo;options de personnalisation, facilitant ainsi la couture transparente du processus de date limite de demande pour r\u00e9pondre aux besoins et pr\u00e9f\u00e9rences uniques de chaque employeur. En conclusion, la date limite de l&rsquo;application WP Manager WP est un outil indispensable que les entreprises devraient incontestablement utiliser afin d&rsquo;optimiser leur processus d&#8217;embauche, minimisant la dur\u00e9e et les difficult\u00e9s g\u00e9n\u00e9ralement associ\u00e9es au recrutement.<\/p>\n<ul>\n<li>Permet aux utilisateurs de d\u00e9finir les d\u00e9lais d&rsquo;application pour les listes d&#8217;emplois sur WP Job Manager<\/li>\n<li>Ajoute un nouveau champ pour saisir les dates de date limite au formulaire de soumission de la liste d&#8217;emplois<\/li>\n<li>Affiche les informations sur les d\u00e9lais sur les listes d&#8217;emplois pour les employeurs et les demandeurs d&#8217;emploi<\/li>\n<li>Envoie des rappels de courrier \u00e9lectronique automatis\u00e9s aux employeurs et aux candidats \u00e0 l&rsquo;approche de la date limite<\/li>\n<li>Mod\u00e8le de messagerie et param\u00e8tres de notification personnalisables<\/li>\n<li>Compatible avec les th\u00e8mes WordPress populaires et les plugins de la carte de travail<\/li>\n<li>Gave le temps et rationalise le processus de recrutement en automatisant la gestion des d\u00e9lais<\/li>\n<li>Am\u00e9liore l&rsquo;exp\u00e9rience des candidats en fournissant des d\u00e9lais de demande clairs et transparents<\/li>\n<li>Aide les employeurs \u00e0 organiser et \u00e0 hi\u00e9rarchiser les demandes d&#8217;emploi plus efficacement<\/li>\n<\/ul>\n","protected":false},"excerpt":{"rendered":"<p>La date limite de l&rsquo;application de l&#8217;emploi WP est un outil crucial pour les recruteurs et les gestionnaires d&#8217;embauche qui se trouvent dans le besoin d\u00e9sastreux de g\u00e9rer efficacement les d\u00e9lais de demande d&#8217;emploi concernant leurs nombreux postes vacants. Offrant une gamme remarquable de capacit\u00e9s, ce puissant module compl\u00e9mentaire permet aux utilisateurs d&rsquo;\u00e9tablir et de surveiller les d\u00e9lais d&rsquo;application pour chaque affichage d&#8217;emploi individuel dans leur syst\u00e8me de gestionnaire d&#8217;emploi, facilitant ainsi un \u00e9tat d&rsquo;organisation et garantissant que leur processus de recrutement reste parfaitement g\u00e9r\u00e9. En se pr\u00e9voyant de cet addon remarquable, on peut superviser sans effort plusieurs offres d&#8217;emploi et garantir qu&rsquo;aucune \u00e9ch\u00e9ance d&rsquo;application n&rsquo;est jamais n\u00e9glig\u00e9e, am\u00e9liorant ainsi l&rsquo;efficacit\u00e9 globale et l&rsquo;efficacit\u00e9 de son processus de recrutement. Ergo, pour tous ceux qui aspirent \u00e0 am\u00e9liorer leur processus de recrutement et \u00e0 rationaliser leur flux de travail \u00e0 la perfection, la date limite de l&rsquo;application WP Manager \u00e9merge comme la solution par excellence.<\/p>\n","protected":false},"featured_media":146156,"comment_status":"open","ping_status":"open","template":"","meta":[],"product_brand":[2722],"product_cat":[1189,1181,1186],"product_tag":[1419],"class_list":{"0":"post-121211","1":"product","2":"type-product","3":"status-publish","4":"has-post-thumbnail","6":"product_brand-wp-job-manager","7":"product_cat-personnalisation","8":"product_cat-plugins","9":"product_cat-wordpress-plugins","10":"product_tag-wp-job-manager","11":"member-discount","12":"discount-restricted","14":"first","15":"instock","16":"sale","17":"downloadable","18":"virtual","19":"sold-individually","20":"purchasable","21":"product-type-simple"},"_links":{"self":[{"href":"https:\/\/gpl-love.com\/fr\/wp-json\/wp\/v2\/product\/121211","targetHints":{"allow":["GET"]}}],"collection":[{"href":"https:\/\/gpl-love.com\/fr\/wp-json\/wp\/v2\/product"}],"about":[{"href":"https:\/\/gpl-love.com\/fr\/wp-json\/wp\/v2\/types\/product"}],"replies":[{"embeddable":true,"href":"https:\/\/gpl-love.com\/fr\/wp-json\/wp\/v2\/comments?post=121211"}],"wp:featuredmedia":[{"embeddable":true,"href":"https:\/\/gpl-love.com\/fr\/wp-json\/wp\/v2\/media\/146156"}],"wp:attachment":[{"href":"https:\/\/gpl-love.com\/fr\/wp-json\/wp\/v2\/media?parent=121211"}],"wp:term":[{"taxonomy":"product_brand","embeddable":true,"href":"https:\/\/gpl-love.com\/fr\/wp-json\/wp\/v2\/product_brand?post=121211"},{"taxonomy":"product_cat","embeddable":true,"href":"https:\/\/gpl-love.com\/fr\/wp-json\/wp\/v2\/product_cat?post=121211"},{"taxonomy":"product_tag","embeddable":true,"href":"https:\/\/gpl-love.com\/fr\/wp-json\/wp\/v2\/product_tag?post=121211"}],"curies":[{"name":"wp","href":"https:\/\/api.w.org\/{rel}","templated":true}]}}