{"id":121209,"date":"2022-02-08T00:00:00","date_gmt":"2022-02-07T23:00:00","guid":{"rendered":"https:\/\/gpl-love.com\/fr\/produit\/woocommerce-wooslider-products-slideshow\/"},"modified":"2026-03-20T23:48:35","modified_gmt":"2026-03-20T22:48:35","slug":"woocommerce-wooslider-products-slideshow","status":"publish","type":"product","link":"https:\/\/gpl-love.com\/fr\/produit\/woocommerce-wooslider-products-slideshow\/","title":{"rendered":"WooCommerce WooSlider Products Slideshow 1.0.23"},"content":{"rendered":"<h3>WooCommerce WooSlider Products Slideshow Traits<\/h3>\n<p>Le Wooslider Products Slideshow, un outil tr\u00e8s robuste, r\u00e9pond aux besoins des propri\u00e9taires de magasins en ligne cherchant \u00e0 afficher leur marchandise de mani\u00e8re visuellement attrayante et engageante. Ce plugin permet aux utilisateurs de fa\u00e7onner les diaporamas captivants qui mettent en \u00e9vidence leurs produits, rempli de l\u00e9gendes personnalis\u00e9es et de fl\u00e8ches de navigation. En outre, le plugin s&rsquo;int\u00e8gre de mani\u00e8re transparente \u00e0 WooCommerce, offrant une avenue pratique pour int\u00e9grer sans effort des produits dans des diaporamas et les g\u00e9rer efficacement via le tableau de bord WordPress. Que l&rsquo;on vise \u00e0 promouvoir de nouvelles offres, \u00e0 accentuer les articles les plus vendus ou \u00e0 pr\u00e9senter des marchandises saisonni\u00e8res, le Wooslider Products diapyshow pr\u00e9sente une solution efficace et adaptable pour toute plate-forme de commerce \u00e9lectronique.<\/p>\n<ul>\n<li>Int\u00e9gration transparente avec la plate-forme WooCommerce<\/li>\n<li>Interface conviviale pour une navigation et une personnalisation faciles<\/li>\n<li>Capacit\u00e9 \u00e0 afficher les produits dans un format de diaporama dynamique et engageant<\/li>\n<li>Choisissez parmi divers effets d&rsquo;animation et de transition pour am\u00e9liorer l&rsquo;exp\u00e9rience du diaporama<\/li>\n<li>Option pour ajouter des l\u00e9gendes et des \u00e9tiquettes pour chaque diapositive de produit<\/li>\n<li>Contr\u00f4lez la vitesse du diaporama et les options de lecture automatique<\/li>\n<li>Conception enti\u00e8rement r\u00e9active pour une visualisation optimale sur tous les appareils<\/li>\n<li>Compatibilit\u00e9 avec plusieurs th\u00e8mes WordPress<\/li>\n<li>Option pour pr\u00e9senter des cat\u00e9gories de produits sp\u00e9cifiques ou tous les produits du diaporama<\/li>\n<li>Une visibilit\u00e9 accrue du produit et un potentiel de conversion accrue des ventes.<\/li>\n<\/ul>\n","protected":false},"excerpt":{"rendered":"<p>Le diaporama WooCommerce Wooslider Products, un outil incroyablement puissant et remarquablement polyvalent, a \u00e9t\u00e9 m\u00e9ticuleusement con\u00e7u pour mettre en \u00e9vidence et pr\u00e9senter efficacement vos produits de la mani\u00e8re la plus optimale et captivante imaginable. Ce plugin exceptionnel vous permet de r\u00e9diger sans effort visuellement \u00e9tonnant et de diaporamas de mani\u00e8re transparente qui comportent des produits les plus vendus de votre magasin et les plus recherch\u00e9s de votre magasin, ainsi que tout autre produit que vous pouvez inclure. B\u00e9n\u00e9ficiant d&rsquo;une vaste gamme de param\u00e8tres personnalisables et d&rsquo;une abondance d&rsquo;options, le diaporama Wooslider Products promet un potentiel illimit\u00e9 pour cr\u00e9er des vitrines de produits impressionnantes et ax\u00e9es sur la conversion qui ne pourraient pas renforcer consid\u00e9rablement vos chiffres de vente et favoriser la croissance des entreprises exponentives. Que vous op\u00e9rez une boutique en ligne diminutive ou un \u00e9tablissement de commerce \u00e9lectronique \u00e0 l&rsquo;\u00e9chelle gigantesque, ce plugin repr\u00e9sente ind\u00e9niablement un outil indispensable pour maximiser l&rsquo;impact profond de vos offres de produits et propulser vos efforts de g\u00e9n\u00e9ration de revenus \u00e0 des hauteurs sans pr\u00e9c\u00e9dent.<\/p>\n","protected":false},"featured_media":146075,"comment_status":"open","ping_status":"open","template":"","meta":[],"product_brand":[2440],"product_cat":[1182,1223,1181],"product_tag":[1398],"class_list":{"0":"post-121209","1":"product","2":"type-product","3":"status-publish","4":"has-post-thumbnail","6":"product_brand-woocommerce","7":"product_cat-commerce-electronique-plugins","8":"product_cat-personnalisation-commerce-electronique-plugins","9":"product_cat-plugins","10":"product_tag-woocommerce","11":"member-discount","12":"discount-restricted","14":"first","15":"instock","16":"sale","17":"downloadable","18":"virtual","19":"sold-individually","20":"purchasable","21":"product-type-simple"},"_links":{"self":[{"href":"https:\/\/gpl-love.com\/fr\/wp-json\/wp\/v2\/product\/121209","targetHints":{"allow":["GET"]}}],"collection":[{"href":"https:\/\/gpl-love.com\/fr\/wp-json\/wp\/v2\/product"}],"about":[{"href":"https:\/\/gpl-love.com\/fr\/wp-json\/wp\/v2\/types\/product"}],"replies":[{"embeddable":true,"href":"https:\/\/gpl-love.com\/fr\/wp-json\/wp\/v2\/comments?post=121209"}],"wp:featuredmedia":[{"embeddable":true,"href":"https:\/\/gpl-love.com\/fr\/wp-json\/wp\/v2\/media\/146075"}],"wp:attachment":[{"href":"https:\/\/gpl-love.com\/fr\/wp-json\/wp\/v2\/media?parent=121209"}],"wp:term":[{"taxonomy":"product_brand","embeddable":true,"href":"https:\/\/gpl-love.com\/fr\/wp-json\/wp\/v2\/product_brand?post=121209"},{"taxonomy":"product_cat","embeddable":true,"href":"https:\/\/gpl-love.com\/fr\/wp-json\/wp\/v2\/product_cat?post=121209"},{"taxonomy":"product_tag","embeddable":true,"href":"https:\/\/gpl-love.com\/fr\/wp-json\/wp\/v2\/product_tag?post=121209"}],"curies":[{"name":"wp","href":"https:\/\/api.w.org\/{rel}","templated":true}]}}