{"id":121207,"date":"2022-02-08T00:00:00","date_gmt":"2022-02-07T23:00:00","guid":{"rendered":"https:\/\/gpl-love.com\/fr\/produit\/woocommerce-wooslider\/"},"modified":"2026-03-20T23:48:34","modified_gmt":"2026-03-20T22:48:34","slug":"woocommerce-wooslider","status":"publish","type":"product","link":"https:\/\/gpl-love.com\/fr\/produit\/woocommerce-wooslider\/","title":{"rendered":"WooCommerce WooSlider 2.5.0"},"content":{"rendered":"<h3>WooCommerce WooSlider Traits<\/h3>\n<p>Le WooCommerce Wooslider, un formidable plugin et multiforme, offre aux utilisateurs la possibilit\u00e9 de fabriquer des diaporamas \u00e0 couper le souffle et captivatifs pour leur emporium num\u00e9rique. Ce plugin s&rsquo;int\u00e8gre sans effort \u00e0 WordPress et WooCommerce, accordant aux utilisateurs la commodit\u00e9 de construire et de personnaliser sans effort des diaporamas en utilisant un assortiment de mod\u00e8les, de mises en page et de composants de conception. Avec l&rsquo;aide du Wooslider, les utilisateurs ont la capacit\u00e9 de montrer leur marchandise, leurs promotions et leurs messages de mani\u00e8re visuellement s\u00e9duisante, captivant et impliquant ainsi leur client\u00e8le avec un contenu dynamique et interactif. Que l&rsquo;on cherche \u00e0 renforcer les ventes, \u00e0 annoncer de nouveaux produits ou \u00e0 am\u00e9liorer leur image de marque, le Wooslider est un instrument indispensable pour toute boutique virtuelle.<\/p>\n<ul>\n<li>Plugin facile \u00e0 utiliser pour cr\u00e9er de beaux diaporamas sur votre boutique WooCommerce<\/li>\n<li>Vous permet d&rsquo;ajouter des images de produits attrayantes et engageantes \u00e0 votre page d&rsquo;accueil ou \u00e0 vos pages de produits<\/li>\n<li>Options de conception \u00e9l\u00e9gantes et personnalisables pour correspondre \u00e0 votre marque et \u00e0 votre style<\/li>\n<li>Peut \u00eatre utilis\u00e9 comme banni\u00e8re ou outil promotionnel pour pr\u00e9senter de nouveaux produits ou ventes<\/li>\n<li>La conception r\u00e9active garantit que les diaporamas sont superbes sur tous les appareils, y compris le mobile<\/li>\n<li>Intregate de mani\u00e8re transparente avec WooCommerce pour la gestion des produits transparentes<\/li>\n<li>Livr\u00e9 avec divers effets de transition et options d&rsquo;animation pour faire ressortir vos diapositives<\/li>\n<li>Prend en charge plusieurs curseurs par page, vous permettant de cr\u00e9er des opportunit\u00e9s promotionnelles uniques et dynamiques<\/li>\n<li>Cr\u00e9ez des curseurs \u00e0 partir de n&rsquo;importe quelle galerie d&rsquo;images WordPress ou utilisez les images de la galerie de produits WooCommerce<\/li>\n<li>Documentation et support approfondies pour vous guider \u00e0 travers l&rsquo;installation et la configuration.<\/li>\n<\/ul>\n","protected":false},"excerpt":{"rendered":"<p>Le WooCommerce Wooslider, un plugin tr\u00e8s efficace, a \u00e9t\u00e9 sp\u00e9cifiquement d\u00e9velopp\u00e9 pour pr\u00e9senter votre assortiment de produits, de services ou tout autre contenu dans votre magasin WooCommerce en utilisant un curseur extr\u00eamement con\u00e7u et r\u00e9actif. \u00c9quip\u00e9 d&rsquo;une multitude de fonctionnalit\u00e9s personnalisables, telles que des param\u00e8tres de curseur, des options de style, des effets de transition et bien plus encore, ce plugin remarquable vous permet d&rsquo;attirer efficacement l&rsquo;attention sur vos produits en vedette en \u00e9vidence, enrichissant ainsi l&rsquo;exp\u00e9rience utilisateur globale pour votre client\u00e8le estim\u00e9e. De plus, il convient de noter que Woocommerce Wooslider a \u00e9t\u00e9 m\u00e9ticuleusement optimis\u00e9 pour l&rsquo;optimisation des moteurs de recherche (SEO) et la rapidit\u00e9, garantissant que votre site Web se chargera rapidement pour vos visiteurs et vos moteurs de recherche. En utilisant WooCommerce Wooslider, vous pourrez am\u00e9liorer consid\u00e9rablement l&rsquo;engagement, stimuler les conversions et \u00e9lever l&rsquo;attrait esth\u00e9tique de votre magasin en ligne estim\u00e9.<\/p>\n","protected":false},"featured_media":146074,"comment_status":"open","ping_status":"open","template":"","meta":[],"product_brand":[2440],"product_cat":[1182,1223,1181],"product_tag":[1398],"class_list":{"0":"post-121207","1":"product","2":"type-product","3":"status-publish","4":"has-post-thumbnail","6":"product_brand-woocommerce","7":"product_cat-commerce-electronique-plugins","8":"product_cat-personnalisation-commerce-electronique-plugins","9":"product_cat-plugins","10":"product_tag-woocommerce","11":"member-discount","12":"discount-restricted","14":"first","15":"instock","16":"sale","17":"downloadable","18":"virtual","19":"sold-individually","20":"purchasable","21":"product-type-simple"},"_links":{"self":[{"href":"https:\/\/gpl-love.com\/fr\/wp-json\/wp\/v2\/product\/121207","targetHints":{"allow":["GET"]}}],"collection":[{"href":"https:\/\/gpl-love.com\/fr\/wp-json\/wp\/v2\/product"}],"about":[{"href":"https:\/\/gpl-love.com\/fr\/wp-json\/wp\/v2\/types\/product"}],"replies":[{"embeddable":true,"href":"https:\/\/gpl-love.com\/fr\/wp-json\/wp\/v2\/comments?post=121207"}],"wp:featuredmedia":[{"embeddable":true,"href":"https:\/\/gpl-love.com\/fr\/wp-json\/wp\/v2\/media\/146074"}],"wp:attachment":[{"href":"https:\/\/gpl-love.com\/fr\/wp-json\/wp\/v2\/media?parent=121207"}],"wp:term":[{"taxonomy":"product_brand","embeddable":true,"href":"https:\/\/gpl-love.com\/fr\/wp-json\/wp\/v2\/product_brand?post=121207"},{"taxonomy":"product_cat","embeddable":true,"href":"https:\/\/gpl-love.com\/fr\/wp-json\/wp\/v2\/product_cat?post=121207"},{"taxonomy":"product_tag","embeddable":true,"href":"https:\/\/gpl-love.com\/fr\/wp-json\/wp\/v2\/product_tag?post=121207"}],"curies":[{"name":"wp","href":"https:\/\/api.w.org\/{rel}","templated":true}]}}