{"id":121205,"date":"2021-02-09T00:00:00","date_gmt":"2021-02-08T23:00:00","guid":{"rendered":"https:\/\/gpl-love.com\/fr\/produit\/woocommerce-ultimate-multi-currency-suite\/"},"modified":"2026-03-20T23:48:15","modified_gmt":"2026-03-20T22:48:15","slug":"woocommerce-ultimate-multi-currency-suite","status":"publish","type":"product","link":"https:\/\/gpl-love.com\/fr\/produit\/woocommerce-ultimate-multi-currency-suite\/","title":{"rendered":"WooCommerce Ultimate Multi Currency Suite 1.12.1"},"content":{"rendered":"<h3>WooCommerce Ultimate Multi Currency Suite Traits<\/h3>\n<p>La suite multi-monnaie ultime WooCommerce est un plugin incroyablement robuste et sophistiqu\u00e9 qui a \u00e9t\u00e9 complexe pour r\u00e9pondre aux besoins des propri\u00e9taires de magasins en ligne qui souhaitent fournir \u00e0 leurs clients pr\u00e9cieux la possibilit\u00e9 de choisir parmi un large \u00e9ventail de devises. En int\u00e9grant ce plugin exceptionnel dans votre boutique en ligne, vous aurez la capacit\u00e9 incroyable de pr\u00e9senter sans effort les prix dans de nombreuses monnaies, convertir sans effort et automatiquement les prix en fonction des taux de change constamment fluctuants, et d&rsquo;arrondir efficacement les prix afin d&rsquo;\u00e9liminer tout disgr\u00e2ce et lourde Nombres d\u00e9cimaux. En plus de ces fonctionnalit\u00e9s remarquables, vous aurez \u00e9galement la capacit\u00e9 in\u00e9gal\u00e9e \u00e0 personnaliser et \u00e0 adapter les taux de change en fonction de vos exigences uniques, \u00e0 mettre \u00e0 jour rapidement et automatiquement ces taux, ou alternativement, \u00e0 les ajuster manuellement en fonction de vos pr\u00e9f\u00e9rences sp\u00e9cifiques. En outre, vous avez l&rsquo;option remarquable de configurer et de configurer efficacement les commutateurs de devises, qui offre \u00e0 vos clients estim\u00e9s la possibilit\u00e9 de s\u00e9lectionner de mani\u00e8re transparente et commod\u00e9ment la monnaie souhait\u00e9e. Sans aucun doute, ce plugin pr\u00e9sente une solution extraordinaire et inestimable aux entreprises qui aspirent \u00e0 \u00e9largir leurs horizons et \u00e0 \u00e9tendre leur client\u00e8le \u00e0 l&rsquo;international, tout en offrant simultan\u00e9ment \u00e0 leurs clients fid\u00e8les une exp\u00e9rience d&rsquo;achat sans pr\u00e9c\u00e9dent et supr\u00eamement pratique.<\/p>\n<ul>\n<li>Permet la prise en charge multi-monnaie de votre boutique WooCommerce<\/li>\n<li>Permet aux clients de magasiner dans leur devise locale<\/li>\n<li>Prend en charge plus de 200 monnaies du monde entier<\/li>\n<li>Utilise des taux de change en temps r\u00e9el pour assurer une tarification pr\u00e9cise<\/li>\n<li>Permet le placement du widget de commutateur de devises, ce qui permet aux clients de basculer facilement entre les devises<\/li>\n<li>Fonctionne de mani\u00e8re transparente avec toutes les passerelles de paiement WooCommerce<\/li>\n<li>Processus d&rsquo;installation et de configuration facile<\/li>\n<li>Documentation compl\u00e8te et services de soutien disponibles<\/li>\n<li>Mises \u00e0 jour r\u00e9guli\u00e8res pour assurer la compatibilit\u00e9 avec les derni\u00e8res versions WooCommerce<\/li>\n<li>Traduction pr\u00eate \u00e0 utiliser dans plusieurs langues.<\/li>\n<\/ul>\n","protected":false},"excerpt":{"rendered":"<p>La suite multi-monnaie ultime de WooCommerce est un plugin remarquablement puissant qui vous offre la capacit\u00e9 de commercialiser et de fournir votre vaste gamme de produits tout en adaptant simultan\u00e9ment un large \u00e9ventail de devises sur votre magasin WooCommerce estim\u00e9. Ce plugin remarquable accorde \u00e0 vos clients inestimables la commodit\u00e9 de basculer sans effort entre une s\u00e9lection approfondie de devises tout en leur fournissant simultan\u00e9ment les taux de change les plus r\u00e9cents et les plus r\u00e9cents. De plus, ce plugin remarquable poss\u00e8de un vaste r\u00e9pertoire de plus de 170 devises diff\u00e9rentes \u00e0 choisir, associ\u00e9es \u00e0 sa capacit\u00e9 remarquable et in\u00e9gal\u00e9e \u00e0 mettre \u00e0 jour automatiquement les taux de change \u00e0 chaque heure, garantissant ainsi que vos clients sont toujours au courant des plus exacts et des plus pr\u00e9cis Taux de change disponibles. La suite multi-monnaie ultime WooCommerce comprend \u00e9galement un widget de commutateur de devise extr\u00eamement con\u00e7u, ainsi qu&rsquo;un outil de convertisseur de devises tr\u00e8s fonctionnel et m\u00e9ticuleusement con\u00e7u. De plus, la version WooCommerce Ultimate Multi Currency Suite Pro \u00e9tend en outre sa pl\u00e9thore de fonctionnalit\u00e9s en vous permettant d&rsquo;\u00e9tablir et de personnaliser m\u00e9ticuleusement les taux de change personnalis\u00e9s pour chaque devise individuelle de votre pr\u00e9f\u00e9rence. En fin de compte, la suite multi-monnaie WooCommerce Ultimate est un outil indispensable et absolument essentiel qui s&rsquo;av\u00e9rera sans aucun doute \u00eatre un atout inestimable pour tous les magasins en ligne qui aspirent \u00e0 commercialiser avec succ\u00e8s leur remarquable gamme de produits \u00e0 un large public mondial.<\/p>\n","protected":false},"featured_media":146054,"comment_status":"open","ping_status":"open","template":"","meta":[],"product_brand":[2435],"product_cat":[1182,1223,1181],"product_tag":[1231],"class_list":{"0":"post-121205","1":"product","2":"type-product","3":"status-publish","4":"has-post-thumbnail","6":"product_brand-codecanyon","7":"product_cat-commerce-electronique-plugins","8":"product_cat-personnalisation-commerce-electronique-plugins","9":"product_cat-plugins","10":"product_tag-codecanyon","11":"member-discount","12":"discount-restricted","14":"first","15":"instock","16":"sale","17":"downloadable","18":"virtual","19":"sold-individually","20":"purchasable","21":"product-type-simple"},"_links":{"self":[{"href":"https:\/\/gpl-love.com\/fr\/wp-json\/wp\/v2\/product\/121205","targetHints":{"allow":["GET"]}}],"collection":[{"href":"https:\/\/gpl-love.com\/fr\/wp-json\/wp\/v2\/product"}],"about":[{"href":"https:\/\/gpl-love.com\/fr\/wp-json\/wp\/v2\/types\/product"}],"replies":[{"embeddable":true,"href":"https:\/\/gpl-love.com\/fr\/wp-json\/wp\/v2\/comments?post=121205"}],"wp:featuredmedia":[{"embeddable":true,"href":"https:\/\/gpl-love.com\/fr\/wp-json\/wp\/v2\/media\/146054"}],"wp:attachment":[{"href":"https:\/\/gpl-love.com\/fr\/wp-json\/wp\/v2\/media?parent=121205"}],"wp:term":[{"taxonomy":"product_brand","embeddable":true,"href":"https:\/\/gpl-love.com\/fr\/wp-json\/wp\/v2\/product_brand?post=121205"},{"taxonomy":"product_cat","embeddable":true,"href":"https:\/\/gpl-love.com\/fr\/wp-json\/wp\/v2\/product_cat?post=121205"},{"taxonomy":"product_tag","embeddable":true,"href":"https:\/\/gpl-love.com\/fr\/wp-json\/wp\/v2\/product_tag?post=121205"}],"curies":[{"name":"wp","href":"https:\/\/api.w.org\/{rel}","templated":true}]}}