{"id":121203,"date":"2026-05-09T00:00:00","date_gmt":"2026-05-08T22:00:00","guid":{"rendered":"https:\/\/gpl-love.com\/fr\/produit\/woocommerce-software-addon\/"},"modified":"2026-05-09T00:30:59","modified_gmt":"2026-05-08T22:30:59","slug":"woocommerce-software-addon","status":"publish","type":"product","link":"https:\/\/gpl-love.com\/fr\/produit\/woocommerce-software-addon\/","title":{"rendered":"WooCommerce Software Addon 1.10.1"},"content":{"rendered":"<h3>WooCommerce Software Addon Traits<\/h3>\n<p>L&rsquo;addon de logiciel WooCommerce est un outil indispensable qui est indispensable aux personnes qui souhaitent s&rsquo;engager dans la vente de logiciels via des plateformes en ligne. Ce plugin remarquablement puissant s&rsquo;int\u00e8gre de mani\u00e8re transparente \u00e0 votre magasin WooCommerce, facilitant efficacement la gestion efficace des ventes de produits logiciels. L&rsquo;inclusion de cet addon vous permet de g\u00e9n\u00e9rer sans effort des pages de produits logicielles personnalis\u00e9es, d&rsquo;\u00e9tablir des cl\u00e9s de licence, de contr\u00f4ler efficacement les t\u00e9l\u00e9chargements et m\u00eame d&rsquo;\u00e9tendre l&rsquo;offre d&rsquo;essais gratuits aux clients potentiels. L&rsquo;addition logicielle en question est caract\u00e9ris\u00e9e par sa nature conviviale, garantissant que vous pouvez naviguer sans effort ses diff\u00e9rentes fonctions. En outre, il est enti\u00e8rement personnalisable, vous permettant ainsi d&rsquo;adapter ses fonctionnalit\u00e9s pour s&rsquo;aligner sur les exigences sp\u00e9cifiques de votre entreprise. En incorporant l&rsquo;addition de logiciel WooCommerce dans vos op\u00e9rations, vous pouvez rationaliser efficacement votre processus de vente de logiciel et offrir une exp\u00e9rience exceptionnellement fluide et transparente \u00e0 votre client\u00e8le estim\u00e9e.<\/p>\n<ul>\n<li>Rationalise votre gestion de magasin WooCommerce<\/li>\n<li>Augmente l&rsquo;efficacit\u00e9 et fait gagner du temps<\/li>\n<li>Permet un suivi et une gestion faciles des commandes<\/li>\n<li>Fournit des informations d&rsquo;inventaire en temps r\u00e9el<\/li>\n<li>Vous permet de traiter les remboursements et les annulations de mani\u00e8re transparente<\/li>\n<li>Am\u00e9liore l&rsquo;exp\u00e9rience client avec un processus de paiement facile et des recommandations de produits personnalis\u00e9s<\/li>\n<li>Fournit des analyses d\u00e9taill\u00e9es sur les ventes et le comportement du client<\/li>\n<li>Prend en charge l&rsquo;int\u00e9gration transparente avec les passerelles de paiement populaires<\/li>\n<li>Personnalisable pour r\u00e9pondre \u00e0 vos besoins commerciaux sp\u00e9cifiques<\/li>\n<li>Fournit une s\u00e9curit\u00e9 de premier ordre pour les informations de votre magasin et des clients<\/li>\n<\/ul>\n","protected":false},"excerpt":{"rendered":"<p>L&rsquo;addition de logiciel WooCommerce d&rsquo;entr\u00e9e, un outil indispensable pour les personnes qui exploitent une boutique en ligne utilisant WooCommerce, offre une myriade de fonctionnalit\u00e9s. Cet addon robuste facilite la gestion et le suivi des stocks sans effort, une surveillance efficace des ventes et des revenus, et une int\u00e9gration transparente avec des outils de commerce \u00e9lectronique renomm\u00e9s. En simplifiant les t\u00e2ches administratives associ\u00e9es \u00e0 votre boutique virtuelle, vous utiliserez de mani\u00e8re optimale vos ressources, le temps et l&rsquo;argent, vous permettant de d\u00e9tourner votre attention vers d&rsquo;autres facettes pivots de votre entreprise. L&rsquo;adoption des entr\u00e9es vous permet d&rsquo;augmenter vos chiffres de vente et d&rsquo;acc\u00e9l\u00e9rer la croissance de votre entreprise axonc\u00e9 et rapide.<\/p>\n","protected":false},"featured_media":146036,"comment_status":"open","ping_status":"open","template":"","meta":[],"product_brand":[2440],"product_cat":[1183,1182,1181],"product_tag":[1398],"class_list":{"0":"post-121203","1":"product","2":"type-product","3":"status-publish","4":"has-post-thumbnail","6":"product_brand-woocommerce","7":"product_cat-administration","8":"product_cat-commerce-electronique-plugins","9":"product_cat-plugins","10":"product_tag-woocommerce","11":"member-discount","12":"discount-restricted","14":"first","15":"instock","16":"sale","17":"downloadable","18":"virtual","19":"sold-individually","20":"purchasable","21":"product-type-simple"},"_links":{"self":[{"href":"https:\/\/gpl-love.com\/fr\/wp-json\/wp\/v2\/product\/121203","targetHints":{"allow":["GET"]}}],"collection":[{"href":"https:\/\/gpl-love.com\/fr\/wp-json\/wp\/v2\/product"}],"about":[{"href":"https:\/\/gpl-love.com\/fr\/wp-json\/wp\/v2\/types\/product"}],"replies":[{"embeddable":true,"href":"https:\/\/gpl-love.com\/fr\/wp-json\/wp\/v2\/comments?post=121203"}],"wp:featuredmedia":[{"embeddable":true,"href":"https:\/\/gpl-love.com\/fr\/wp-json\/wp\/v2\/media\/146036"}],"wp:attachment":[{"href":"https:\/\/gpl-love.com\/fr\/wp-json\/wp\/v2\/media?parent=121203"}],"wp:term":[{"taxonomy":"product_brand","embeddable":true,"href":"https:\/\/gpl-love.com\/fr\/wp-json\/wp\/v2\/product_brand?post=121203"},{"taxonomy":"product_cat","embeddable":true,"href":"https:\/\/gpl-love.com\/fr\/wp-json\/wp\/v2\/product_cat?post=121203"},{"taxonomy":"product_tag","embeddable":true,"href":"https:\/\/gpl-love.com\/fr\/wp-json\/wp\/v2\/product_tag?post=121203"}],"curies":[{"name":"wp","href":"https:\/\/api.w.org\/{rel}","templated":true}]}}