{"id":121201,"date":"2023-10-28T00:00:00","date_gmt":"2023-10-27T22:00:00","guid":{"rendered":"https:\/\/gpl-love.com\/fr\/produit\/woocommerce-sofort-payment-gateway\/"},"modified":"2026-03-20T23:47:58","modified_gmt":"2026-03-20T22:47:58","slug":"woocommerce-sofort-payment-gateway","status":"publish","type":"product","link":"https:\/\/gpl-love.com\/fr\/produit\/woocommerce-sofort-payment-gateway\/","title":{"rendered":"WooCommerce Sofort Payment Gateway 1.6.0"},"content":{"rendered":"<h3>WooCommerce Sofort Payment Gateway Traits<\/h3>\n<p>La passerelle de paiement WooCommerce Sofort se pr\u00e9sente comme un choix fiable et efficace pour les entreprises en ligne cherchant \u00e0 rationaliser leurs proc\u00e9dures de paiement. La mise en \u0153uvre de ce plugin permet aux clients d&rsquo;ex\u00e9cuter sans effort des achats via SEPA DIRECT Debit ou un transfert bancaire instantan\u00e9, car les paiements sont trait\u00e9s rapidement et en toute s\u00e9curit\u00e9. En outre, la facilit\u00e9 d&rsquo;installation et de personnalisation du plugin, associ\u00e9es \u00e0 son interface conviviale, garantit que les transactions peuvent \u00eatre g\u00e9r\u00e9es sans effort et les paiements suivis avec pr\u00e9cision. Que vous soyez une petite entreprise naissante ou une entreprise plus importante visant \u00e0 am\u00e9liorer vos op\u00e9rations de commerce \u00e9lectronique, la passerelle de paiement WooCommerce Sofort offre une solution robuste capable non seulement de propulser les ventes, mais aussi d&rsquo;am\u00e9liorer les niveaux de satisfaction client.<\/p>\n<ul>\n<li>Int\u00e9gration transparente avec votre boutique WooCommerce<\/li>\n<li>Permet aux clients de payer instantan\u00e9ment via leur compte bancaire en ligne<\/li>\n<li>Soutient diverses banques et monnaies europ\u00e9ennes<\/li>\n<li>Assure des transactions s\u00e9curis\u00e9es avec le cryptage SSL<\/li>\n<li>Fournit une confirmation en temps r\u00e9el des paiements<\/li>\n<li>R\u00e9duit le traitement manuel des paiements pour une efficacit\u00e9 accrue<\/li>\n<li>Pas de frais cach\u00e9s ni de frais d&rsquo;installation<\/li>\n<li>Processus d&rsquo;installation et de configuration facile<\/li>\n<li>Passerelle de paiement fiable et fiable<\/li>\n<li>Excellent support client de l&rsquo;\u00e9quipe de d\u00e9veloppement WooCommerce.<\/li>\n<\/ul>\n","protected":false},"excerpt":{"rendered":"<p>La passerelle de paiement WooCommerce Sofort est un plugin incroyablement fiable et hautement s\u00e9curis\u00e9 qui accorde \u00e0 vos clients estim\u00e9s la capacit\u00e9 transparente et rapide \u00e0 ex\u00e9cuter sans effort les paiements via leurs comptes bancaires Sofort. En utilisant ce plugin in\u00e9gal\u00e9, le traitement des transactions est ex\u00e9cut\u00e9 en temps r\u00e9el, minimisant efficacement le potentiel d&rsquo;inexactitudes et de retards ind\u00e9sirables dans le processus de paiement crucial. De plus, ce plugin remarquable poss\u00e8de la capacit\u00e9 \u00e9tonnante d&rsquo;\u00eatre enti\u00e8rement adapt\u00e9e \u00e0 vos pr\u00e9f\u00e9rences sp\u00e9cifiques, englobant une gamme de param\u00e8tres personnalisables tels que les pr\u00e9f\u00e9rences linguistiques, la monnaie pr\u00e9f\u00e9r\u00e9e et un assortiment d&rsquo;autres options complexes. En exploitant l&rsquo;immense puissance et capacit\u00e9s de la passerelle de paiement WooCommerce Sofort, vous serez habilit\u00e9 \u00e0 \u00e9tendre et \u00e0 accorder \u00e0 votre client\u00e8le ch\u00e9ri un moyen in\u00e9gal\u00e9 de consommer rapidement et de mani\u00e8re une fois en faveur de ses transactions, en favorisant ensuite le contentement et l&rsquo;efficacit\u00e9 des clients, tout en am\u00e9liorant par la suite simultan\u00e9ment le contentement et l&rsquo;efficacit\u00e9 des clients, tout en am\u00e9liorant simultan\u00e9ment et en am\u00e9liorant par la suite simultan\u00e9e le contentement et l&rsquo;efficacit\u00e9 des clients, tout en am\u00e9liorant simultan\u00e9ment et en am\u00e9liorant par la suite simultan\u00e9 Optimisation de la prosp\u00e9rit\u00e9 budg\u00e9taire de votre entreprise estim\u00e9e.<\/p>\n","protected":false},"featured_media":146035,"comment_status":"open","ping_status":"open","template":"","meta":[],"product_brand":[2440],"product_cat":[1182,1401,1181],"product_tag":[1398],"class_list":{"0":"post-121201","1":"product","2":"type-product","3":"status-publish","4":"has-post-thumbnail","6":"product_brand-woocommerce","7":"product_cat-commerce-electronique-plugins","8":"product_cat-paiement-commerce-electronique-plugins","9":"product_cat-plugins","10":"product_tag-woocommerce","11":"member-discount","12":"discount-restricted","14":"first","15":"instock","16":"sale","17":"downloadable","18":"virtual","19":"sold-individually","20":"purchasable","21":"product-type-simple"},"_links":{"self":[{"href":"https:\/\/gpl-love.com\/fr\/wp-json\/wp\/v2\/product\/121201","targetHints":{"allow":["GET"]}}],"collection":[{"href":"https:\/\/gpl-love.com\/fr\/wp-json\/wp\/v2\/product"}],"about":[{"href":"https:\/\/gpl-love.com\/fr\/wp-json\/wp\/v2\/types\/product"}],"replies":[{"embeddable":true,"href":"https:\/\/gpl-love.com\/fr\/wp-json\/wp\/v2\/comments?post=121201"}],"wp:featuredmedia":[{"embeddable":true,"href":"https:\/\/gpl-love.com\/fr\/wp-json\/wp\/v2\/media\/146035"}],"wp:attachment":[{"href":"https:\/\/gpl-love.com\/fr\/wp-json\/wp\/v2\/media?parent=121201"}],"wp:term":[{"taxonomy":"product_brand","embeddable":true,"href":"https:\/\/gpl-love.com\/fr\/wp-json\/wp\/v2\/product_brand?post=121201"},{"taxonomy":"product_cat","embeddable":true,"href":"https:\/\/gpl-love.com\/fr\/wp-json\/wp\/v2\/product_cat?post=121201"},{"taxonomy":"product_tag","embeddable":true,"href":"https:\/\/gpl-love.com\/fr\/wp-json\/wp\/v2\/product_tag?post=121201"}],"curies":[{"name":"wp","href":"https:\/\/api.w.org\/{rel}","templated":true}]}}