{"id":121199,"date":"2022-02-08T00:00:00","date_gmt":"2022-02-07T23:00:00","guid":{"rendered":"https:\/\/gpl-love.com\/fr\/produit\/woocommerce-snapscan-gateway\/"},"modified":"2026-03-20T23:47:54","modified_gmt":"2026-03-20T22:47:54","slug":"woocommerce-snapscan-gateway","status":"publish","type":"product","link":"https:\/\/gpl-love.com\/fr\/produit\/woocommerce-snapscan-gateway\/","title":{"rendered":"WooCommerce SnapScan Gateway 1.1.12"},"content":{"rendered":"<h3>WooCommerce SnapScan Gateway Traits<\/h3>\n<p>La passerelle Snapscan WooCommerce repr\u00e9sente une solution de paiement avanc\u00e9e et innovante qui permet aux marchands en ligne de recevoir sans effort les paiements via Snapscan, un syst\u00e8me de paiement mobile largement utilis\u00e9. Cette passerelle s&rsquo;int\u00e8gre parfaitement \u00e0 la plate-forme WooCommerce, accordant ainsi aux clients la possibilit\u00e9 d&rsquo;ex\u00e9cuter des transactions s\u00e9curis\u00e9es et sans effort \u00e0 l&rsquo;aide de leurs smartphones. Ce qui distingue cette passerelle, c&rsquo;est sa capacit\u00e9 \u00e0 traiter les paiements rapidement, de mani\u00e8re fiable et de mani\u00e8re pratique, att\u00e9nuant efficacement les dangers potentiels de la fraude et garantissant une exp\u00e9rience de paiement transparente pour le client. En mettant en \u0153uvre la passerelle Snapscan WooCommerce, les entreprises de commerce \u00e9lectronique peuvent efficacement am\u00e9liorer \u00e0 la fois leurs chiffres de vente et le niveau de satisfaction exp\u00e9riment\u00e9 par leur client\u00e8le gr\u00e2ce \u00e0 la fourniture d&rsquo;une m\u00e9thodologie de paiement pratique et s\u00e9curis\u00e9e.<\/p>\n<ul>\n<li>Int\u00e8gre de mani\u00e8re transparente la passerelle de paiement Snapscan avec WooCommerce<\/li>\n<li>Permet aux clients de effectuer des paiements rapides et s\u00e9curis\u00e9s en utilisant leurs appareils mobiles<\/li>\n<li>Prend en charge plusieurs devises et m\u00e9thodes de paiement<\/li>\n<li>Facile \u00e0 installer et \u00e0 configurer sur votre boutique WooCommerce<\/li>\n<li>Fournit des mises \u00e0 jour de l&rsquo;\u00e9tat de transaction en temps r\u00e9el et des notifications de paiement<\/li>\n<li>Offre une exp\u00e9rience de paiement de paiement conviviale et r\u00e9active<\/li>\n<li>Conforme aux normes et r\u00e9glementations de l&rsquo;industrie pour le traitement des paiements<\/li>\n<li>Fournit une documentation d\u00e9taill\u00e9e et une prise en charge d\u00e9di\u00e9e pour la configuration et le d\u00e9pannage<\/li>\n<li>Am\u00e9liore l&rsquo;exp\u00e9rience de paiement client en offrant une option de paiement suppl\u00e9mentaire.<\/li>\n<\/ul>\n","protected":false},"excerpt":{"rendered":"<p>La passerelle WooCommerce Snapscan, un plugin de passerelle de paiement tr\u00e8s efficace, offre aux clients la commodit\u00e9 de faire des paiements rapides et sans effort via Snapscan, qui est incontestablement une application de paiement mobile largement utilis\u00e9e dans le pays dynamique de l&rsquo;Afrique du Sud. Ce plugin exceptionnel s&rsquo;amalgate parfaitement avec votre magasin WooCommerce, ce qui entra\u00eene finalement une proc\u00e9dure de paiement remarquablement douce et ininterrompue pour votre client\u00e8le estim\u00e9e. En incorporant les capacit\u00e9s extraordinaires de la passerelle Snapscan WooCommerce, vous pouvez adopter sans effort les paiements mobiles, augmentant ainsi votre potentiel de vente et am\u00e9liorant consid\u00e9rablement la satisfaction des clients en leur accordant une gamme diversifi\u00e9e d&rsquo;alternatives de paiement.<\/p>\n","protected":false},"featured_media":146032,"comment_status":"open","ping_status":"open","template":"","meta":[],"product_brand":[2440],"product_cat":[1182,1401,1181],"product_tag":[1398],"class_list":{"0":"post-121199","1":"product","2":"type-product","3":"status-publish","4":"has-post-thumbnail","6":"product_brand-woocommerce","7":"product_cat-commerce-electronique-plugins","8":"product_cat-paiement-commerce-electronique-plugins","9":"product_cat-plugins","10":"product_tag-woocommerce","11":"member-discount","12":"discount-restricted","14":"first","15":"instock","16":"sale","17":"downloadable","18":"virtual","19":"sold-individually","20":"purchasable","21":"product-type-simple"},"_links":{"self":[{"href":"https:\/\/gpl-love.com\/fr\/wp-json\/wp\/v2\/product\/121199","targetHints":{"allow":["GET"]}}],"collection":[{"href":"https:\/\/gpl-love.com\/fr\/wp-json\/wp\/v2\/product"}],"about":[{"href":"https:\/\/gpl-love.com\/fr\/wp-json\/wp\/v2\/types\/product"}],"replies":[{"embeddable":true,"href":"https:\/\/gpl-love.com\/fr\/wp-json\/wp\/v2\/comments?post=121199"}],"wp:featuredmedia":[{"embeddable":true,"href":"https:\/\/gpl-love.com\/fr\/wp-json\/wp\/v2\/media\/146032"}],"wp:attachment":[{"href":"https:\/\/gpl-love.com\/fr\/wp-json\/wp\/v2\/media?parent=121199"}],"wp:term":[{"taxonomy":"product_brand","embeddable":true,"href":"https:\/\/gpl-love.com\/fr\/wp-json\/wp\/v2\/product_brand?post=121199"},{"taxonomy":"product_cat","embeddable":true,"href":"https:\/\/gpl-love.com\/fr\/wp-json\/wp\/v2\/product_cat?post=121199"},{"taxonomy":"product_tag","embeddable":true,"href":"https:\/\/gpl-love.com\/fr\/wp-json\/wp\/v2\/product_tag?post=121199"}],"curies":[{"name":"wp","href":"https:\/\/api.w.org\/{rel}","templated":true}]}}