{"id":121197,"date":"2022-02-08T00:00:00","date_gmt":"2022-02-07T23:00:00","guid":{"rendered":"https:\/\/gpl-love.com\/fr\/produit\/woocommerce-shipwire\/"},"modified":"2026-03-20T23:47:45","modified_gmt":"2026-03-20T22:47:45","slug":"woocommerce-shipwire","status":"publish","type":"product","link":"https:\/\/gpl-love.com\/fr\/produit\/woocommerce-shipwire\/","title":{"rendered":"WooCommerce Shipwire 2.6.0"},"content":{"rendered":"<h3>WooCommerce Shipwire Traits<\/h3>\n<p>Le plugin WooCommerce Shipwire est un outil incroyablement robuste et efficace qui simplifie et optimise efficacement l&rsquo;ensemble du processus d&rsquo;exp\u00e9dition du commerce \u00e9lectronique. En utilisant ce plugin remarquable, vous obtenez la possibilit\u00e9 de g\u00e9rer sans effort et efficacement votre inventaire, de surveiller et de suivre les commandes de mani\u00e8re transparente, ainsi que des produits rapidement \u00e0 vos clients pr\u00e9cieux, tout au long d&rsquo;une plate-forme incroyablement pratique et conviviale. De plus, en mettant en \u0153uvre ce plugin de pointe, vous pourrez automatiser vos proc\u00e9dures d&rsquo;exp\u00e9dition et de r\u00e9alisation, vous permettant ainsi d&rsquo;allouer votre temps et vos ressources pr\u00e9cieux \u00e0 l&rsquo;expansion et \u00e0 l&rsquo;\u00e9l\u00e9vation de votre entreprise \u00e0 de nouveaux sommets. Le plugin WooCommerce Shipwire remarquable s&rsquo;int\u00e8gre de mani\u00e8re transparente \u00e0 votre magasin WooCommerce existant, garantissant une exp\u00e9rience ininterrompue et fluide pour vous, en tant que d\u00e9taillant et vos clients estim\u00e9s. Ce plugin exceptionnel propose une gamme de fonctionnalit\u00e9s inestimables, y compris des tarifs d&rsquo;exp\u00e9dition en temps r\u00e9el, des capacit\u00e9s de suivi des commandes et une impression automatis\u00e9e. En raison de ces fonctionnalit\u00e9s incroyablement avantageuses et de l&rsquo;immense commodit\u00e9 qu&rsquo;il offre, le plugin WooCommerce Shipwire est une n\u00e9cessit\u00e9 absolue pour tout d\u00e9taillant en ligne qui cherche \u00e0 optimiser et \u00e0 rationaliser efficacement leurs op\u00e9rations d&rsquo;exp\u00e9dition.<\/p>\n<ul>\n<li>Processus de r\u00e9alisation des commandes rationalis\u00e9e<\/li>\n<li>Int\u00e9gration avec le r\u00e9seau mondial de Shipwire d&rsquo;entrep\u00f4ts<\/li>\n<li>Calculs d&rsquo;inventaire et de taux d&rsquo;exp\u00e9dition en temps r\u00e9el<\/li>\n<li>Automatise les notifications de suivi des commandes et de livraison<\/li>\n<li>Prend en charge plusieurs m\u00e9thodes d&rsquo;exp\u00e9dition et transporteurs<\/li>\n<li>Am\u00e9liore l&rsquo;efficacit\u00e9 et r\u00e9duit les erreurs dans l&rsquo;ordre<\/li>\n<li>Simplifie la documentation internationale d&rsquo;exp\u00e9dition et de douane<\/li>\n<li>Configuration et configuration faciles dans la plate-forme WooCommerce<\/li>\n<li>\u00c9conomise du temps et des ressources pour les entreprises de commerce \u00e9lectronique<\/li>\n<li>Stimule la satisfaction des clients avec les livraisons opportunes et pr\u00e9cises.<\/li>\n<\/ul>\n","protected":false},"excerpt":{"rendered":"<p>Le plugin WooCommerce Shipwire est un outil incroyablement robuste qui int\u00e8gre parfaitement le vaste r\u00e9seau d&rsquo;ex\u00e9cution de Shipwire avec votre boutique WooCommerce. En automatisant la transmission des commandes des clients \u00e0 Shipwire, ce plugin rationalise vos proc\u00e9dures de gestion et de r\u00e9alisation des commandes, garantissant une vitesse invite et une exp\u00e9dition pr\u00e9cise. Par cons\u00e9quent, vos clients peuvent s&rsquo;attendre \u00e0 la livraison ponctuelle de leurs commandes pendant que vous vous concentrez sur l&rsquo;expansion de votre entreprise. Avec WooCommerce Shipwire, vous obtenez la commodit\u00e9 de suivre sans effort vos commandes, de g\u00e9rer efficacement votre inventaire et d&rsquo;acc\u00e9der rapidement aux tarifs d&rsquo;exp\u00e9dition actuels, le tout dans votre tableau de bord WooCommerce. Commencez \u00e0 exp\u00e9dier avec la plus grande confiance aujourd&rsquo;hui en adoptant les capacit\u00e9s remarquables de WooCommerce Shipwire.<\/p>\n","protected":false},"featured_media":146023,"comment_status":"open","ping_status":"open","template":"","meta":[],"product_brand":[2440],"product_cat":[1183,1182,1181],"product_tag":[1398],"class_list":{"0":"post-121197","1":"product","2":"type-product","3":"status-publish","4":"has-post-thumbnail","6":"product_brand-woocommerce","7":"product_cat-administration","8":"product_cat-commerce-electronique-plugins","9":"product_cat-plugins","10":"product_tag-woocommerce","11":"member-discount","12":"discount-restricted","14":"first","15":"instock","16":"sale","17":"downloadable","18":"virtual","19":"sold-individually","20":"purchasable","21":"product-type-simple"},"_links":{"self":[{"href":"https:\/\/gpl-love.com\/fr\/wp-json\/wp\/v2\/product\/121197","targetHints":{"allow":["GET"]}}],"collection":[{"href":"https:\/\/gpl-love.com\/fr\/wp-json\/wp\/v2\/product"}],"about":[{"href":"https:\/\/gpl-love.com\/fr\/wp-json\/wp\/v2\/types\/product"}],"replies":[{"embeddable":true,"href":"https:\/\/gpl-love.com\/fr\/wp-json\/wp\/v2\/comments?post=121197"}],"wp:featuredmedia":[{"embeddable":true,"href":"https:\/\/gpl-love.com\/fr\/wp-json\/wp\/v2\/media\/146023"}],"wp:attachment":[{"href":"https:\/\/gpl-love.com\/fr\/wp-json\/wp\/v2\/media?parent=121197"}],"wp:term":[{"taxonomy":"product_brand","embeddable":true,"href":"https:\/\/gpl-love.com\/fr\/wp-json\/wp\/v2\/product_brand?post=121197"},{"taxonomy":"product_cat","embeddable":true,"href":"https:\/\/gpl-love.com\/fr\/wp-json\/wp\/v2\/product_cat?post=121197"},{"taxonomy":"product_tag","embeddable":true,"href":"https:\/\/gpl-love.com\/fr\/wp-json\/wp\/v2\/product_tag?post=121197"}],"curies":[{"name":"wp","href":"https:\/\/api.w.org\/{rel}","templated":true}]}}