{"id":121195,"date":"2021-02-09T00:00:00","date_gmt":"2021-02-08T23:00:00","guid":{"rendered":"https:\/\/gpl-love.com\/fr\/produit\/woocommerce-sage-payments-usa\/"},"modified":"2026-03-20T23:47:36","modified_gmt":"2026-03-20T22:47:36","slug":"woocommerce-sage-payments-usa","status":"publish","type":"product","link":"https:\/\/gpl-love.com\/fr\/produit\/woocommerce-sage-payments-usa\/","title":{"rendered":"WooCommerce Sage Payments USA 3.1.0"},"content":{"rendered":"<h3>WooCommerce Sage Payments USA Traits<\/h3>\n<p>WooCommerce Sage Payments USA est un plugin exceptionnellement robuste et formidable sp\u00e9cialement con\u00e7u pour les entreprises de commerce \u00e9lectronique qui exigent une solution de passerelle de paiement impr\u00e9gnable et fiable. \u00c0 l&rsquo;aide de ce plugin de pointe, vous pourrez recevoir sans effort et facilement les paiements de votre client\u00e8le estim\u00e9e au moyen de leurs cartes de cr\u00e9dit, de leurs cartes de d\u00e9bit ainsi que des cochets. Non seulement ce plugin s&rsquo;int\u00e8gre de mani\u00e8re transparente \u00e0 votre boutique WooCommerce, vous permettant d&rsquo;administrer des transactions et d&rsquo;ex\u00e9cuter rapidement des remboursements, mais il poss\u00e8de \u00e9galement une pl\u00e9thore de fonctionnalit\u00e9s de protection contre la fraude hautement sophistiqu\u00e9es et de pointe. En plus de tout cela, le plugin fournit un support client 24h \/ 24 incessant, en vous assurant que vous \u00eates dot\u00e9 d&rsquo;une tranquillit\u00e9 d&rsquo;esprit et que vos clients re\u00e7oivent une exp\u00e9rience de paiement impeccablement lisse et sans tracas. Dans l&rsquo;ensemble, il peut \u00eatre affirm\u00e9 sans \u00e9quivoque que WooCommerce Sage Payments USA est un plugin indispensable dont l&rsquo;acquisition est absolument imp\u00e9rative pour tous les \u00e9tablissements de commerce \u00e9lectronique qui cherchent ardemment \u00e0 rationaliser leurs proc\u00e9dures de traitement des paiements et \u00e0 augmenter leur exp\u00e9rience client \u00e0 des niveaux d&rsquo;excellence sans pr\u00e9c\u00e9dent .<\/p>\n<ul>\n<li>Int\u00e9gration transparente avec votre boutique WooCommerce<\/li>\n<li>Traitement de paiement s\u00e9curis\u00e9 et fiable via Sage Payments USA<\/li>\n<li>Acceptation de toutes les principales cartes de cr\u00e9dit, cochets et paiements ACh<\/li>\n<li>Possibilit\u00e9 de rembourser ou d&rsquo;annuler les transactions directement \u00e0 partir de votre tableau de bord WooCommerce<\/li>\n<li>R\u00e9conciliation automatique des transactions dans votre syst\u00e8me comptable<\/li>\n<li>Conformit\u00e9 aux normes PCI-DSS pour une s\u00e9curit\u00e9 am\u00e9lior\u00e9e<\/li>\n<li>Frais de transaction abordables sans frais cach\u00e9s<\/li>\n<li>Acc\u00e8s \u00e0 un support client exceptionnel des \u00e9quipes WooCommerce et Sage Payments USA.<\/li>\n<\/ul>\n","protected":false},"excerpt":{"rendered":"<p>WooCommerce Sage Payments USA se pr\u00e9sente comme une int\u00e9gration remarquable du plugin pour les passerelles de paiement, offrant aux entreprises la capacit\u00e9 pratique de traiter sans effort les paiements des clients utilisant des paiements de sage. Ce plugin offre un niveau de s\u00e9curit\u00e9 accru, permettant l&rsquo;acceptation s\u00e9curis\u00e9e de diverses m\u00e9thodes de paiement telles que les cartes de cr\u00e9dit, les cartes de d\u00e9bit, les ch\u00e8ques \u00e9lectroniques, etc., le tout directement sur votre magasin WooCommerce. Assurer la plus grande adh\u00e9sion \u00e0 la conformit\u00e9 PCI et l&rsquo;assurance de la s\u00e9curit\u00e9, ce plugin poss\u00e8de \u00e9galement un syst\u00e8me de rapports avanc\u00e9, accordant aux propri\u00e9taires d&rsquo;entreprise la capacit\u00e9 inestimable pour surveiller et g\u00e9rer efficacement leurs transactions de paiement. Par cons\u00e9quent, WooCommerce Sage Payments USA appara\u00eet comme une solution id\u00e9ale pour les entreprises qui cherchent \u00e0 \u00e9largir leurs horizons en termes d&rsquo;options de paiement tout en \u00e9levant simultan\u00e9ment l&rsquo;exp\u00e9rience globale de paiement.<\/p>\n","protected":false},"featured_media":146013,"comment_status":"open","ping_status":"open","template":"","meta":[],"product_brand":[2440],"product_cat":[1182,1401,1181],"product_tag":[1398],"class_list":{"0":"post-121195","1":"product","2":"type-product","3":"status-publish","4":"has-post-thumbnail","6":"product_brand-woocommerce","7":"product_cat-commerce-electronique-plugins","8":"product_cat-paiement-commerce-electronique-plugins","9":"product_cat-plugins","10":"product_tag-woocommerce","11":"member-discount","12":"discount-restricted","14":"first","15":"instock","16":"sale","17":"downloadable","18":"virtual","19":"sold-individually","20":"purchasable","21":"product-type-simple"},"_links":{"self":[{"href":"https:\/\/gpl-love.com\/fr\/wp-json\/wp\/v2\/product\/121195","targetHints":{"allow":["GET"]}}],"collection":[{"href":"https:\/\/gpl-love.com\/fr\/wp-json\/wp\/v2\/product"}],"about":[{"href":"https:\/\/gpl-love.com\/fr\/wp-json\/wp\/v2\/types\/product"}],"replies":[{"embeddable":true,"href":"https:\/\/gpl-love.com\/fr\/wp-json\/wp\/v2\/comments?post=121195"}],"wp:featuredmedia":[{"embeddable":true,"href":"https:\/\/gpl-love.com\/fr\/wp-json\/wp\/v2\/media\/146013"}],"wp:attachment":[{"href":"https:\/\/gpl-love.com\/fr\/wp-json\/wp\/v2\/media?parent=121195"}],"wp:term":[{"taxonomy":"product_brand","embeddable":true,"href":"https:\/\/gpl-love.com\/fr\/wp-json\/wp\/v2\/product_brand?post=121195"},{"taxonomy":"product_cat","embeddable":true,"href":"https:\/\/gpl-love.com\/fr\/wp-json\/wp\/v2\/product_cat?post=121195"},{"taxonomy":"product_tag","embeddable":true,"href":"https:\/\/gpl-love.com\/fr\/wp-json\/wp\/v2\/product_tag?post=121195"}],"curies":[{"name":"wp","href":"https:\/\/api.w.org\/{rel}","templated":true}]}}