{"id":121190,"date":"2022-05-31T00:00:00","date_gmt":"2022-05-30T22:00:00","guid":{"rendered":"https:\/\/gpl-love.com\/fr\/produit\/trustify-wordpress-fake-social-evidence\/"},"modified":"2026-04-10T18:43:57","modified_gmt":"2026-04-10T16:43:57","slug":"trustify-wordpress-fake-social-evidence","status":"publish","type":"product","link":"https:\/\/gpl-love.com\/fr\/produit\/trustify-wordpress-fake-social-evidence\/","title":{"rendered":"Trustify WordPress Fake Social Evidence 2.3"},"content":{"rendered":"<h3>Trustify WordPress Fake Social Evidence Traits<\/h3>\n<p>Le plugin de fausses preuves sociales Trutify WordPress est un outil incroyablement robuste et influent qui sert \u00e0 amplifier la cr\u00e9dibilit\u00e9 en ligne des entreprises et la preuve sociale. Tirer parti de ses algorithmes avanc\u00e9s, Trutify a la capacit\u00e9 de g\u00e9n\u00e9rer des signaux de preuve sociale remarquablement authentiques, englobant les likes, les partages, les commentaires et les disciples, reproduisant un comportement humain authentique \u00e0 une telle attente que la distinction entre les preuves sociales authentiques et contrefaqu\u00e9es devient une t\u00e2che ardue. Sans l&rsquo;ombre d&rsquo;un doute, ce plugin est une n\u00e9cessit\u00e9 indispensable pour les entreprises qui s&rsquo;efforcent de renforcer leur autorit\u00e9 et leur influence en ligne, car elle leur permet effectivement d&rsquo;\u00e9tablir la confiance et la cr\u00e9dibilit\u00e9 aupr\u00e8s de leur public cible. En exploitant le pouvoir de Fautifier les fausses preuves sociales WordPress, les entreprises \u00e9l\u00e8vent sans effort leur pr\u00e9sence sur diverses plateformes de m\u00e9dias sociaux et aimaient efficacement une client\u00e8le plus grande \u00e0 leur marque estim\u00e9e.<\/p>\n<ul>\n<li>Ajoutez instantan\u00e9ment et sans effort les fausses preuves sociales \u00e0 votre site Web avec Trutify WordPress fausses preuves sociales.<\/li>\n<li>Choisissez parmi une vari\u00e9t\u00e9 de types de preuve sociale tels que les avis des utilisateurs, les notes, les commentaires et les abonn\u00e9s.<\/li>\n<li>Les \u00e9l\u00e9ments de preuve sociale personnalisables et r\u00e9alistes garantissent une int\u00e9gration transparente avec la conception et l&rsquo;esth\u00e9tique de votre site Web.<\/li>\n<li>Alimenter les taux de conversion, renforcer la cr\u00e9dibilit\u00e9 et \u00e9tablir la confiance avec les visiteurs du site Web \u00e0 l&rsquo;aide d&rsquo;une puissante preuve sociale.<\/li>\n<li>Solution abordable et conviviale pour les entreprises et les propri\u00e9taires de sites Web qui cherchent \u00e0 am\u00e9liorer leur pr\u00e9sence en ligne.<\/li>\n<\/ul>\n","protected":false},"excerpt":{"rendered":"<p>Trutify wordpress fausses preuves sociales est un outil incroyablement robuste et efficace qui a \u00e9t\u00e9 m\u00e9ticuleusement con\u00e7u pour r\u00e9pondre aux besoins des individus et des entreprises cherchant \u00e0 am\u00e9liorer leur preuve sociale et leur cr\u00e9dibilit\u00e9 en ligne. En utilisant des algorithmes tr\u00e8s sophistiqu\u00e9s, ce plugin exceptionnel a la capacit\u00e9 exceptionnelle de g\u00e9n\u00e9rer des preuves sociales sous forme de likes, de commentaires, de partages et de disciples, qui sont \u00e9tonnamment authentiques et int\u00e9gr\u00e9s de mani\u00e8re transparente dans votre site Web WordPress. En inculquant un sentiment de confiance et de fiabilit\u00e9 chez les visiteurs de votre site Web et les clients potentiels, cette solution innovante joue un r\u00f4le central dans l&rsquo;optimisation de vos taux de conversion et la facilitation des chiffres de vente accrus. En outre, le processus d&rsquo;installation pour Trutify WordPress Fake Social Preuve est remarquablement simple, et il est con\u00e7u pour \u00eatre enti\u00e8rement compatible avec tous les th\u00e8mes WordPress, ce qui le rend une solution tr\u00e8s polyvalente et globale pour ceux qui cherchent \u00e0 \u00e9lever leur r\u00e9putation en ligne. Ne perdez pas de temps \u00e0 saisir l&rsquo;opportunit\u00e9 d&rsquo;utiliser cet outil extraordinaire aujourd&rsquo;hui et \u00e0 ouvrir la voie \u00e0 l&rsquo;\u00e9tablissement d&rsquo;une pr\u00e9sence en ligne r\u00e9siliente et in\u00e9branlable.<\/p>\n","protected":false},"featured_media":145619,"comment_status":"open","ping_status":"open","template":"","meta":[],"product_brand":[2435],"product_cat":[1207,1181,1186],"product_tag":[1231],"class_list":{"0":"post-121190","1":"product","2":"type-product","3":"status-publish","4":"has-post-thumbnail","6":"product_brand-codecanyon","7":"product_cat-commercialisation-wordpress-plugins","8":"product_cat-plugins","9":"product_cat-wordpress-plugins","10":"product_tag-codecanyon","11":"member-discount","12":"discount-restricted","14":"first","15":"instock","16":"sale","17":"downloadable","18":"virtual","19":"sold-individually","20":"purchasable","21":"product-type-simple"},"_links":{"self":[{"href":"https:\/\/gpl-love.com\/fr\/wp-json\/wp\/v2\/product\/121190","targetHints":{"allow":["GET"]}}],"collection":[{"href":"https:\/\/gpl-love.com\/fr\/wp-json\/wp\/v2\/product"}],"about":[{"href":"https:\/\/gpl-love.com\/fr\/wp-json\/wp\/v2\/types\/product"}],"replies":[{"embeddable":true,"href":"https:\/\/gpl-love.com\/fr\/wp-json\/wp\/v2\/comments?post=121190"}],"wp:featuredmedia":[{"embeddable":true,"href":"https:\/\/gpl-love.com\/fr\/wp-json\/wp\/v2\/media\/145619"}],"wp:attachment":[{"href":"https:\/\/gpl-love.com\/fr\/wp-json\/wp\/v2\/media?parent=121190"}],"wp:term":[{"taxonomy":"product_brand","embeddable":true,"href":"https:\/\/gpl-love.com\/fr\/wp-json\/wp\/v2\/product_brand?post=121190"},{"taxonomy":"product_cat","embeddable":true,"href":"https:\/\/gpl-love.com\/fr\/wp-json\/wp\/v2\/product_cat?post=121190"},{"taxonomy":"product_tag","embeddable":true,"href":"https:\/\/gpl-love.com\/fr\/wp-json\/wp\/v2\/product_tag?post=121190"}],"curies":[{"name":"wp","href":"https:\/\/api.w.org\/{rel}","templated":true}]}}