{"id":121188,"date":"2022-02-08T00:00:00","date_gmt":"2022-02-07T23:00:00","guid":{"rendered":"https:\/\/gpl-love.com\/fr\/produit\/advanced-woocommerce-reporting\/"},"modified":"2026-03-20T22:53:40","modified_gmt":"2026-03-20T21:53:40","slug":"advanced-woocommerce-reporting","status":"publish","type":"product","link":"https:\/\/gpl-love.com\/fr\/produit\/advanced-woocommerce-reporting\/","title":{"rendered":"Advanced WooCommerce Reporting 7.0"},"content":{"rendered":"<h3>Advanced WooCommerce Reporting Traits<\/h3>\n<p>Advanced WooCommerce Reporting est un outil exceptionnel et tr\u00e8s efficace qui a \u00e9t\u00e9 m\u00e9ticuleusement con\u00e7u pour aider les propri\u00e9taires de magasins en ligne \u00e0 acqu\u00e9rir des informations inestimables sur les performances de leur entreprise. Cet outil remarquable permet aux utilisateurs de g\u00e9n\u00e9rer sans effort des rapports complets et complexes englobant un large \u00e9ventail de mesures vitales, telles que les ventes, les revenus, les remboursements, les performances des produits et le comportement des clients, entre autres. De plus, l&rsquo;interface du syst\u00e8me est parfaitement conviviale, affichant facilement des donn\u00e9es dans des graphiques et des graphiques visuellement attrayants qui facilitent l&rsquo;identification rapide des tendances, des opportunit\u00e9s prometteuses et des domaines ayant un besoin urgent d&rsquo;am\u00e9lioration. En outre, il convient de noter que les rapports avanc\u00e9s de WooCommerce poss\u00e8dent la capacit\u00e9 remarquable d&rsquo;\u00eatre personnalis\u00e9e pour r\u00e9pondre aux besoins uniques et sp\u00e9cifiques d&rsquo;une entreprise donn\u00e9e, permettant aux utilisateurs de filtrer facilement les donn\u00e9es en fonction de p\u00e9riodes, de produits, de groupes de clients et de bien plus encore plus . En vertu des id\u00e9es inestimables fournies par les rapports avanc\u00e9s de WooCommerce, les propri\u00e9taires de magasins en ligne acqui\u00e8rent la capacit\u00e9 de prendre des d\u00e9cisions \u00e9clair\u00e9es qui renforcent efficacement la rentabilit\u00e9 et pr\u00e9cipitent une croissance substantielle.<\/p>\n<ul>\n<li>Fournit des rapports d\u00e9taill\u00e9s de ventes, de clients et de produits pour les magasins WooCommerce<\/li>\n<li>Permet la personnalisation des rapports pour r\u00e9pondre aux besoins commerciaux sp\u00e9cifiques<\/li>\n<li>Permet le suivi des indicateurs de performance cl\u00e9s (KPI) tels que les revenus de vente, la valeur moyenne de la commande et la valeur \u00e0 vie du client<\/li>\n<li>Propose divers formats de rapport tels que des graphiques, des tables et des graphiques pour une visualisation facile des donn\u00e9es<\/li>\n<li>Permet la g\u00e9n\u00e9ration automatis\u00e9e de rapport et la planification pour une surveillance efficace des donn\u00e9es<\/li>\n<li>Fournit des informations sur les produits populaires, les donn\u00e9es d\u00e9mographiques des clients et les tendances saisonni\u00e8res pour la prise de d\u00e9cision \u00e9clair\u00e9e<\/li>\n<li>Compatible avec les plugins WordPress populaires tels que Jetpack et Yoast SEO<\/li>\n<li>Offre le support client et la documentation pour la configuration et l&rsquo;utilisation des produits lisses.<\/li>\n<li>Augmente l&rsquo;efficacit\u00e9 du stockage et aide \u00e0 optimiser la strat\u00e9gie de vente avec des informations bas\u00e9es sur les donn\u00e9es.<\/li>\n<\/ul>\n","protected":false},"excerpt":{"rendered":"<p>L&rsquo;outil de rapport avanc\u00e9 WooCommerce est la solution ultime pour les propri\u00e9taires de magasins en ligne. Ce plugin WooCommerce polyvalent vous donne un acc\u00e8s sans effort aux rapports de commerce \u00e9lectronique, permettant une compr\u00e9hension d\u00e9taill\u00e9e des performances de votre boutique en ligne gr\u00e2ce \u00e0 des m\u00e9triques WooCommerce compl\u00e8tes.<\/p>\n<p>L&rsquo;outil vous fournit le luxe de l&rsquo;analyse des donn\u00e9es de vente transparente, vous permettant de examiner les performances de votre magasin en temps r\u00e9el. En outre, il est \u00e9galement \u00e9quip\u00e9 du suivi du comportement des clients WooCommerce, facilitant une \u00e9valuation des performances des produits astuciels.<\/p>\n<p>Les rapports d\u00e9taill\u00e9s de WooCommerce, coupl\u00e9s \u00e0 la capacit\u00e9 de l&rsquo;outil, permettent la prise de d\u00e9cision \u00e9clair\u00e9e avec WooCommerce, ouvre le chemin de l&rsquo;optimisation des magasins virtuels. Il permet aux utilisateurs de prendre des d\u00e9cisions astucieuses qui peuvent amplifier de mani\u00e8re d\u00e9cisive les performances de leur magasin, qu&rsquo;il s&rsquo;agisse d&rsquo;augmenter les ventes de WooCommerce, d&rsquo;am\u00e9liorer la satisfaction des clients \u00e0 l&rsquo;\u00e9gard de WooCommerce, ou d&rsquo;optimiser strat\u00e9giquement leur approche marketing.<\/p>\n<p>La fonctionnalit\u00e9 in\u00e9gal\u00e9e du rapport WooCommerce ne s&rsquo;arr\u00eate pas l\u00e0. Il aide \u00e9galement \u00e0 l&rsquo;optimisation strat\u00e9gique du marketing WooCommerce, ce qui en fait une solution WooCommerce globale pour les propri\u00e9taires de magasins en ligne.<\/p>\n<p>Donc, si vous \u00eates d\u00e9termin\u00e9 \u00e0<\/p>\n","protected":false},"featured_media":143067,"comment_status":"open","ping_status":"open","template":"","meta":[],"product_brand":[2435],"product_cat":[1183,1182,1181],"product_tag":[1231],"class_list":{"0":"post-121188","1":"product","2":"type-product","3":"status-publish","4":"has-post-thumbnail","6":"product_brand-codecanyon","7":"product_cat-administration","8":"product_cat-commerce-electronique-plugins","9":"product_cat-plugins","10":"product_tag-codecanyon","11":"member-discount","12":"discount-restricted","14":"first","15":"instock","16":"sale","17":"downloadable","18":"virtual","19":"sold-individually","20":"purchasable","21":"product-type-simple"},"_links":{"self":[{"href":"https:\/\/gpl-love.com\/fr\/wp-json\/wp\/v2\/product\/121188","targetHints":{"allow":["GET"]}}],"collection":[{"href":"https:\/\/gpl-love.com\/fr\/wp-json\/wp\/v2\/product"}],"about":[{"href":"https:\/\/gpl-love.com\/fr\/wp-json\/wp\/v2\/types\/product"}],"replies":[{"embeddable":true,"href":"https:\/\/gpl-love.com\/fr\/wp-json\/wp\/v2\/comments?post=121188"}],"wp:featuredmedia":[{"embeddable":true,"href":"https:\/\/gpl-love.com\/fr\/wp-json\/wp\/v2\/media\/143067"}],"wp:attachment":[{"href":"https:\/\/gpl-love.com\/fr\/wp-json\/wp\/v2\/media?parent=121188"}],"wp:term":[{"taxonomy":"product_brand","embeddable":true,"href":"https:\/\/gpl-love.com\/fr\/wp-json\/wp\/v2\/product_brand?post=121188"},{"taxonomy":"product_cat","embeddable":true,"href":"https:\/\/gpl-love.com\/fr\/wp-json\/wp\/v2\/product_cat?post=121188"},{"taxonomy":"product_tag","embeddable":true,"href":"https:\/\/gpl-love.com\/fr\/wp-json\/wp\/v2\/product_tag?post=121188"}],"curies":[{"name":"wp","href":"https:\/\/api.w.org\/{rel}","templated":true}]}}