{"id":121186,"date":"2026-03-18T00:00:00","date_gmt":"2026-03-17T23:00:00","guid":{"rendered":"https:\/\/gpl-love.com\/fr\/produit\/etsy-integration-pour-woocommerce\/"},"modified":"2026-03-20T23:04:37","modified_gmt":"2026-03-20T22:04:37","slug":"etsy-integration-pour-woocommerce","status":"publish","type":"product","link":"https:\/\/gpl-love.com\/fr\/produit\/etsy-integration-pour-woocommerce\/","title":{"rendered":"Etsy Integration pour WooCommerce 3.7.6"},"content":{"rendered":"<h3>Etsy Integration pour WooCommerce Traits<\/h3>\n<p>L&rsquo;int\u00e9gration Etsy pour WooCommerce est un outil incroyablement robuste qui poss\u00e8de une connexion transparente entre votre boutique WooCommerce et le march\u00e9 en ligne largement reconnu, Etsy. Gr\u00e2ce \u00e0 l&rsquo;utilisation de cette int\u00e9gration, la synchronisation de vos produits, commandes et inventaires sur les deux plateformes devient un jeu d&rsquo;enfant, att\u00e9nuant le fardeau de l&rsquo;investissement excessif de temps et d&rsquo;efforts. De plus, cette int\u00e9gration vous offre la possibilit\u00e9 de g\u00e9n\u00e9rer sans effort des listes uniques sur Etsy en tirant parti de vos produits WooCommerce, tout en g\u00e9rant efficacement vos ventes Etsy aux c\u00f4t\u00e9s de vos ventes de WooCommerce \u00e0 partir d&rsquo;un tableau de bord singulier et complet. Que vous ayez une expertise chevronn\u00e9e dans le domaine de la vente Etsy ou que vous vous lancez simplement dans votre parcours entrepreneurial, l&rsquo;int\u00e9gration Etsy pour WooCommerce garantit l&rsquo;optimisation de votre flux de travail tout en propulsant simultan\u00e9ment l&rsquo;expansion de votre entreprise.<\/p>\n<ul>\n<li>Connectez de mani\u00e8re transparente votre boutique Etsy avec votre site Web WooCommerce<\/li>\n<li>Synchroniser l&rsquo;inventaire et les niveaux de stock entre Etsy et WooCommerce<\/li>\n<li>Importez automatiquement des produits Etsy dans WooCommerce pour une gestion facile<\/li>\n<li>Carte les cat\u00e9gories Etsy aux cat\u00e9gories WooCommerce pour une organisation coh\u00e9rente<\/li>\n<li>D\u00e9finissez des options de prix et d&rsquo;exp\u00e9dition uniques pour les produits Etsy dans WooCommerce<\/li>\n<li>Assumer une visibilit\u00e9 accrue et des opportunit\u00e9s de vente avec une promotion crois\u00e9e entre les plateformes<\/li>\n<li>Suivre et g\u00e9rer facilement les commandes sur les deux plates-formes avec la synchronisation des commandes<\/li>\n<li>G\u00e9rer sans effort les variations de produits et les options de liste entre Etsy et WooCommerce<\/li>\n<\/ul>\n","protected":false},"excerpt":{"rendered":"<p>En utilisant l&rsquo;int\u00e9gration Etsy pour WooCommerce, vous aurez la capacit\u00e9 d&rsquo;\u00e9tablir sans effort une connexion transparente entre votre magasin WooCommerce et votre boutique Etsy. Cette connexion vous accordera l&rsquo;occasion remarquable d&rsquo;\u00e9tendre la port\u00e9e de votre entreprise et de commercialiser vos produits \u00e0 un public consid\u00e9rablement plus large. Avec la mise en \u0153uvre de cette int\u00e9gration, vous pourrez synchroniser sans effort vos listes de produits, vos informations d&rsquo;inventaire, les d\u00e9tails de la commande et l&rsquo;exp\u00e9dition des donn\u00e9es entre vos comptes Etsy et WooCommerce. De plus, cette int\u00e9gration s&rsquo;accompagne d&rsquo;un large \u00e9ventail de fonctionnalit\u00e9s avanc\u00e9es, y compris la possibilit\u00e9 de classer vos produits, d&rsquo;\u00e9tablir des r\u00e8gles de prix et de surveiller vos performances de vente. Que vous vous embarquiez dans les premi\u00e8res \u00e9tapes de votre parcours entrepreneurial ou que vous vous efforcez d&rsquo;\u00e9lever votre entreprise \u00e0 des sommets sans pr\u00e9c\u00e9dent, l&rsquo;int\u00e9gration Etsy pour WooCommerce est la solution ultime qui rationalisera vos processus op\u00e9rationnels et favorisera la croissance de vos ventes.<\/p>\n","protected":false},"featured_media":143785,"comment_status":"open","ping_status":"open","template":"","meta":[],"product_brand":[2440],"product_cat":[1182,1223,1181],"product_tag":[1398],"class_list":{"0":"post-121186","1":"product","2":"type-product","3":"status-publish","4":"has-post-thumbnail","6":"product_brand-woocommerce","7":"product_cat-commerce-electronique-plugins","8":"product_cat-personnalisation-commerce-electronique-plugins","9":"product_cat-plugins","10":"product_tag-woocommerce","11":"member-discount","12":"discount-restricted","14":"first","15":"instock","16":"sale","17":"downloadable","18":"virtual","19":"sold-individually","20":"purchasable","21":"product-type-simple"},"_links":{"self":[{"href":"https:\/\/gpl-love.com\/fr\/wp-json\/wp\/v2\/product\/121186","targetHints":{"allow":["GET"]}}],"collection":[{"href":"https:\/\/gpl-love.com\/fr\/wp-json\/wp\/v2\/product"}],"about":[{"href":"https:\/\/gpl-love.com\/fr\/wp-json\/wp\/v2\/types\/product"}],"replies":[{"embeddable":true,"href":"https:\/\/gpl-love.com\/fr\/wp-json\/wp\/v2\/comments?post=121186"}],"wp:featuredmedia":[{"embeddable":true,"href":"https:\/\/gpl-love.com\/fr\/wp-json\/wp\/v2\/media\/143785"}],"wp:attachment":[{"href":"https:\/\/gpl-love.com\/fr\/wp-json\/wp\/v2\/media?parent=121186"}],"wp:term":[{"taxonomy":"product_brand","embeddable":true,"href":"https:\/\/gpl-love.com\/fr\/wp-json\/wp\/v2\/product_brand?post=121186"},{"taxonomy":"product_cat","embeddable":true,"href":"https:\/\/gpl-love.com\/fr\/wp-json\/wp\/v2\/product_cat?post=121186"},{"taxonomy":"product_tag","embeddable":true,"href":"https:\/\/gpl-love.com\/fr\/wp-json\/wp\/v2\/product_tag?post=121186"}],"curies":[{"name":"wp","href":"https:\/\/api.w.org\/{rel}","templated":true}]}}