{"id":121164,"date":"2022-02-06T00:00:00","date_gmt":"2022-02-05T23:00:00","guid":{"rendered":"https:\/\/gpl-love.com\/fr\/produit\/mythemeshop-magazine-wordpress-theme\/"},"modified":"2026-04-10T18:32:58","modified_gmt":"2026-04-10T16:32:58","slug":"mythemeshop-magazine-wordpress-theme","status":"publish","type":"product","link":"https:\/\/gpl-love.com\/fr\/produit\/mythemeshop-magazine-wordpress-theme\/","title":{"rendered":"MyThemeShop Magazine WordPress Theme 1.2.9"},"content":{"rendered":"<h3>MyThemeShop Magazine WordPress Theme Traits<\/h3>\n<p>Le th\u00e8me du magazine WordPress de MyTheMeshop est un th\u00e8me incroyablement puissant et adaptable qui est absolument id\u00e9al pour la cr\u00e9ation de sites Web qui captivent et d\u00e9bordant de contenu pr\u00e9cieux. B\u00e9n\u00e9ficiant d&rsquo;un design contemporain et poli, ce th\u00e8me pr\u00e9sente aux utilisateurs une interface compl\u00e8tement conviviale qui est un jeu d&rsquo;enfant \u00e0 naviguer et \u00e0 adapter \u00e0 leurs pr\u00e9f\u00e9rences. De plus, ce th\u00e8me est \u00e9quip\u00e9 d&rsquo;une gamme de fonctionnalit\u00e9s extr\u00eamement b\u00e9n\u00e9fiques, englobant plusieurs dispositions de page d&rsquo;accueil, des widgets personnalisables et un outil de g\u00e9n\u00e9rateur de pages incroyablement robuste qui vous permet de forger et de mouler sans effort vos sp\u00e9cifications exactes. De plus, ce th\u00e8me est enti\u00e8rement r\u00e9actif, garantissant que votre site Web semblera visuellement \u00e9tonnant et tr\u00e8s fonctionnel sur tous les appareils. Exploitant la puissance de ses capacit\u00e9s de r\u00e9f\u00e9rencement avanc\u00e9es et de son code m\u00e9ticuleusement optimis\u00e9, le th\u00e8me du magazine MytheMeshop appara\u00eet comme un choix exceptionnel pour les personnes cherchant \u00e0 \u00e9tablir une pr\u00e9sence en ligne \u00e0 la fois tr\u00e8s professionnelle et exceptionnellement tr\u00e8s performante.<\/p>\n<ul>\n<li>Magazine moderne et professionnel<\/li>\n<li>Conception enti\u00e8rement r\u00e9active qui fonctionne sur tous les appareils<\/li>\n<li>Options pour personnaliser et styliser des pages pour s&rsquo;adapter \u00e0 votre marque<\/li>\n<li>Optimisation d&rsquo;annonces int\u00e9gr\u00e9e pour maximiser les revenus<\/li>\n<li>Int\u00e9gration des m\u00e9dias sociaux pour le partage et l&rsquo;engagement faciles<\/li>\n<li>Plusieurs dispositions de page d&rsquo;accueil au choix<\/li>\n<li>Design convivial pour le r\u00e9f\u00e9rencement pour aider votre contenu \u00e0 classer plus haut<\/li>\n<li>Vitesse de chargement rapide pour une meilleure exp\u00e9rience utilisateur<\/li>\n<li>Interface facile \u00e0 naviguer et conviviale<\/li>\n<li>Mises \u00e0 jour r\u00e9guli\u00e8res et soutien de l&rsquo;\u00e9quipe MyTheMeshop.<\/li>\n<\/ul>\n","protected":false},"excerpt":{"rendered":"<p>Le th\u00e8me WordPress du magazine MyTheShop, un th\u00e8me remarquablement robuste et sophistiqu\u00e9, a \u00e9t\u00e9 m\u00e9ticuleusement con\u00e7u pour r\u00e9pondre sp\u00e9cifiquement aux besoins des magazines en ligne, des portails d&rsquo;information et des sites Web grouillant de contenu. B\u00e9n\u00e9ficiant d&rsquo;une conception \u00e9l\u00e9gante et de pointe, ce th\u00e8me pr\u00e9sente une gamme d&rsquo;options de personnalisation avanc\u00e9es, ainsi qu&rsquo;un assortiment de plugins et de widgets pr\u00e9install\u00e9s. De plus, il s&rsquo;int\u00e8gre de mani\u00e8re transparente aux plateformes de m\u00e9dias sociaux populaires, confonde les utilisateurs des choix de mise en page flexibles, optimise les performances de la vitesse de la page et assure une conception r\u00e9active qui rend parfaitement sur n&rsquo;importe quel appareil. Que vous soyez un blogueur, un journaliste ou un \u00e9diteur cherchant \u00e0 amplifier votre pr\u00e9sence en ligne, le th\u00e8me WordPress du magazine MytheMeshop sert de choix par excellence pour construire un site Web visuellement frappant et captivant qui se distingue sans effort des masses.<\/p>\n","protected":false},"featured_media":144670,"comment_status":"open","ping_status":"open","template":"","meta":[],"product_brand":[2601],"product_cat":[1220,1212,1213],"product_tag":[1309],"class_list":{"0":"post-121164","1":"product","2":"type-product","3":"status-publish","4":"has-post-thumbnail","6":"product_brand-my-theme-shop","7":"product_cat-blog-magazine","8":"product_cat-themes","9":"product_cat-wordpress-themes","10":"product_tag-my-theme-shop","11":"member-discount","12":"discount-restricted","14":"first","15":"instock","16":"sale","17":"downloadable","18":"virtual","19":"sold-individually","20":"purchasable","21":"product-type-simple"},"_links":{"self":[{"href":"https:\/\/gpl-love.com\/fr\/wp-json\/wp\/v2\/product\/121164","targetHints":{"allow":["GET"]}}],"collection":[{"href":"https:\/\/gpl-love.com\/fr\/wp-json\/wp\/v2\/product"}],"about":[{"href":"https:\/\/gpl-love.com\/fr\/wp-json\/wp\/v2\/types\/product"}],"replies":[{"embeddable":true,"href":"https:\/\/gpl-love.com\/fr\/wp-json\/wp\/v2\/comments?post=121164"}],"wp:featuredmedia":[{"embeddable":true,"href":"https:\/\/gpl-love.com\/fr\/wp-json\/wp\/v2\/media\/144670"}],"wp:attachment":[{"href":"https:\/\/gpl-love.com\/fr\/wp-json\/wp\/v2\/media?parent=121164"}],"wp:term":[{"taxonomy":"product_brand","embeddable":true,"href":"https:\/\/gpl-love.com\/fr\/wp-json\/wp\/v2\/product_brand?post=121164"},{"taxonomy":"product_cat","embeddable":true,"href":"https:\/\/gpl-love.com\/fr\/wp-json\/wp\/v2\/product_cat?post=121164"},{"taxonomy":"product_tag","embeddable":true,"href":"https:\/\/gpl-love.com\/fr\/wp-json\/wp\/v2\/product_tag?post=121164"}],"curies":[{"name":"wp","href":"https:\/\/api.w.org\/{rel}","templated":true}]}}