{"id":121151,"date":"2022-02-02T00:00:00","date_gmt":"2022-02-01T23:00:00","guid":{"rendered":"https:\/\/gpl-love.com\/fr\/produit\/woocommerce-new-zealand-post\/"},"modified":"2026-04-10T18:47:30","modified_gmt":"2026-04-10T16:47:30","slug":"woocommerce-new-zealand-post","status":"publish","type":"product","link":"https:\/\/gpl-love.com\/fr\/produit\/woocommerce-new-zealand-post\/","title":{"rendered":"WooCommerce New Zealand Post 3.1"},"content":{"rendered":"<h3>WooCommerce New Zealand Post Traits<\/h3>\n<p>WooCommerce New Zealand Post est une solution d&rsquo;exp\u00e9dition qui a acquis une r\u00e9putation pour son efficacit\u00e9 et sa fiabilit\u00e9 exceptionnelles. Cette solution s&rsquo;int\u00e8gre parfaitement \u00e0 WooCommerce, une plate-forme de commerce \u00e9lectronique populaire, permettant aux entreprises bas\u00e9es en Nouvelle-Z\u00e9lande pour g\u00e9rer sans effort leurs exigences d&rsquo;exp\u00e9dition. La gamme de fonctionnalit\u00e9s propos\u00e9es par WooCommerce New Zealand Post permet aux entreprises de rationaliser efficacement leurs processus d&rsquo;exp\u00e9dition. Ces fonctionnalit\u00e9s comprennent la fourniture de services de suivi en temps r\u00e9el, les notifications de livraison et le calcul automatique des tarifs d&rsquo;exp\u00e9dition en fonction de facteurs tels que le poids et la destination. En tirant parti de ce plugin, les entreprises peuvent g\u00e9rer facilement leurs commandes et livraisons, minimisant ainsi la survenue d&rsquo;erreurs et de retards. De plus, l&rsquo;int\u00e9gration avec les entreprises de la Nouvelle-Z\u00e9lande accorde aux entreprises d&rsquo;acc\u00e9der \u00e0 une s\u00e9lection diversifi\u00e9e d&rsquo;options d&rsquo;exp\u00e9dition, ce qui leur permet de fournir des choix d&rsquo;exp\u00e9dition flexibles qui r\u00e9pondent aux besoins uniques de leurs clients. Par cons\u00e9quent, il est \u00e9vident que WooCommerce New Zealand Post appara\u00eet comme un outil indispensable pour toute entreprise n\u00e9o-z\u00e9landaise s&rsquo;effor\u00e7ant d&rsquo;optimiser ses op\u00e9rations d&rsquo;exp\u00e9dition et d&rsquo;am\u00e9liorer l&rsquo;exp\u00e9rience client globale.<\/p>\n<ul>\n<li>Int\u00e9gration facile avec la plate-forme de commerce \u00e9lectronique WooCommerce<\/li>\n<li>Connexion transparente avec les services d&rsquo;exp\u00e9dition en Nouvelle-Z\u00e9lande Post<\/li>\n<li>Capacit\u00e9 \u00e0 calculer et \u00e0 afficher des tarifs d&rsquo;exp\u00e9dition pr\u00e9cis en fonction du poids et de la destination du produit<\/li>\n<li>Fonctionnalit\u00e9 de suivi et de trace pour le propri\u00e9taire du magasin et le client<\/li>\n<li>\u00c9tiquettes d&rsquo;exp\u00e9dition personnalisables avec marque et logo<\/li>\n<li>Option pour offrir un service de clic et de collecte pour les clients<\/li>\n<li>R\u00e9duire le temps et les efforts dans le traitement et l&rsquo;exp\u00e9dition des commandes manuelles<\/li>\n<li>Am\u00e9liorer l&rsquo;exp\u00e9rience client avec des informations et des options d&rsquo;exp\u00e9dition en temps r\u00e9el<\/li>\n<li>R\u00e9duire les erreurs et les retards dans l&rsquo;exp\u00e9dition en automatisant le processus<\/li>\n<li>Passer \u00e0 des services premium tels que la signature sur la livraison et l&rsquo;assurance<\/li>\n<li>Compatible avec divers services de poste n\u00e9o-z\u00e9landais, y compris l&rsquo;exp\u00e9dition standard et express<\/li>\n<li>Support d\u00e9di\u00e9 et mises \u00e0 jour fr\u00e9quentes pour les fonctionnalit\u00e9s optimales.<\/li>\n<\/ul>\n","protected":false},"excerpt":{"rendered":"<p>Le plugin WooCommerce New Zealand Post est un outil exceptionnellement robuste et tr\u00e8s efficace qui int\u00e8gre de mani\u00e8re transparente votre boutique en ligne estim\u00e9e aux services d&rsquo;exp\u00e9dition exceptionnels de New Zealand Post. En tirant parti de la puissance de ce plugin, vous pouvez fournir sans effort \u00e0 vos clients estim\u00e9s une vaste gamme d&rsquo;options d&rsquo;exp\u00e9dition, englobant les go\u00fbts de la publication standard, du poste express et m\u00eame de la livraison internationale. De plus, ce plugin ph\u00e9nom\u00e9nal s&rsquo;occupe de l&rsquo;ensemble du processus de calcul des taux d&rsquo;exp\u00e9dition avec la plus grande pr\u00e9cision, compte tenu d&rsquo;une myriade de facteurs pivots tels que le poids du colis, la destination qu&rsquo;il doit atteindre et la vitesse de livraison pr\u00e9f\u00e9r\u00e9e choisie par vos clients estim\u00e9s. Par cons\u00e9quent, cette fonctionnalit\u00e9 extraordinaire vous permet de fournir des taux d&rsquo;exp\u00e9dition pr\u00e9cis, \u00e9liminant ainsi compl\u00e8tement toute possibilit\u00e9 de surcharge ou de sous-charge de vos pr\u00e9cieux clients. En outre, le plugin offre un avantage in\u00e9gal\u00e9 en g\u00e9n\u00e9rant sans effort des \u00e9tiquettes d&rsquo;exp\u00e9dition et des num\u00e9ros de suivi, qui rationalise consid\u00e9rablement votre processus de r\u00e9alisation de la commande tout en inculquant simultan\u00e9ment un sentiment de tranquillit\u00e9 et de r\u00e9confort au sein de vos clients estim\u00e9s. Essentiellement, si votre objectif ultime est d&rsquo;offrir un assortiment d&rsquo;exp\u00e9dition sans d\u00e9cha\u00eenement et remarquablement rentable d&rsquo;options d&rsquo;exp\u00e9dition \u00e0 votre client\u00e8le estim\u00e9e situ\u00e9e dans les domaines de la Nouvelle-Z\u00e9lande, il devient sans \u00e9quivoque comme indubitablement clair que le plugin WooCommerce Nouvelle-Z\u00e9lande se dresse indubitablement clairement que le plugin WooCommerce Nouvelle-Z\u00e9lande se tient comme un plugin WooCommerce La Nouvelle-Z\u00e9lande est sans \u00e9quivoque car il est indubitablement clair que le plugin WooCommerce Nouvelle-Z\u00e9lande se tient comme un plugin WooCommerce La Nouvelle-Z\u00e9lande comme un plugin de post-Z\u00e9land Un outil ind\u00e9niable et indispensable qui doit \u00eatre int\u00e9gr\u00e9 de mani\u00e8re transparente dans le tissu m\u00eame de votre boutique en ligne estim\u00e9e.<\/p>\n","protected":false},"featured_media":145935,"comment_status":"open","ping_status":"open","template":"","meta":[],"product_brand":[2440],"product_cat":[1182,1223,1181],"product_tag":[1398],"class_list":{"0":"post-121151","1":"product","2":"type-product","3":"status-publish","4":"has-post-thumbnail","6":"product_brand-woocommerce","7":"product_cat-commerce-electronique-plugins","8":"product_cat-personnalisation-commerce-electronique-plugins","9":"product_cat-plugins","10":"product_tag-woocommerce","11":"member-discount","12":"discount-restricted","14":"first","15":"instock","16":"sale","17":"downloadable","18":"virtual","19":"sold-individually","20":"purchasable","21":"product-type-simple"},"_links":{"self":[{"href":"https:\/\/gpl-love.com\/fr\/wp-json\/wp\/v2\/product\/121151","targetHints":{"allow":["GET"]}}],"collection":[{"href":"https:\/\/gpl-love.com\/fr\/wp-json\/wp\/v2\/product"}],"about":[{"href":"https:\/\/gpl-love.com\/fr\/wp-json\/wp\/v2\/types\/product"}],"replies":[{"embeddable":true,"href":"https:\/\/gpl-love.com\/fr\/wp-json\/wp\/v2\/comments?post=121151"}],"wp:featuredmedia":[{"embeddable":true,"href":"https:\/\/gpl-love.com\/fr\/wp-json\/wp\/v2\/media\/145935"}],"wp:attachment":[{"href":"https:\/\/gpl-love.com\/fr\/wp-json\/wp\/v2\/media?parent=121151"}],"wp:term":[{"taxonomy":"product_brand","embeddable":true,"href":"https:\/\/gpl-love.com\/fr\/wp-json\/wp\/v2\/product_brand?post=121151"},{"taxonomy":"product_cat","embeddable":true,"href":"https:\/\/gpl-love.com\/fr\/wp-json\/wp\/v2\/product_cat?post=121151"},{"taxonomy":"product_tag","embeddable":true,"href":"https:\/\/gpl-love.com\/fr\/wp-json\/wp\/v2\/product_tag?post=121151"}],"curies":[{"name":"wp","href":"https:\/\/api.w.org\/{rel}","templated":true}]}}