{"id":121133,"date":"2026-04-18T00:00:00","date_gmt":"2026-04-17T22:00:00","guid":{"rendered":"https:\/\/gpl-love.com\/fr\/produit\/woocommerce-payment-gateway-based-fees\/"},"modified":"2026-04-19T00:31:14","modified_gmt":"2026-04-18T22:31:14","slug":"woocommerce-payment-gateway-based-fees","status":"publish","type":"product","link":"https:\/\/gpl-love.com\/fr\/produit\/woocommerce-payment-gateway-based-fees\/","title":{"rendered":"WooCommerce Payment Gateway Based Fees 5.2.2"},"content":{"rendered":"<h3>WooCommerce Payment Gateway Based Fees Traits<\/h3>\n<p>Le plugin de frais bas\u00e9 sur la passerelle de paiement WooCommerce sert un objectif pr\u00e9cieux en permettant aux entreprises d&rsquo;imposer facilement les frais aux clients en fonction de la passerelle de paiement qu&rsquo;ils utilisent. Avec la mise en \u0153uvre de ce plugin, on gagne la capacit\u00e9 d&rsquo;\u00e9tablir des frais distincts pour chaque passerelle de paiement, favorisant ainsi une proc\u00e9dure de paiement caract\u00e9ris\u00e9e par une efficacit\u00e9 et une douceur am\u00e9lior\u00e9es. Ce plugin particulier s&rsquo;av\u00e8re tr\u00e8s avantageux pour les entreprises qui souhaitent inciter les clients \u00e0 des passerelles de paiement sp\u00e9cifiques, ou celles n\u00e9cessitant la r\u00e9cup\u00e9ration des frais associ\u00e9s \u00e0 des passerelles particuli\u00e8res. Le processus d&rsquo;installation et d&rsquo;utilisation du plugin de frais bas\u00e9 sur la passerelle de paiement WooCommerce est remarquablement simple, offrant aux entreprises la flexibilit\u00e9 souhait\u00e9e pour concevoir un processus de paiement sur mesure qui r\u00e9pond aux exigences uniques de leur client\u00e8le.<\/p>\n<ul>\n<li>Permet aux commer\u00e7ants de facturer aux clients des frais suppl\u00e9mentaires pour l&rsquo;utilisation de certaines passerelles de paiement<\/li>\n<li>Fonctionne de mani\u00e8re transparente avec la plate-forme WooCommerce<\/li>\n<li>Prend en charge toutes les principales passerelles de paiement, y compris PayPal, Stripe et Square<\/li>\n<li>Offre aux commer\u00e7ants de la flexibilit\u00e9 de fixer des frais en fonction des passerelles de paiement individuelles<\/li>\n<li>Facile \u00e0 installer et \u00e0 configurer avec des instructions \u00e9tape par \u00e9tape<\/li>\n<li>Aide les commer\u00e7ants \u00e0 optimiser leurs sources de revenus en percevant des frais suppl\u00e9mentaires<\/li>\n<li>Fournit une transparence aux clients car ils sont inform\u00e9s des frais \u00e0 l&rsquo;avance<\/li>\n<li>R\u00e9duit le fardeau des frais de passerelle de paiement sur les commer\u00e7ants en leur permettant de facturer aux clients en cons\u00e9quence<\/li>\n<li>Offre une interface conviviale pour les commer\u00e7ants pour g\u00e9rer les frais de passerelle de paiement<\/li>\n<li>Permet aux commer\u00e7ants d&rsquo;offrir des r\u00e9ductions aux clients qui choisissent des passerelles de paiement avec des frais inf\u00e9rieurs.<\/li>\n<\/ul>\n","protected":false},"excerpt":{"rendered":"<p>Les frais bas\u00e9s sur la passerelle de paiement WooCommerce, un plugin extr\u00eamement sp\u00e9cialis\u00e9, fournissent aux propri\u00e9taires de la boutique en ligne ayant la capacit\u00e9 d&rsquo;instituer des frais subordonn\u00e9s \u00e0 la passerelle de paiement s\u00e9lectionn\u00e9e par leurs clients estim\u00e9s. En embrassant cette fonctionnalit\u00e9 remarquable, on peut sans effort configurer des d\u00e9penses suppl\u00e9mentaires ou des marquages \u200b\u200bpour des m\u00e9thodologies de paiement distinctes, englobant des cartes PayPal, Stripe ou m\u00eame de cr\u00e9dit. Ce plugin s&rsquo;av\u00e8re indispensable aux entreprises qui aspirent \u00e0 une commande plus m\u00e9ticuleuse sur leurs gains et d\u00e9penses financi\u00e8res, tout en offrant une exp\u00e9rience client am\u00e9lior\u00e9e. B\u00e9n\u00e9ficiant d&rsquo;installation et de personnalisation sans effort, les frais bas\u00e9s sur la passerelle de paiement WooCommerce apparaissent sans aucun doute comme un outil imp\u00e9ratif pour tout site Web de commerce \u00e9lectronique.<\/p>\n","protected":false},"featured_media":145954,"comment_status":"open","ping_status":"open","template":"","meta":[],"product_brand":[2440],"product_cat":[1182,1223,1181],"product_tag":[1398],"class_list":{"0":"post-121133","1":"product","2":"type-product","3":"status-publish","4":"has-post-thumbnail","6":"product_brand-woocommerce","7":"product_cat-commerce-electronique-plugins","8":"product_cat-personnalisation-commerce-electronique-plugins","9":"product_cat-plugins","10":"product_tag-woocommerce","11":"member-discount","12":"discount-restricted","14":"first","15":"instock","16":"sale","17":"downloadable","18":"virtual","19":"sold-individually","20":"purchasable","21":"product-type-simple"},"_links":{"self":[{"href":"https:\/\/gpl-love.com\/fr\/wp-json\/wp\/v2\/product\/121133","targetHints":{"allow":["GET"]}}],"collection":[{"href":"https:\/\/gpl-love.com\/fr\/wp-json\/wp\/v2\/product"}],"about":[{"href":"https:\/\/gpl-love.com\/fr\/wp-json\/wp\/v2\/types\/product"}],"replies":[{"embeddable":true,"href":"https:\/\/gpl-love.com\/fr\/wp-json\/wp\/v2\/comments?post=121133"}],"wp:featuredmedia":[{"embeddable":true,"href":"https:\/\/gpl-love.com\/fr\/wp-json\/wp\/v2\/media\/145954"}],"wp:attachment":[{"href":"https:\/\/gpl-love.com\/fr\/wp-json\/wp\/v2\/media?parent=121133"}],"wp:term":[{"taxonomy":"product_brand","embeddable":true,"href":"https:\/\/gpl-love.com\/fr\/wp-json\/wp\/v2\/product_brand?post=121133"},{"taxonomy":"product_cat","embeddable":true,"href":"https:\/\/gpl-love.com\/fr\/wp-json\/wp\/v2\/product_cat?post=121133"},{"taxonomy":"product_tag","embeddable":true,"href":"https:\/\/gpl-love.com\/fr\/wp-json\/wp\/v2\/product_tag?post=121133"}],"curies":[{"name":"wp","href":"https:\/\/api.w.org\/{rel}","templated":true}]}}