{"id":121087,"date":"2026-01-28T00:00:00","date_gmt":"2026-01-27T23:00:00","guid":{"rendered":"https:\/\/gpl-love.com\/fr\/produit\/readabler-wordpress-accessibility-plugin\/"},"modified":"2026-04-10T18:37:47","modified_gmt":"2026-04-10T16:37:47","slug":"readabler-wordpress-accessibility-plugin","status":"publish","type":"product","link":"https:\/\/gpl-love.com\/fr\/produit\/readabler-wordpress-accessibility-plugin\/","title":{"rendered":"Readabler Accessibility Plugin 2.0.15"},"content":{"rendered":"<h3>Readabler Accessibility Plugin Traits<\/h3>\n<p>Le plugin d&rsquo;accessibilit\u00e9 \u00e0 la LEALABER, un outil m\u00e9ticuleusement con\u00e7u pour renforcer l&rsquo;accessibilit\u00e9 du contenu num\u00e9rique, sert de technologie d&rsquo;assistance, offrant une gamme de fonctionnalit\u00e9s remarquables, notamment des fonctionnalit\u00e9s de texte-dispection, des ajustements de police et des options de contraste des couleurs, avec l&rsquo;objectif unique de Garantir que les sites Web sont facilement accessibles aux personnes ayant des capacit\u00e9s diverses. De plus, ce plugin s&rsquo;harmonise de mani\u00e8re transparente avec une multitude d&rsquo;appareils et de plates-formes, \u00e9largissant ainsi son accessibilit\u00e9 \u00e0 un \u00e9ventail plus large d&rsquo;utilisateurs. En incorporant les capacit\u00e9s in\u00e9gal\u00e9es du plugin d&rsquo;accessibilit\u00e9 \u00e0 la LEALABER, les sites Web peuvent transcender les limites de l&rsquo;inclusivit\u00e9 et devenir vraiment accessibles \u00e0 chaque individu, ind\u00e9pendamment de leurs capacit\u00e9s uniques.<\/p>\n<ul>\n<li>Fournit une exp\u00e9rience de lecture optimis\u00e9e aux utilisateurs ayant des d\u00e9ficiences visuelles<\/li>\n<li>Compatible avec les principaux lecteurs d&rsquo;\u00e9cran et les outils d&rsquo;accessibilit\u00e9<\/li>\n<li>Styles et tailles de police personnalisables pour am\u00e9liorer la lisibilit\u00e9<\/li>\n<li>Param\u00e8tres de couleur et de contraste r\u00e9glables pour r\u00e9duire la tension oculaire<\/li>\n<li>Navigation Hot-heckeys et raccourcis pour une navigation plus rapide<\/li>\n<li>Capacit\u00e9s de d\u00e9tection automatique du langage et de traduction<\/li>\n<li>Mises \u00e0 jour gratuites et support pour l&rsquo;am\u00e9lioration continue<\/li>\n<li>Installation et int\u00e9gration faciles avec les sites Web existants<\/li>\n<li>Aide les organisations \u00e0 se conformer aux directives d&rsquo;accessibilit\u00e9 Web<\/li>\n<li>Am\u00e9liore la satisfaction et la fid\u00e9lit\u00e9 des utilisateurs en favorisant l&rsquo;inclusivit\u00e9 et la diversit\u00e9.<\/li>\n<\/ul>\n","protected":false},"excerpt":{"rendered":"<p>Le plugin d&rsquo;accessibilit\u00e9 \u00e0 la LEALABER, un outil extr\u00eamement puissant, a \u00e9t\u00e9 m\u00e9ticuleusement con\u00e7u avec l&rsquo;intention d&rsquo;am\u00e9liorer l&rsquo;accessibilit\u00e9 des sites Web pour les utilisateurs de tous les horizons. Gr\u00e2ce \u00e0 un \u00e9ventail de fonctionnalit\u00e9s remarquables, y compris, mais sans s&rsquo;y limiter, les capacit\u00e9s de texte vocale, l&rsquo;ajustement de la taille des polices et les param\u00e8tres de contraste des couleurs, ce plugin poss\u00e8de la capacit\u00e9 d&rsquo;\u00e9lever l&rsquo;exp\u00e9rience de lecture pour les individus g\u00ean\u00e9s par des troubles visuels ou des troubles d&rsquo;apprentissage. Remarquablement simple \u00e0 installer, ce plugin peut \u00eatre adapt\u00e9 aux exigences uniques de votre public distinct, ce qui le rend un atout indispensable pour tout site Web s&rsquo;effor\u00e7ant de hi\u00e9rarchiser et de d\u00e9fendre l&rsquo;accessibilit\u00e9.<\/p>\n","protected":false},"featured_media":145083,"comment_status":"open","ping_status":"open","template":"","meta":[],"product_brand":[2435],"product_cat":[1189,1181,1186],"product_tag":[1231],"class_list":{"0":"post-121087","1":"product","2":"type-product","3":"status-publish","4":"has-post-thumbnail","6":"product_brand-codecanyon","7":"product_cat-personnalisation","8":"product_cat-plugins","9":"product_cat-wordpress-plugins","10":"product_tag-codecanyon","11":"member-discount","12":"discount-restricted","14":"first","15":"instock","16":"sale","17":"downloadable","18":"virtual","19":"sold-individually","20":"purchasable","21":"product-type-simple"},"_links":{"self":[{"href":"https:\/\/gpl-love.com\/fr\/wp-json\/wp\/v2\/product\/121087","targetHints":{"allow":["GET"]}}],"collection":[{"href":"https:\/\/gpl-love.com\/fr\/wp-json\/wp\/v2\/product"}],"about":[{"href":"https:\/\/gpl-love.com\/fr\/wp-json\/wp\/v2\/types\/product"}],"replies":[{"embeddable":true,"href":"https:\/\/gpl-love.com\/fr\/wp-json\/wp\/v2\/comments?post=121087"}],"wp:featuredmedia":[{"embeddable":true,"href":"https:\/\/gpl-love.com\/fr\/wp-json\/wp\/v2\/media\/145083"}],"wp:attachment":[{"href":"https:\/\/gpl-love.com\/fr\/wp-json\/wp\/v2\/media?parent=121087"}],"wp:term":[{"taxonomy":"product_brand","embeddable":true,"href":"https:\/\/gpl-love.com\/fr\/wp-json\/wp\/v2\/product_brand?post=121087"},{"taxonomy":"product_cat","embeddable":true,"href":"https:\/\/gpl-love.com\/fr\/wp-json\/wp\/v2\/product_cat?post=121087"},{"taxonomy":"product_tag","embeddable":true,"href":"https:\/\/gpl-love.com\/fr\/wp-json\/wp\/v2\/product_tag?post=121087"}],"curies":[{"name":"wp","href":"https:\/\/api.w.org\/{rel}","templated":true}]}}