{"id":121061,"date":"2025-10-13T00:00:00","date_gmt":"2025-10-12T22:00:00","guid":{"rendered":"https:\/\/gpl-love.com\/fr\/produit\/reformer-multichannel-contact-form-pour-elementor\/"},"modified":"2026-03-20T23:33:30","modified_gmt":"2026-03-20T22:33:30","slug":"reformer-multichannel-contact-form-pour-elementor","status":"publish","type":"product","link":"https:\/\/gpl-love.com\/fr\/produit\/reformer-multichannel-contact-form-pour-elementor\/","title":{"rendered":"ReFormer Multichannel Contact Form pour Elementor 1.0.6"},"content":{"rendered":"<h3>ReFormer Multichannel Contact Form pour Elementor Traits<\/h3>\n<p>Le plugin de formulaire de contact multicanal reformateur, sp\u00e9cialement con\u00e7u pour Elementor, est un outil incroyablement robuste qui permet aux propri\u00e9taires de sites de capturer non seulement un nombre consid\u00e9rablement plus \u00e9lev\u00e9 de prospects mais aussi d&rsquo;am\u00e9liorer les conversions via plusieurs canaux. En tirant parti des capacit\u00e9s de ce plugin, vous pouvez concevoir sans effort des formulaires de contact complexes qui offrent aux visiteurs la possibilit\u00e9 de vous contacter par e-mail, t\u00e9l\u00e9phone, SMS et m\u00eame diverses plateformes de messagerie sur les r\u00e9seaux sociaux. De plus, avec les fonctionnalit\u00e9s sophistiqu\u00e9es de la validation et de personnalisation de Reformer, vous avez la possibilit\u00e9 d&rsquo;adapter ces formes pr\u00e9cis\u00e9ment \u00e0 vos exigences uniques. Peu importe que votre entreprise fonctionne \u00e0 petite \u00e9chelle ou dans un grand cadre d&rsquo;entreprise, l&rsquo;int\u00e9gration de r\u00e9formateur dans votre processus de contact rationalisera sans aucun doute les op\u00e9rations et augmentera consid\u00e9rablement l&rsquo;engagement des clients. Ne perdez pas de temps et saisissez l&rsquo;opportunit\u00e9 d&rsquo;installer ce plugin r\u00e9volutionnaire aujourd&rsquo;hui, propulsant votre site Web \u00e0 des hauteurs sans pr\u00e9c\u00e9dent.<\/p>\n<ul>\n<li>Permet la cr\u00e9ation de formulaires de contact personnalisables \u00e0 l&rsquo;aide du constructeur de page Elementor<\/li>\n<li>Prend en charge plusieurs canaux de contact, y compris le courrier \u00e9lectronique, le t\u00e9l\u00e9phone et les m\u00e9dias sociaux<\/li>\n<li>Fournit une interface conviviale pour la cr\u00e9ation et la gestion des formulaires<\/li>\n<li>Permet une int\u00e9gration facile avec les services de notification et de marketing par e-mail<\/li>\n<li>Offre une vari\u00e9t\u00e9 d&rsquo;options de champ de formulaire, y compris des menus de texte, des menus d\u00e9roulants et des fichiers<\/li>\n<li>Prend en charge la logique conditionnelle des champs de formulaire, offrant une exp\u00e9rience utilisateur personnalis\u00e9e<\/li>\n<li>Fournit une conception r\u00e9active pour une visualisation optimale sur toutes les tailles et appareils d&rsquo;\u00e9cran<\/li>\n<li>Offre des options de personnalisation et de style avanc\u00e9es, y compris les sch\u00e9mas de couleurs et la typographie<\/li>\n<li>Fournit une documentation d\u00e9taill\u00e9e et une prise en charge pour une installation et une utilisation faciles<\/li>\n<li>Am\u00e9liore l&rsquo;engagement global des utilisateurs et permet aux clients de contacter plus facilement les entreprises.<\/li>\n<\/ul>\n","protected":false},"excerpt":{"rendered":"<p>Le formulaire de contact multicanal r\u00e9formateur pour Elementor appara\u00eet comme un outil puissant et efficace m\u00e9ticuleusement con\u00e7u pour les personnes qui poss\u00e8dent des sites Web et n\u00e9cessitent un moyen pratique et simple de fabriquer des formulaires de contact qui peuvent \u00eatre adapt\u00e9s \u00e0 leurs pr\u00e9f\u00e9rences. En utilisant ce plugin remarquable, les propri\u00e9taires de sites Web sont autoris\u00e9s \u00e0 modeler des formes de contact de qualit\u00e9 exceptionnelle qui recueillent efficacement des informations vitales des clients, le tout d&rsquo;une mani\u00e8re \u00e0 la fois simple et sans effort. De plus, le formulaire de contact multicanal r\u00e9formateur pour Elementor offre une prise en charge approfondie pour une multitude de champs d&rsquo;entr\u00e9e, englobant, mais sans s&rsquo;y limiter, le texte, les e-mails et les num\u00e9ros de t\u00e9l\u00e9phone, ainsi que la possibilit\u00e9 de recevoir des intrants de visiteurs sur divers canaux. Une telle fonctionnalit\u00e9 compl\u00e8te repr\u00e9sente une solution globale qui facilite consid\u00e9rablement la communication entre les clients et votre entreprise estim\u00e9e. En outre, le formulaire lui-m\u00eame peut \u00eatre enti\u00e8rement personnalis\u00e9, gr\u00e2ce \u00e0 l&rsquo;inclusion de widgets de glisser-d\u00e9poser, qui s&rsquo;int\u00e8grent de mani\u00e8re transparente \u00e0 votre site Web, permettant ainsi une polyvalence in\u00e9gal\u00e9e. N&rsquo;h\u00e9sitez plus et acquiert le formulaire de contact multicanal r\u00e9formateur pour Elementor sans d\u00e9lai, catapultant ainsi vos efforts de communication client \u00e0 des hauteurs in\u00e9gal\u00e9es!<\/p>\n","protected":false},"featured_media":145098,"comment_status":"open","ping_status":"open","template":"","meta":[],"product_brand":[2435],"product_cat":[1189,1181,1186],"product_tag":[1231],"class_list":{"0":"post-121061","1":"product","2":"type-product","3":"status-publish","4":"has-post-thumbnail","6":"product_brand-codecanyon","7":"product_cat-personnalisation","8":"product_cat-plugins","9":"product_cat-wordpress-plugins","10":"product_tag-codecanyon","11":"member-discount","12":"discount-restricted","14":"first","15":"instock","16":"sale","17":"downloadable","18":"virtual","19":"sold-individually","20":"purchasable","21":"product-type-simple"},"_links":{"self":[{"href":"https:\/\/gpl-love.com\/fr\/wp-json\/wp\/v2\/product\/121061","targetHints":{"allow":["GET"]}}],"collection":[{"href":"https:\/\/gpl-love.com\/fr\/wp-json\/wp\/v2\/product"}],"about":[{"href":"https:\/\/gpl-love.com\/fr\/wp-json\/wp\/v2\/types\/product"}],"replies":[{"embeddable":true,"href":"https:\/\/gpl-love.com\/fr\/wp-json\/wp\/v2\/comments?post=121061"}],"wp:featuredmedia":[{"embeddable":true,"href":"https:\/\/gpl-love.com\/fr\/wp-json\/wp\/v2\/media\/145098"}],"wp:attachment":[{"href":"https:\/\/gpl-love.com\/fr\/wp-json\/wp\/v2\/media?parent=121061"}],"wp:term":[{"taxonomy":"product_brand","embeddable":true,"href":"https:\/\/gpl-love.com\/fr\/wp-json\/wp\/v2\/product_brand?post=121061"},{"taxonomy":"product_cat","embeddable":true,"href":"https:\/\/gpl-love.com\/fr\/wp-json\/wp\/v2\/product_cat?post=121061"},{"taxonomy":"product_tag","embeddable":true,"href":"https:\/\/gpl-love.com\/fr\/wp-json\/wp\/v2\/product_tag?post=121061"}],"curies":[{"name":"wp","href":"https:\/\/api.w.org\/{rel}","templated":true}]}}