{"id":121059,"date":"2025-06-03T00:00:00","date_gmt":"2025-06-02T22:00:00","guid":{"rendered":"https:\/\/gpl-love.com\/fr\/produit\/critique-magazine-newspaper-et-review-theme\/"},"modified":"2026-03-20T22:59:21","modified_gmt":"2026-03-20T21:59:21","slug":"critique-magazine-newspaper-et-review-theme","status":"publish","type":"product","link":"https:\/\/gpl-love.com\/fr\/produit\/critique-magazine-newspaper-et-review-theme\/","title":{"rendered":"Critique Magazine Newspaper et Review Theme 1.2.0"},"content":{"rendered":"<h3>Critique Magazine Newspaper et Review Theme Traits<\/h3>\n<p>Si vous \u00eates quelqu&rsquo;un qui souhaite se lancer dans le voyage de d\u00e9marrage de votre propre site Web de magazine ou de r\u00e9vision, le journal du magazine Critique et le th\u00e8me de la r\u00e9vision devraient certainement \u00eatre sur votre radar. Ce produit propose une solution compl\u00e8te et globale qui ne r\u00e9pond pas \u00e0 tous vos besoins. \u00c9quip\u00e9 d&rsquo;une gamme de fonctionnalit\u00e9s, ce th\u00e8me vous permet de cr\u00e9er une plate-forme non seulement visuellement magnifique, mais aussi tr\u00e8s engageante. Sa conception enti\u00e8rement r\u00e9active garantit que votre site Web aura l&rsquo;air impeccable et fonctionnera parfaitement sur tous les appareils. De plus, les dispositions personnalisables vous donnent la libert\u00e9 d&rsquo;adapter votre plate-forme pour s&rsquo;adapter \u00e0 votre style sp\u00e9cifique et aux pr\u00e9f\u00e9rences esth\u00e9tiques. L&rsquo;inclusion de puissants outils de recherche et de filtrage am\u00e9liore encore l&rsquo;exp\u00e9rience utilisateur, permettant aux visiteurs de naviguer facilement et de trouver le contenu qu&rsquo;ils recherchent. La gestion de votre plateforme est un jeu d&rsquo;enfant gr\u00e2ce \u00e0 l&rsquo;interface intuitive fournie par le journal du magazine Critique et le th\u00e8me de la r\u00e9vision. Vous pouvez publier sans effort des articles, des critiques et d&rsquo;autres contenus convaincants, tout en gardant une trace des abonnements, des publicit\u00e9s et des profils d&rsquo;utilisateurs. Ce th\u00e8me offre vraiment la solution ultime pour ceux qui visent \u00e0 cr\u00e9er une publication qui d\u00e9gage le professionnalisme et la sophistication. En optant pour le journal du magazine Critique et le th\u00e8me de la r\u00e9vision, vous \u00eates assur\u00e9 de capter l&rsquo;attention des lecteurs et des annonceurs, ce qui en fait un investissement vraiment valable.<\/p>\n<ul>\n<li>Design moderne et \u00e9l\u00e9gant pour un look professionnel<\/li>\n<li>Disposition enti\u00e8rement r\u00e9active et adapt\u00e9e aux mobiles pour une navigation facile sur n&rsquo;importe quel appareil<\/li>\n<li>Page d&rsquo;accueil personnalisable avec widgets glisser-d\u00e9poser pour une configuration facile et personnalis\u00e9e<\/li>\n<li>Plusieurs dispositions de publication pour s&rsquo;adapter \u00e0 une vari\u00e9t\u00e9 de types de contenu, y compris des articles, des critiques et des interviews<\/li>\n<li>Prise en charge int\u00e9gr\u00e9e pour les boutons de partage social pour aider les articles \u00e0 se propager sur les plateformes de m\u00e9dias sociaux<\/li>\n<li>Syst\u00e8me de notation convivial pour encourager l&rsquo;engagement et les commentaires des utilisateurs<\/li>\n<li>Int\u00e9gration facile avec les r\u00e9seaux publicitaires pour les opportunit\u00e9s de mon\u00e9tisation<\/li>\n<li>Documentation compl\u00e8te et support client pour un d\u00e9pannage rapide et facile<\/li>\n<li>Mises \u00e0 jour r\u00e9guli\u00e8res et corrections de bogues pour assurer des performances optimales.<\/li>\n<li>Un syst\u00e8me d&rsquo;examen et de notation pour permettre aux utilisateurs d&rsquo;\u00e9valuer et de donner leurs opinions sur les livres et autres produits.<\/li>\n<\/ul>\n","protected":false},"excerpt":{"rendered":"<p>D\u00e9couvrez notre journal du magazine Critique et le th\u00e8me de la r\u00e9vision! Ce produit propose une plate-forme polyvalente pour tous vos besoins de publication. Avec sa conception \u00e9l\u00e9gante et son interface conviviale, vous pouvez cr\u00e9er un environnement engageant pour vos lecteurs, que vous publiez un magazine, un journal ou un site de r\u00e9vision. Ce th\u00e8me propose une gamme d&rsquo;options personnalisables, vous permettant de rendre votre site vraiment unique. Il est \u00e9galement con\u00e7u pour \u00eatre r\u00e9actif, garantissant que votre contenu est magnifique sur n&rsquo;importe quel appareil. Avec notre journal du magazine Critique et le th\u00e8me de la r\u00e9vision, vous aurez les outils dont vous avez besoin pour captiver votre public et les faire revenir pour en savoir plus.<\/p>\n","protected":false},"featured_media":143441,"comment_status":"open","ping_status":"open","template":"","meta":[],"product_brand":[2433],"product_cat":[1220,1212,1213],"product_tag":[1366],"class_list":{"0":"post-121059","1":"product","2":"type-product","3":"status-publish","4":"has-post-thumbnail","6":"product_brand-themeforest","7":"product_cat-blog-magazine","8":"product_cat-themes","9":"product_cat-wordpress-themes","10":"product_tag-themeforest","11":"member-discount","12":"discount-restricted","14":"first","15":"instock","16":"sale","17":"downloadable","18":"virtual","19":"sold-individually","20":"purchasable","21":"product-type-simple"},"_links":{"self":[{"href":"https:\/\/gpl-love.com\/fr\/wp-json\/wp\/v2\/product\/121059","targetHints":{"allow":["GET"]}}],"collection":[{"href":"https:\/\/gpl-love.com\/fr\/wp-json\/wp\/v2\/product"}],"about":[{"href":"https:\/\/gpl-love.com\/fr\/wp-json\/wp\/v2\/types\/product"}],"replies":[{"embeddable":true,"href":"https:\/\/gpl-love.com\/fr\/wp-json\/wp\/v2\/comments?post=121059"}],"wp:featuredmedia":[{"embeddable":true,"href":"https:\/\/gpl-love.com\/fr\/wp-json\/wp\/v2\/media\/143441"}],"wp:attachment":[{"href":"https:\/\/gpl-love.com\/fr\/wp-json\/wp\/v2\/media?parent=121059"}],"wp:term":[{"taxonomy":"product_brand","embeddable":true,"href":"https:\/\/gpl-love.com\/fr\/wp-json\/wp\/v2\/product_brand?post=121059"},{"taxonomy":"product_cat","embeddable":true,"href":"https:\/\/gpl-love.com\/fr\/wp-json\/wp\/v2\/product_cat?post=121059"},{"taxonomy":"product_tag","embeddable":true,"href":"https:\/\/gpl-love.com\/fr\/wp-json\/wp\/v2\/product_tag?post=121059"}],"curies":[{"name":"wp","href":"https:\/\/api.w.org\/{rel}","templated":true}]}}