{"id":121053,"date":"2025-11-26T00:00:00","date_gmt":"2025-11-25T23:00:00","guid":{"rendered":"https:\/\/gpl-love.com\/fr\/produit\/streamtube-video-wordpress-theme\/"},"modified":"2026-03-20T23:37:15","modified_gmt":"2026-03-20T22:37:15","slug":"streamtube-video-wordpress-theme","status":"publish","type":"product","link":"https:\/\/gpl-love.com\/fr\/produit\/streamtube-video-wordpress-theme\/","title":{"rendered":"StreamTube Video WordPress Theme 4.15"},"content":{"rendered":"<h3>StreamTube Video WordPress Theme Traits<\/h3>\n<p>Le th\u00e8me WordPress vid\u00e9o StreamTube a \u00e9t\u00e9 m\u00e9ticuleusement con\u00e7u pour r\u00e9pondre aux besoins des blogueurs vid\u00e9o et des cr\u00e9ateurs de contenu, offrant une vaste gamme d&rsquo;options de personnalisation. Son design \u00e9l\u00e9gant et contemporain impr\u00e8gne votre site Web avec une esth\u00e9tique professionnelle, \u00e9levant son apparence g\u00e9n\u00e9rale. De plus, ce th\u00e8me est pleinement r\u00e9actif, garantissant que votre contenu captivant reste visuellement \u00e9tonnant et facilement accessible sur tous les appareils. Notamment, le th\u00e8me WordPress vid\u00e9o StreamTube est dot\u00e9 d&rsquo;une pl\u00e9thore de fonctionnalit\u00e9s formidables, y compris un lecteur vid\u00e9o avanc\u00e9, une galerie vid\u00e9o immersive et une pl\u00e9thore de widgets personnalisables. De plus, le th\u00e8me offre \u00e9galement une myriade d&rsquo;options de mon\u00e9tisation, telles que l&rsquo;espace publicitaire strat\u00e9giquement plac\u00e9 et les abonnements \u00e0 l&rsquo;adh\u00e9sion lucratifs. Que vous soyez un novice en herbe ou un professionnel chevronn\u00e9 dans le domaine des blogs, le th\u00e8me WordPress vid\u00e9o StreamTube est la plate-forme par excellence pour pr\u00e9senter efficacement votre contenu vid\u00e9o attrayant et \u00e9largir votre public en constante augmentation.<\/p>\n<ul>\n<li>Design moderne et \u00e9l\u00e9gant, parfait pour pr\u00e9senter du contenu vid\u00e9o<\/li>\n<li>Pleinement r\u00e9actif et adapt\u00e9 aux mobiles, assurant une exp\u00e9rience de visualisation optimale sur tous les appareils<\/li>\n<li>Int\u00e9gration transparente avec des plateformes d&rsquo;h\u00e9bergement vid\u00e9o populaires telles que YouTube et Vimeo<\/li>\n<li>Options de personnalisation vid\u00e9o avanc\u00e9es, y compris les param\u00e8tres de la lecture automatique, de la boucle et de la muette<\/li>\n<li>Lecteur vid\u00e9o int\u00e9gr\u00e9 avec support pour la lecture 4K et HD compl\u00e8te<\/li>\n<li>Facile \u00e0 utiliser Drag and Drop Page Builder pour cr\u00e9er des dispositions et des conceptions personnalis\u00e9es<\/li>\n<li>Contenu de d\u00e9monstration inclus pour une configuration rapide et facile<\/li>\n<li>Optimis\u00e9 pour les vitesses de chargement rapide et les performances de SEO<\/li>\n<li>Documentation compl\u00e8te et excellent support client.<\/li>\n<\/ul>\n","protected":false},"excerpt":{"rendered":"<p>Le th\u00e8me WordPress vid\u00e9o StreamTube s&rsquo;adresse aux personnes qui cherchent \u00e0 lancer un site Web avec un accent principal sur le contenu vid\u00e9o. Avec son design \u00e9l\u00e9gant et moderne, ce th\u00e8me offre aux visiteurs une exp\u00e9rience de streaming multim\u00e9dia sans couture. De plus, StreamTube offre un niveau \u00e9lev\u00e9 de personnalisation, garantissant que les utilisateurs peuvent adapter leur site Web \u00e0 leurs besoins sp\u00e9cifiques. Non seulement il donne la priorit\u00e9 \u00e0 la navigation rapide, mais il optimise \u00e9galement le classement des moteurs de recherche, ce qui en fait un choix id\u00e9al pour ceux qui cherchent \u00e0 am\u00e9liorer leur pr\u00e9sence en ligne. Que vous soyez un cr\u00e9ateur de contenu vid\u00e9o, un streamer, un blogueur ou simplement un individu visant \u00e0 captiver vos abonn\u00e9s avec du contenu visuellement engageant, StreamTube est la solution sans tracas que vous avez recherch\u00e9e.<\/p>\n","protected":false},"featured_media":145342,"comment_status":"open","ping_status":"open","template":"","meta":[],"product_brand":[2433],"product_cat":[1242,1212,1213],"product_tag":[1366],"class_list":{"0":"post-121053","1":"product","2":"type-product","3":"status-publish","4":"has-post-thumbnail","6":"product_brand-themeforest","7":"product_cat-creatif","8":"product_cat-themes","9":"product_cat-wordpress-themes","10":"product_tag-themeforest","11":"member-discount","12":"discount-restricted","14":"first","15":"instock","16":"sale","17":"downloadable","18":"virtual","19":"sold-individually","20":"purchasable","21":"product-type-simple"},"_links":{"self":[{"href":"https:\/\/gpl-love.com\/fr\/wp-json\/wp\/v2\/product\/121053","targetHints":{"allow":["GET"]}}],"collection":[{"href":"https:\/\/gpl-love.com\/fr\/wp-json\/wp\/v2\/product"}],"about":[{"href":"https:\/\/gpl-love.com\/fr\/wp-json\/wp\/v2\/types\/product"}],"replies":[{"embeddable":true,"href":"https:\/\/gpl-love.com\/fr\/wp-json\/wp\/v2\/comments?post=121053"}],"wp:featuredmedia":[{"embeddable":true,"href":"https:\/\/gpl-love.com\/fr\/wp-json\/wp\/v2\/media\/145342"}],"wp:attachment":[{"href":"https:\/\/gpl-love.com\/fr\/wp-json\/wp\/v2\/media?parent=121053"}],"wp:term":[{"taxonomy":"product_brand","embeddable":true,"href":"https:\/\/gpl-love.com\/fr\/wp-json\/wp\/v2\/product_brand?post=121053"},{"taxonomy":"product_cat","embeddable":true,"href":"https:\/\/gpl-love.com\/fr\/wp-json\/wp\/v2\/product_cat?post=121053"},{"taxonomy":"product_tag","embeddable":true,"href":"https:\/\/gpl-love.com\/fr\/wp-json\/wp\/v2\/product_tag?post=121053"}],"curies":[{"name":"wp","href":"https:\/\/api.w.org\/{rel}","templated":true}]}}