{"id":121051,"date":"2026-05-01T00:00:00","date_gmt":"2026-04-30T22:00:00","guid":{"rendered":"https:\/\/gpl-love.com\/fr\/produit\/publishpress-series-pro\/"},"modified":"2026-05-01T12:30:55","modified_gmt":"2026-05-01T10:30:55","slug":"publishpress-series-pro","status":"publish","type":"product","link":"https:\/\/gpl-love.com\/fr\/produit\/publishpress-series-pro\/","title":{"rendered":"PublishPress Series Pro 3.1.2"},"content":{"rendered":"<h3>PublishPress Series Pro Traits<\/h3>\n<p>PublishPress Series Pro est un plugin WordPress extr\u00eamement robuste et influent qui a \u00e9t\u00e9 m\u00e9ticuleusement con\u00e7u pour rationaliser et acc\u00e9l\u00e9rer le processus laborieux de gestion efficace des s\u00e9ries de contenu sur votre site Web estim\u00e9. Ce plugin exceptionnel vous offre la capacit\u00e9 in\u00e9gal\u00e9e de cr\u00e9er et d&rsquo;organiser m\u00e9ticuleusement une s\u00e9rie de publications captivantes et informatives, am\u00e9liorant ainsi la navigabilit\u00e9 transparente et favorisant un engagement in\u00e9branlable avec votre site Web captivant. Remarquablement, \u00e0 l&rsquo;aide de PublishPress Series Pro, vous \u00eates dot\u00e9 du privil\u00e8ge enviable de personnaliser de mani\u00e8re experte la mise en page, le design et le style de vos pages de s\u00e9rie m\u00e9ticuleusement con\u00e7ues, tout en planifiant ing\u00e9nieusement des articles avec la plus grande pr\u00e9cision et pr\u00e9cision \u00e0 publier dans une sp\u00e9cification exquis ordre chronologique. De plus, ce plugin impressionnant vous fournit des outils d&rsquo;analyse et de suivi avant-gardis de votre strat\u00e9gie de contenu globale. Dans l&rsquo;ensemble, la s\u00e9rie PublishPress est incontestablement \u00e9merge comme un outil indispensable et inestimable qui r\u00e9volutionnera sans aucun doute et catapultera l&rsquo;organisation globale, la navigation et, finalement, l&rsquo;engagement in\u00e9gal\u00e9 du contenu inestimable de votre site Web illustre.<\/p>\n<ul>\n<li>Plugin de gestion du workflow de publication et \u00e9ditoriale puissante pour WordPress.<\/li>\n<li>Comprend un calendrier \u00e9ditorial personnalisable et des outils de gestion des t\u00e2ches.<\/li>\n<li>Maintient le contr\u00f4le de la version et la collaboration sur les changements de contenu.<\/li>\n<li>Permet la gestion des r\u00f4les des utilisateurs et les autorisations pour une s\u00e9curit\u00e9 accrue.<\/li>\n<li>S&rsquo;int\u00e8gre aux e-mails populaires et aux plateformes de m\u00e9dias sociaux pour une promotion rationalis\u00e9e.<\/li>\n<li>Offre des analyses d\u00e9taill\u00e9es et des rapports pour le suivi des performances du contenu.<\/li>\n<li>Compatible avec les plugins de g\u00e9n\u00e9ration de page populaires pour une cr\u00e9ation de contenu facile.<\/li>\n<li>Comprend le support prioritaire et les mises \u00e0 jour pour l&rsquo;optimisation continue.<\/li>\n<\/ul>\n","protected":false},"excerpt":{"rendered":"<p>Le PublishPress Series Pro Plugin for WordPress propose un ensemble robuste de fonctionnalit\u00e9s qui facilitent la cr\u00e9ation et la gestion sans effort de la s\u00e9rie de contenu sur votre site Web. Ce plugin vous permet d&rsquo;organiser efficacement vos messages en s\u00e9ries coh\u00e9sives, de les augmenter avec des images et des descriptions de s\u00e9rie personnalis\u00e9es, et de les pr\u00e9senter dans un format visuellement attrayant et captivant. Que vous soyez un blogueur passionn\u00e9, un marketing astucieux ou un \u00e9diteur d\u00e9di\u00e9, le plugin PublishPress Series Pro est un atout indispensable pour fabriquer et promouvoir votre s\u00e9rie de contenu exceptionnelle.<\/p>\n","protected":false},"featured_media":145050,"comment_status":"open","ping_status":"open","template":"","meta":[],"product_brand":[2637],"product_cat":[1189,1181,1186],"product_tag":[2188],"class_list":{"0":"post-121051","1":"product","2":"type-product","3":"status-publish","4":"has-post-thumbnail","6":"product_brand-publishpress","7":"product_cat-personnalisation","8":"product_cat-plugins","9":"product_cat-wordpress-plugins","10":"product_tag-publishpress","11":"member-discount","12":"discount-restricted","14":"first","15":"instock","16":"sale","17":"downloadable","18":"virtual","19":"sold-individually","20":"purchasable","21":"product-type-simple"},"_links":{"self":[{"href":"https:\/\/gpl-love.com\/fr\/wp-json\/wp\/v2\/product\/121051","targetHints":{"allow":["GET"]}}],"collection":[{"href":"https:\/\/gpl-love.com\/fr\/wp-json\/wp\/v2\/product"}],"about":[{"href":"https:\/\/gpl-love.com\/fr\/wp-json\/wp\/v2\/types\/product"}],"replies":[{"embeddable":true,"href":"https:\/\/gpl-love.com\/fr\/wp-json\/wp\/v2\/comments?post=121051"}],"wp:featuredmedia":[{"embeddable":true,"href":"https:\/\/gpl-love.com\/fr\/wp-json\/wp\/v2\/media\/145050"}],"wp:attachment":[{"href":"https:\/\/gpl-love.com\/fr\/wp-json\/wp\/v2\/media?parent=121051"}],"wp:term":[{"taxonomy":"product_brand","embeddable":true,"href":"https:\/\/gpl-love.com\/fr\/wp-json\/wp\/v2\/product_brand?post=121051"},{"taxonomy":"product_cat","embeddable":true,"href":"https:\/\/gpl-love.com\/fr\/wp-json\/wp\/v2\/product_cat?post=121051"},{"taxonomy":"product_tag","embeddable":true,"href":"https:\/\/gpl-love.com\/fr\/wp-json\/wp\/v2\/product_tag?post=121051"}],"curies":[{"name":"wp","href":"https:\/\/api.w.org\/{rel}","templated":true}]}}