{"id":121049,"date":"2022-05-25T00:00:00","date_gmt":"2022-05-24T22:00:00","guid":{"rendered":"https:\/\/gpl-love.com\/fr\/produit\/fundbux-charity-et-fundraise-wordpress-theme\/"},"modified":"2026-03-20T23:06:48","modified_gmt":"2026-03-20T22:06:48","slug":"fundbux-charity-et-fundraise-wordpress-theme","status":"publish","type":"product","link":"https:\/\/gpl-love.com\/fr\/produit\/fundbux-charity-et-fundraise-wordpress-theme\/","title":{"rendered":"Fundbux Charity et Fundraise WordPress Theme 1.5.1"},"content":{"rendered":"<h3>Fundbux Charity et Fundraise WordPress Theme Traits<\/h3>\n<p>Le th\u00e8me de FundBux Charity and Fundaise WordPress est un th\u00e8me hautement adaptable et convivial qui a \u00e9t\u00e9 sp\u00e9cifiquement con\u00e7u pour les organisations, des organismes de bienfaisance et des collectes de fonds \u00e0 but non lucratif. Ce th\u00e8me fournit une interface remarquablement intuitive et navigable sans effort qui facilite efficacement la cr\u00e9ation d&rsquo;un site Web professionnel en quelques minutes. La vaste gamme d&rsquo;options de personnalisation disponibles permet aux utilisateurs d&rsquo;adapter l&rsquo;apparence et l&rsquo;ambiance de leur site Web \u00e0 s&rsquo;aligner impeccablement avec leur identit\u00e9 de marque unique ou leur cause noble. De plus, le th\u00e8me poss\u00e8de une conception r\u00e9active, garantissant ainsi que le site Web pr\u00e9sente un attrait esth\u00e9tique exceptionnel sur tous les appareils. En outre, Fundbux englobe un assortiment de pages pr\u00e9d\u00e9finies, englobant \u00e0 propos de nous, le don, les causes, les \u00e9v\u00e9nements et les contacter, qui peuvent \u00eatre ajust\u00e9s de mani\u00e8re transparente et adapt\u00e9s pour r\u00e9pondre \u00e0 des exigences sp\u00e9cifiques. Essentiellement, le th\u00e8me de la charit\u00e9 et du collecte de fonds de FundBux est un choix exceptionnel et optimal pour les organisations \u00e0 but non lucratif aspirant \u00e0 \u00e9tablir une pr\u00e9sence en ligne r\u00e9solue et captivante.<\/p>\n<ul>\n<li>Th\u00e8me WordPress r\u00e9actif et personnalisable con\u00e7u pour les sites Web de charit\u00e9 et de collecte de fonds<\/li>\n<li>Plusieurs dispositions de page d&rsquo;accueil pr\u00e9-construites au choix, y compris des options pour les campagnes de financement participatif et les collectes de fonds pour les \u00e9v\u00e9nements<\/li>\n<li>Syst\u00e8me de don int\u00e9gr\u00e9 avec des options pour les dons PayPal, Stripe et hors ligne<\/li>\n<li>Builder de pages faciles \u00e0 utiliser avec fonctionnalit\u00e9 de glisser-d\u00e9poser pour cr\u00e9er des pages et des dispositions personnalis\u00e9es<\/li>\n<li>Calendrier des \u00e9v\u00e9nements int\u00e9gr\u00e9s pour promouvoir les \u00e9v\u00e9nements de collecte de fonds et afficher des dates importantes<\/li>\n<li>Int\u00e9gration des m\u00e9dias sociaux pour vous aider \u00e0 promouvoir votre cause et \u00e0 augmenter la visibilit\u00e9<\/li>\n<li>Compatible avec les plugins WordPress populaires tels que WooCommerce et Contact Form 7<\/li>\n<li>Optimis\u00e9 pour l&rsquo;optimisation des moteurs de recherche (SEO) pour am\u00e9liorer la visibilit\u00e9 des moteurs de recherche et g\u00e9n\u00e9rer plus de trafic vers votre site<\/li>\n<li>Mises \u00e0 jour gratuites et support gratuits des d\u00e9veloppeurs de th\u00e8me<\/li>\n<li>Documentation compl\u00e8te et didacticiels vid\u00e9o pour vous aider \u00e0 d\u00e9marrer et \u00e0 personnaliser votre site.<\/li>\n<\/ul>\n","protected":false},"excerpt":{"rendered":"<p>Le th\u00e8me WordPress Fundbux Charity and Fundraise est un th\u00e8me extr\u00eamement robuste et personnalisable, con\u00e7u sp\u00e9cifiquement pour r\u00e9pondre aux besoins des organisations \u00e0 but non lucratif, des initiatives de collecte de fonds et des \u00e9v\u00e9nements caritatifs. Dot\u00e9 d&rsquo;un design \u00e9pur\u00e9 et r\u00e9solument professionnel, ce th\u00e8me vous permet de cr\u00e9er facilement un site web visuellement captivant qui met en valeur la noble cause que vous soutenez. Gr\u00e2ce \u00e0 ses nombreux mod\u00e8les pr\u00e9d\u00e9finis, ses boutons de don facilement accessibles et sa fonction d&rsquo;importation de d\u00e9mo en un clic, le th\u00e8me Fundbux Charity and Fundraise simplifie le processus de configuration, souvent complexe. De plus, ce th\u00e8me a \u00e9t\u00e9 con\u00e7u avec soin pour \u00eatre enti\u00e8rement responsive et optimis\u00e9 pour les moteurs de recherche, garantissant ainsi un site web \u00e0 l&rsquo;esth\u00e9tique irr\u00e9prochable et des performances optimales sur tous les appareils. De plus, le th\u00e8me WordPress Fundbux pour les \u0153uvres caritatives et la collecte de fonds vous offre un large \u00e9ventail d&rsquo;options de personnalisation, notamment des sch\u00e9mas de couleurs, des styles de police, des configurations d&rsquo;en-t\u00eate et de pied de page, ainsi qu&rsquo;une vari\u00e9t\u00e9 de widgets personnalis\u00e9s, vous permettant ainsi de cr\u00e9er sans effort un site web \u00e0 la fois sophistiqu\u00e9 et captivant, incitant vos visiteurs estim\u00e9s \u00e0 faire un don g\u00e9n\u00e9reux et \u00e0 soutenir pleinement votre cause incontestablement louable.<\/p>\n","protected":false},"featured_media":143932,"comment_status":"open","ping_status":"open","template":"","meta":[],"product_brand":[2433],"product_cat":[1242,1212,1213],"product_tag":[1366],"class_list":{"0":"post-121049","1":"product","2":"type-product","3":"status-publish","4":"has-post-thumbnail","6":"product_brand-themeforest","7":"product_cat-creatif","8":"product_cat-themes","9":"product_cat-wordpress-themes","10":"product_tag-themeforest","11":"member-discount","12":"discount-restricted","14":"first","15":"instock","16":"sale","17":"downloadable","18":"virtual","19":"sold-individually","20":"purchasable","21":"product-type-simple"},"_links":{"self":[{"href":"https:\/\/gpl-love.com\/fr\/wp-json\/wp\/v2\/product\/121049","targetHints":{"allow":["GET"]}}],"collection":[{"href":"https:\/\/gpl-love.com\/fr\/wp-json\/wp\/v2\/product"}],"about":[{"href":"https:\/\/gpl-love.com\/fr\/wp-json\/wp\/v2\/types\/product"}],"replies":[{"embeddable":true,"href":"https:\/\/gpl-love.com\/fr\/wp-json\/wp\/v2\/comments?post=121049"}],"wp:featuredmedia":[{"embeddable":true,"href":"https:\/\/gpl-love.com\/fr\/wp-json\/wp\/v2\/media\/143932"}],"wp:attachment":[{"href":"https:\/\/gpl-love.com\/fr\/wp-json\/wp\/v2\/media?parent=121049"}],"wp:term":[{"taxonomy":"product_brand","embeddable":true,"href":"https:\/\/gpl-love.com\/fr\/wp-json\/wp\/v2\/product_brand?post=121049"},{"taxonomy":"product_cat","embeddable":true,"href":"https:\/\/gpl-love.com\/fr\/wp-json\/wp\/v2\/product_cat?post=121049"},{"taxonomy":"product_tag","embeddable":true,"href":"https:\/\/gpl-love.com\/fr\/wp-json\/wp\/v2\/product_tag?post=121049"}],"curies":[{"name":"wp","href":"https:\/\/api.w.org\/{rel}","templated":true}]}}