{"id":121048,"date":"2022-01-24T00:00:00","date_gmt":"2022-01-23T23:00:00","guid":{"rendered":"https:\/\/gpl-love.com\/fr\/produit\/searchwp-woocommerce-product-table-integration\/"},"modified":"2026-04-10T18:39:05","modified_gmt":"2026-04-10T16:39:05","slug":"searchwp-woocommerce-product-table-integration","status":"publish","type":"product","link":"https:\/\/gpl-love.com\/fr\/produit\/searchwp-woocommerce-product-table-integration\/","title":{"rendered":"SearchWP WooCommerce Product Table Integration 1.0.4"},"content":{"rendered":"<h3>SearchWP WooCommerce Product Table Integration Traits<\/h3>\n<p>L&rsquo;int\u00e9gration de la table de produit SearchWP WooCommerce est un outil incroyablement robuste et puissant qui accorde aux utilisateurs la capacit\u00e9 sans effort \u00e0 rechercher et \u00e0 filtrer \u00e0 travers une vaste gamme de tableaux de produits WooCommerce. Cette int\u00e9gration transparente se confonde harmonieusement avec WooCommerce, facilitant ainsi une exp\u00e9rience utilisateur sans effort, tout en accordant simultan\u00e9ment aux utilisateurs une recherche et un filtrage de recherche et filtrage impeccablement rationalis\u00e9s lors de la lecture des produits. Avec ses r\u00e9sultats et ses filtres de recherche hautement personnalisables, les utilisateurs sont autoris\u00e9s \u00e0 localiser rapidement et efficacement les produits exacts qu&rsquo;ils n\u00e9cessitent. Cette int\u00e9gration s&rsquo;av\u00e8re particuli\u00e8rement avantageuse pour les magasins en ligne qui poss\u00e8dent un inventaire \u00e9tendu, ce qui le rend un outil indispensable pour tous les propri\u00e9taires de magasins WooCommerce. Que vous soyez propri\u00e9taire d&rsquo;une modeste petite entreprise ou d&rsquo;un magnat dans l&rsquo;industrie du commerce de d\u00e9tail, soyez assur\u00e9 que la recherche de la table de produits SearchWP WooCommerce peut ind\u00e9niablement augmenter l&rsquo;exp\u00e9rience utilisateur de votre magasin et en fin de compte renforcer les ventes.<\/p>\n<ul>\n<li>Int\u00e8gre la puissante fonctionnalit\u00e9 de recherche de SearchWP avec votre table de produit WooCommerce<\/li>\n<li>Permet aux clients de rechercher rapidement et facilement des produits dans votre table<\/li>\n<li>Affiche vos r\u00e9sultats de recherche dans un format de table clair et concis pour une navigation facile<\/li>\n<li>Les param\u00e8tres de recherche personnalisables vous permettent d&rsquo;affiner l&rsquo;exp\u00e9rience de recherche pour r\u00e9pondre \u00e0 vos besoins<\/li>\n<li>Prend en charge plusieurs filtres de recherche, y compris les attributs et les balises de produit<\/li>\n<li>Fonctionne de mani\u00e8re transparente avec votre th\u00e8me WooCommerce pour offrir une exp\u00e9rience utilisateur transparente<\/li>\n<li>Am\u00e9liore l&rsquo;exp\u00e9rience d&rsquo;achat de vos clients en le rendant plus rapide et plus pratique de trouver ce qu&rsquo;ils recherchent<\/li>\n<li>Compatible avec une large gamme de plugins et d&rsquo;extensions WooCommerce pour des fonctionnalit\u00e9s suppl\u00e9mentaires<\/li>\n<li>Fournit une documentation compl\u00e8te et un soutien pour assurer un processus de configuration et d&rsquo;int\u00e9gration en douceur.<\/li>\n<li>Vous gagnez du temps et des efforts en rationalisant le processus de recherche pour vous et vos clients.<\/li>\n<\/ul>\n","protected":false},"excerpt":{"rendered":"<p>Am\u00e9liorez la fonctionnalit\u00e9 de votre table de produits WooCommerce en int\u00e9grant de mani\u00e8re transparente SearchWP \u00e0 notre int\u00e9gration innovante de la table de produits SearchWP WooCommerce. En tirant parti de cette int\u00e9gration, vous pourrez adapter efficacement la barre de recherche et les r\u00e9sultats de recherche dans votre tableau de produit, am\u00e9liorant ainsi consid\u00e9rablement l&rsquo;exp\u00e9rience d&rsquo;achat globale de vos clients estim\u00e9s. Offrez des adieux aux malheurs des r\u00e9sultats de recherche impr\u00e9cis et lents lorsque vous optimisez les capacit\u00e9s de recherche de votre boutique en ligne \u00e0 l&rsquo;aide de cette formidable int\u00e9gration.<\/p>\n","protected":false},"featured_media":145201,"comment_status":"open","ping_status":"open","template":"","meta":[],"product_brand":[2649],"product_cat":[1182,1223,1181],"product_tag":[1343],"class_list":{"0":"post-121048","1":"product","2":"type-product","3":"status-publish","4":"has-post-thumbnail","6":"product_brand-search-wp","7":"product_cat-commerce-electronique-plugins","8":"product_cat-personnalisation-commerce-electronique-plugins","9":"product_cat-plugins","10":"product_tag-search-wp","11":"member-discount","12":"discount-restricted","14":"first","15":"instock","16":"sale","17":"downloadable","18":"virtual","19":"sold-individually","20":"purchasable","21":"product-type-simple"},"_links":{"self":[{"href":"https:\/\/gpl-love.com\/fr\/wp-json\/wp\/v2\/product\/121048","targetHints":{"allow":["GET"]}}],"collection":[{"href":"https:\/\/gpl-love.com\/fr\/wp-json\/wp\/v2\/product"}],"about":[{"href":"https:\/\/gpl-love.com\/fr\/wp-json\/wp\/v2\/types\/product"}],"replies":[{"embeddable":true,"href":"https:\/\/gpl-love.com\/fr\/wp-json\/wp\/v2\/comments?post=121048"}],"wp:featuredmedia":[{"embeddable":true,"href":"https:\/\/gpl-love.com\/fr\/wp-json\/wp\/v2\/media\/145201"}],"wp:attachment":[{"href":"https:\/\/gpl-love.com\/fr\/wp-json\/wp\/v2\/media?parent=121048"}],"wp:term":[{"taxonomy":"product_brand","embeddable":true,"href":"https:\/\/gpl-love.com\/fr\/wp-json\/wp\/v2\/product_brand?post=121048"},{"taxonomy":"product_cat","embeddable":true,"href":"https:\/\/gpl-love.com\/fr\/wp-json\/wp\/v2\/product_cat?post=121048"},{"taxonomy":"product_tag","embeddable":true,"href":"https:\/\/gpl-love.com\/fr\/wp-json\/wp\/v2\/product_tag?post=121048"}],"curies":[{"name":"wp","href":"https:\/\/api.w.org\/{rel}","templated":true}]}}