{"id":121046,"date":"2025-11-17T00:00:00","date_gmt":"2025-11-16T23:00:00","guid":{"rendered":"https:\/\/gpl-love.com\/fr\/produit\/bookly-discounts\/"},"modified":"2026-03-20T22:56:48","modified_gmt":"2026-03-20T21:56:48","slug":"bookly-discounts","status":"publish","type":"product","link":"https:\/\/gpl-love.com\/fr\/produit\/bookly-discounts\/","title":{"rendered":"Bookly Discounts 2.1"},"content":{"rendered":"<h3>Bookly Discounts Traits<\/h3>\n<p>Bookly Ritules est un outil tr\u00e8s louable qui r\u00e9pond aux besoins des lecteurs ardents qui aspirent \u00e0 \u00e9conomiser leurs achats de livres. Ce logiciel exceptionnel accorde aux utilisateurs un acc\u00e8s sans entrave \u00e0 une vaste gamme de livres consid\u00e9rablement actualis\u00e9s couvrant divers genres, englobant des gens comme la romance, le myst\u00e8re, la science-fiction et un assortiment d&rsquo;autres. En vertu de remises en faveur de Bookly, les utilisateurs sont autoris\u00e9s \u00e0 parcourir rapidement une myriade d&rsquo;\u0153uvres litt\u00e9raires, d\u00e9nicher ainsi des offres extraordinaires sur les graphiques, les gemmes fra\u00eechement publi\u00e9es et les chefs-d&rsquo;\u0153uvre intemporels. En outre, ce logiciel de pointe offre aux utilisateurs la possibilit\u00e9 de forger des listes de lecture personnalis\u00e9es, de surveiller avec diligence leurs progr\u00e8s de lecture et de se procurer des recommandations personnalis\u00e9es fond\u00e9es sur leurs pr\u00e9dilections individuelles. Dans l&rsquo;ensemble, il est tout \u00e0 fait clair que les remises en ligne sont un outil indispensable pour toute intention bibliophique pour \u00e9conomiser leurs prochaines efforts litt\u00e9raires.<\/p>\n<ul>\n<li>Configuration facile des codes de r\u00e9duction pour votre calendrier Bookly<\/li>\n<li>Capacit\u00e9 \u00e0 cr\u00e9er des codes de r\u00e9duction automatiques ou manuels<\/li>\n<li>Option pour d\u00e9finir le pourcentage ou les r\u00e9ductions de montants fixes<\/li>\n<li>Pr\u00e9fixes et suffixes de code de r\u00e9duction personnalisables<\/li>\n<li>Contr\u00f4ler les dates d&rsquo;expiration du code de r\u00e9duction et les limites d&rsquo;utilisation<\/li>\n<li>Possibilit\u00e9 d&rsquo;attribuer des r\u00e9ductions \u00e0 des services sp\u00e9cifiques ou aux membres du personnel<\/li>\n<li>Suivi facile de l&rsquo;utilisation et de l&rsquo;efficacit\u00e9 du code de r\u00e9duction<\/li>\n<li>Am\u00e9lioration de la r\u00e9tention et de l&rsquo;acquisition de la client\u00e8le gr\u00e2ce \u00e0 des promotions cibl\u00e9es<\/li>\n<li>Augmentation des revenus et des b\u00e9n\u00e9fices gr\u00e2ce \u00e0 une r\u00e9duction strat\u00e9gique<\/li>\n<\/ul>\n","protected":false},"excerpt":{"rendered":"<p>D\u00e9couvrez la joie de lire comme jamais auparavant avec des remises bookmorielles! Notre plate-forme fournit une vaste gamme de livres dans tous les genres, des myst\u00e8res passionnants et des romans captivants \u00e0 une non-fiction \u00e9clairante. Avec des r\u00e9ductions \u00e0 Bookly, vous aurez acc\u00e8s \u00e0 un monde de connaissances et de divertissements \u00e0 des prix imbattables. Nous pensons que tout le monde devrait avoir l&rsquo;occasion de s&rsquo;\u00e9chapper dans un bon livre, c&rsquo;est pourquoi nous offrons des r\u00e9ductions substantielles sur les best-sellers, les classiques et les joyaux cach\u00e9s. Que vous soyez un rat de biblioth\u00e8que chevronn\u00e9 ou un bibliophile en herbe, vous trouverez quelque chose \u00e0 aimer dans notre collection diversifi\u00e9e. Avec des r\u00e9ductions au compr\u00e9hension, la lecture n&rsquo;est pas seulement un passe-temps &#8211; c&rsquo;est un style de vie. Explorez, apprenez et \u00e9conomisez avec nous aujourd&rsquo;hui!<\/p>\n","protected":false},"featured_media":143276,"comment_status":"open","ping_status":"open","template":"","meta":[],"product_brand":[2435],"product_cat":[1207,1181,1186],"product_tag":[1231],"class_list":{"0":"post-121046","1":"product","2":"type-product","3":"status-publish","4":"has-post-thumbnail","6":"product_brand-codecanyon","7":"product_cat-commercialisation-wordpress-plugins","8":"product_cat-plugins","9":"product_cat-wordpress-plugins","10":"product_tag-codecanyon","11":"member-discount","12":"discount-restricted","14":"first","15":"instock","16":"sale","17":"downloadable","18":"virtual","19":"sold-individually","20":"purchasable","21":"product-type-simple"},"_links":{"self":[{"href":"https:\/\/gpl-love.com\/fr\/wp-json\/wp\/v2\/product\/121046","targetHints":{"allow":["GET"]}}],"collection":[{"href":"https:\/\/gpl-love.com\/fr\/wp-json\/wp\/v2\/product"}],"about":[{"href":"https:\/\/gpl-love.com\/fr\/wp-json\/wp\/v2\/types\/product"}],"replies":[{"embeddable":true,"href":"https:\/\/gpl-love.com\/fr\/wp-json\/wp\/v2\/comments?post=121046"}],"wp:featuredmedia":[{"embeddable":true,"href":"https:\/\/gpl-love.com\/fr\/wp-json\/wp\/v2\/media\/143276"}],"wp:attachment":[{"href":"https:\/\/gpl-love.com\/fr\/wp-json\/wp\/v2\/media?parent=121046"}],"wp:term":[{"taxonomy":"product_brand","embeddable":true,"href":"https:\/\/gpl-love.com\/fr\/wp-json\/wp\/v2\/product_brand?post=121046"},{"taxonomy":"product_cat","embeddable":true,"href":"https:\/\/gpl-love.com\/fr\/wp-json\/wp\/v2\/product_cat?post=121046"},{"taxonomy":"product_tag","embeddable":true,"href":"https:\/\/gpl-love.com\/fr\/wp-json\/wp\/v2\/product_tag?post=121046"}],"curies":[{"name":"wp","href":"https:\/\/api.w.org\/{rel}","templated":true}]}}