{"id":121044,"date":"2025-11-14T00:00:00","date_gmt":"2025-11-13T23:00:00","guid":{"rendered":"https:\/\/gpl-love.com\/fr\/produit\/bookly-advanced-google-calendar\/"},"modified":"2026-03-20T22:56:40","modified_gmt":"2026-03-20T21:56:40","slug":"bookly-advanced-google-calendar","status":"publish","type":"product","link":"https:\/\/gpl-love.com\/fr\/produit\/bookly-advanced-google-calendar\/","title":{"rendered":"Bookly Advanced Google Calendar 3.0"},"content":{"rendered":"<h3>Bookly Advanced Google Calendar Traits<\/h3>\n<p>Bookly Advanced Google Calendar est une solution exceptionnelle qui offre une facilit\u00e9 in\u00e9gal\u00e9e dans la gestion des rendez-vous et des horaires. Avec son int\u00e9gration transparente avec Google Calendar, ce plugin permet aux utilisateurs de cr\u00e9er sans effort des \u00e9v\u00e9nements, de g\u00e9rer efficacement les rendez-vous et de planifier facilement les r\u00e9unions. Ses capacit\u00e9s remarquables, telles que le support multi-emplacements, la personnalisation des champs et la fourniture de rappels de nomination, en font un choix id\u00e9al pour les entreprises de toute ampleur. Ce plugin a \u00e9t\u00e9 soigneusement d\u00e9velopp\u00e9 pour optimiser votre temps et vos ressources en rationalisant le processus de planification, vous permettant de hi\u00e9rarchiser l&rsquo;aspect le plus crucial de vos op\u00e9rations &#8211; la croissance de votre entreprise. Que vous soyez propri\u00e9taire d&rsquo;une entreprise \u00e0 petite \u00e9chelle ou d&rsquo;un acteur cl\u00e9 dans une grande entreprise, le calendrier Google Advanced Bookly se pr\u00e9sente comme l&rsquo;instrument ultime pour harmoniser votre calendrier et simplifier votre vie.<\/p>\n<ul>\n<li>Connectez vos rendez-vous directement directement \u00e0 votre calendrier Google<\/li>\n<li>Options de synchronisation personnalisables pour r\u00e9pondre \u00e0 vos besoins de planification uniques<\/li>\n<li>Mises \u00e0 jour automatiques pour les modifications de vos rendez-vous en ligne en temps r\u00e9el<\/li>\n<li>Affecter Bookly Services et les membres du personnel \u00e0 des \u00e9v\u00e9nements de calendrier Google sp\u00e9cifiques<\/li>\n<li>Possibilit\u00e9 de reprogrammer ou d&rsquo;annuler les rendez-vous directement directement \u00e0 partir de votre interface Google Calendar<\/li>\n<li>Efficacit\u00e9 accrue et organisation pour votre processus de r\u00e9servation<\/li>\n<li>Int\u00e9gration facile avec votre compte Bookly existant et Google Calendar<\/li>\n<li>Interface conviviale pour la navigation et le fonctionnement sans couture<\/li>\n<li>Transfert de donn\u00e9es fiable et s\u00e9curis\u00e9 pour prot\u00e9ger vos informations de rendez-vous sensibles.<\/li>\n<\/ul>\n","protected":false},"excerpt":{"rendered":"<p>D\u00e9couvrez la planification transparente avec le calendrier Google Advanced Bookly Advanced. Cet outil a \u00e9t\u00e9 con\u00e7u pour rationaliser vos t\u00e2ches de planification, \u00e9liminant la confusion et am\u00e9liorant la productivit\u00e9. Ses fonctionnalit\u00e9s cl\u00e9s incluent une synchronisation facile avec Google Calendar, des rappels automatis\u00e9s et une interface conviviale qui permet \u00e0 toute personne de l&rsquo;utiliser. Avec Bookly Advanced Google Calendar, vous pouvez facilement g\u00e9rer et suivre vos rendez-vous, en vous assurant de ne jamais manquer une r\u00e9union ou un \u00e9v\u00e9nement important. De plus, il offre un formulaire de r\u00e9servation personnalisable, ce qui en fait un ajustement parfait pour toute entreprise. Profitez des avantages d&rsquo;une planification efficace et d&rsquo;une organisation am\u00e9lior\u00e9e avec un calendrier Google avanc\u00e9 par Bookly.<\/p>\n","protected":false},"featured_media":143267,"comment_status":"open","ping_status":"open","template":"","meta":[],"product_brand":[2435],"product_cat":[1189,1181,1186],"product_tag":[1231],"class_list":{"0":"post-121044","1":"product","2":"type-product","3":"status-publish","4":"has-post-thumbnail","6":"product_brand-codecanyon","7":"product_cat-personnalisation","8":"product_cat-plugins","9":"product_cat-wordpress-plugins","10":"product_tag-codecanyon","11":"member-discount","12":"discount-restricted","14":"first","15":"instock","16":"sale","17":"downloadable","18":"virtual","19":"sold-individually","20":"purchasable","21":"product-type-simple"},"_links":{"self":[{"href":"https:\/\/gpl-love.com\/fr\/wp-json\/wp\/v2\/product\/121044","targetHints":{"allow":["GET"]}}],"collection":[{"href":"https:\/\/gpl-love.com\/fr\/wp-json\/wp\/v2\/product"}],"about":[{"href":"https:\/\/gpl-love.com\/fr\/wp-json\/wp\/v2\/types\/product"}],"replies":[{"embeddable":true,"href":"https:\/\/gpl-love.com\/fr\/wp-json\/wp\/v2\/comments?post=121044"}],"wp:featuredmedia":[{"embeddable":true,"href":"https:\/\/gpl-love.com\/fr\/wp-json\/wp\/v2\/media\/143267"}],"wp:attachment":[{"href":"https:\/\/gpl-love.com\/fr\/wp-json\/wp\/v2\/media?parent=121044"}],"wp:term":[{"taxonomy":"product_brand","embeddable":true,"href":"https:\/\/gpl-love.com\/fr\/wp-json\/wp\/v2\/product_brand?post=121044"},{"taxonomy":"product_cat","embeddable":true,"href":"https:\/\/gpl-love.com\/fr\/wp-json\/wp\/v2\/product_cat?post=121044"},{"taxonomy":"product_tag","embeddable":true,"href":"https:\/\/gpl-love.com\/fr\/wp-json\/wp\/v2\/product_tag?post=121044"}],"curies":[{"name":"wp","href":"https:\/\/api.w.org\/{rel}","templated":true}]}}