{"id":121040,"date":"2023-11-23T00:00:00","date_gmt":"2023-11-22T23:00:00","guid":{"rendered":"https:\/\/gpl-love.com\/fr\/produit\/zuperla-creative-multi-purpose-wordpress-theme\/"},"modified":"2026-03-20T23:54:55","modified_gmt":"2026-03-20T22:54:55","slug":"zuperla-creative-multi-purpose-wordpress-theme","status":"publish","type":"product","link":"https:\/\/gpl-love.com\/fr\/produit\/zuperla-creative-multi-purpose-wordpress-theme\/","title":{"rendered":"Zuperla Creative Multi-Purpose WordPress Theme 2.5.0"},"content":{"rendered":"<h3>Zuperla Creative Multi-Purpose WordPress Theme Traits<\/h3>\n<p>Zuperla, un th\u00e8me WordPress tr\u00e8s polyvalent et dynamiquement adaptable, r\u00e9pond aux besoins et aux d\u00e9sirs des entreprises et des individus aspirant \u00e0 \u00e9tablir un site Web impressionnant. Ce th\u00e8me multiforme poss\u00e8de une vaste gamme d&rsquo;options de personnalisation, permettant ainsi aux utilisateurs de personnaliser sans effort leur site Web pour s&rsquo;aligner sur leur style et leur marque distinctifs. Avec sa conception r\u00e9active et sa pl\u00e9thore de dispositions de d\u00e9monstration, Zuperla s&rsquo;av\u00e8re \u00eatre la quintessence de l&rsquo;excellence lorsqu&rsquo;il s&rsquo;agit d&rsquo;\u00e9laborer diverses plateformes en ligne, allant des sites Web d&rsquo;entreprise aux portefeuilles en ligne et aux magasins de commerce \u00e9lectronique. En outre, ce th\u00e8me int\u00e8gre un assortiment de fonctionnalit\u00e9s avanc\u00e9es telles que les constructeurs de pages glisser-d\u00e9poser, les widgets personnalisables et un puissant panneau administratif, qui facilitent collectivement la gestion de sites Web transparente. Que vous ayez une expertise au niveau novice ou que vous soyez un d\u00e9veloppeur chevronn\u00e9, Zuperla \u00e9merge sans aucun doute le premier choix pour construire un site Web esth\u00e9tique et extr\u00eamement fonctionnel.<\/p>\n<ul>\n<li>Th\u00e8me WordPress hautement personnalisable adapt\u00e9 \u00e0 une vari\u00e9t\u00e9 d&rsquo;applications<\/li>\n<li>Livr\u00e9 avec plus de 20 d\u00e9mos pr\u00e9-construites parmi lesquelles choisir, ce qui permet aux utilisateurs le temps et les efforts de recommencer \u00e0 z\u00e9ro<\/li>\n<li>Construit sur le cadre de bootstrap populaire et fiable, assurant une compatibilit\u00e9 et une int\u00e9gration facile avec des outils et des plugins tiers<\/li>\n<li>Propose une conception r\u00e9active qui s&rsquo;adapte de mani\u00e8re transparente \u00e0 diff\u00e9rents appareils et tailles d&rsquo;\u00e9cran pour une exp\u00e9rience utilisateur optimale<\/li>\n<li>Comprend des outils de g\u00e9n\u00e9ration de page glisser-d\u00e9poser qui permettent aux utilisateurs de cr\u00e9er des dispositions de page personnalis\u00e9es facilement et rapidement<\/li>\n<li>Livr\u00e9 avec une suite de fonctionnalit\u00e9s puissantes, y compris des outils d&rsquo;optimisation SEO, des options de personnalisation avanc\u00e9es et des choix de couleurs illimit\u00e9s<\/li>\n<li>Fournit un excellent support client et des mises \u00e0 jour en cours pour assurer des performances et une convivialit\u00e9 optimales<\/li>\n<li>Id\u00e9al pour les entreprises, les cr\u00e9atifs et les personnes qui cherchent \u00e0 cr\u00e9er un site Web professionnel et visuellement \u00e9tonnant sans connaissances ou expertise de codage approfondies.<\/li>\n<\/ul>\n","protected":false},"excerpt":{"rendered":"<p>Le th\u00e8me WordPress polyvalent cr\u00e9atif Zuperla est un instrument remarquablement adaptable et robuste pour fabriquer des sites Web \u00e0 couper le souffle, rempli d&rsquo;une myriade de fonctionnalit\u00e9s. Arm\u00e9s de son vaste assemblage de mod\u00e8les pr\u00e9-con\u00e7us et de son constructeur de pages glisser-d\u00e9poser intuitif, m\u00eame les utilisateurs d\u00e9pourvus de codage peuvent adapter sans effort leur site Web \u00e0 leurs sp\u00e9cifications pr\u00e9cises. Que ce soit une entreprise commerciale, un portefeuille ou un blog, ce th\u00e8me comprend tous les attributs n\u00e9cessaires pour un site Web de Global Eminence, englobant la conception r\u00e9active, l&rsquo;optimisation des moteurs de recherche, l&rsquo;int\u00e9gration transparente avec WooCommerce et une pl\u00e9thore d&rsquo;autres fonctionnalit\u00e9s remarquables. Les possibilit\u00e9s illimit\u00e9es offertes par Zuperla sont vraiment impressionnantes!<\/p>\n","protected":false},"featured_media":146495,"comment_status":"open","ping_status":"open","template":"","meta":[],"product_brand":[2433],"product_cat":[1242,1212,1213],"product_tag":[1366],"class_list":{"0":"post-121040","1":"product","2":"type-product","3":"status-publish","4":"has-post-thumbnail","6":"product_brand-themeforest","7":"product_cat-creatif","8":"product_cat-themes","9":"product_cat-wordpress-themes","10":"product_tag-themeforest","11":"member-discount","12":"discount-restricted","14":"first","15":"instock","16":"sale","17":"downloadable","18":"virtual","19":"sold-individually","20":"purchasable","21":"product-type-simple"},"_links":{"self":[{"href":"https:\/\/gpl-love.com\/fr\/wp-json\/wp\/v2\/product\/121040","targetHints":{"allow":["GET"]}}],"collection":[{"href":"https:\/\/gpl-love.com\/fr\/wp-json\/wp\/v2\/product"}],"about":[{"href":"https:\/\/gpl-love.com\/fr\/wp-json\/wp\/v2\/types\/product"}],"replies":[{"embeddable":true,"href":"https:\/\/gpl-love.com\/fr\/wp-json\/wp\/v2\/comments?post=121040"}],"wp:featuredmedia":[{"embeddable":true,"href":"https:\/\/gpl-love.com\/fr\/wp-json\/wp\/v2\/media\/146495"}],"wp:attachment":[{"href":"https:\/\/gpl-love.com\/fr\/wp-json\/wp\/v2\/media?parent=121040"}],"wp:term":[{"taxonomy":"product_brand","embeddable":true,"href":"https:\/\/gpl-love.com\/fr\/wp-json\/wp\/v2\/product_brand?post=121040"},{"taxonomy":"product_cat","embeddable":true,"href":"https:\/\/gpl-love.com\/fr\/wp-json\/wp\/v2\/product_cat?post=121040"},{"taxonomy":"product_tag","embeddable":true,"href":"https:\/\/gpl-love.com\/fr\/wp-json\/wp\/v2\/product_tag?post=121040"}],"curies":[{"name":"wp","href":"https:\/\/api.w.org\/{rel}","templated":true}]}}